{"id":4217,"date":"2022-12-23T15:26:19","date_gmt":"2022-12-23T14:26:19","guid":{"rendered":"https:\/\/www.spasixhours.com\/?page_id=4217"},"modified":"2025-04-10T00:16:38","modified_gmt":"2025-04-09T22:16:38","slug":"foires-aux-questions","status":"publish","type":"page","link":"https:\/\/www.spasixhours.com\/de\/foires-aux-questions\/","title":{"rendered":"H\u00c4UFIG GESTELLTE FRAGEN"},"content":{"rendered":"<div data-elementor-type=\"wp-page\" data-elementor-id=\"4217\" class=\"elementor elementor-4217\" data-elementor-post-type=\"page\">\n\t\t\t\t\t\t<section class=\"elementor-section elementor-top-section elementor-element elementor-element-04cccfc elementor-section-full_width elementor-section-height-min-height elementor-section-stretched elementor-section-content-bottom elementor-section-height-default elementor-section-items-middle\" data-id=\"04cccfc\" data-element_type=\"section\" data-e-type=\"section\" data-settings=\"{&quot;stretch_section&quot;:&quot;section-stretched&quot;,&quot;background_background&quot;:&quot;classic&quot;}\">\n\t\t\t\t\t\t\t<div class=\"elementor-background-overlay\"><\/div>\n\t\t\t\t\t\t\t<div class=\"elementor-container elementor-column-gap-extended\">\n\t\t\t\t\t<div class=\"elementor-column elementor-col-100 elementor-top-column elementor-element elementor-element-1314038e\" data-id=\"1314038e\" data-element_type=\"column\" data-e-type=\"column\" data-settings=\"{&quot;background_background&quot;:&quot;slideshow&quot;,&quot;background_slideshow_gallery&quot;:[],&quot;background_slideshow_loop&quot;:&quot;yes&quot;,&quot;background_slideshow_slide_duration&quot;:5000,&quot;background_slideshow_slide_transition&quot;:&quot;fade&quot;,&quot;background_slideshow_transition_duration&quot;:500}\">\n\t\t\t<div class=\"elementor-widget-wrap\">\n\t\t\t\t\t\t\t<\/div>\n\t\t<\/div>\n\t\t\t\t\t<\/div>\n\t\t<\/section>\n\t\t\t\t<section class=\"elementor-section elementor-top-section elementor-element elementor-element-0e000de elementor-section-full_width elementor-section-height-min-height elementor-section-stretched elementor-section-content-bottom elementor-section-height-default elementor-section-items-middle\" data-id=\"0e000de\" data-element_type=\"section\" data-e-type=\"section\" data-settings=\"{&quot;stretch_section&quot;:&quot;section-stretched&quot;,&quot;background_background&quot;:&quot;classic&quot;}\">\n\t\t\t\t\t\t\t<div class=\"elementor-background-overlay\"><\/div>\n\t\t\t\t\t\t\t<div class=\"elementor-container elementor-column-gap-extended\">\n\t\t\t\t\t<div class=\"elementor-column elementor-col-100 elementor-top-column elementor-element elementor-element-1679475\" data-id=\"1679475\" data-element_type=\"column\" data-e-type=\"column\" data-settings=\"{&quot;background_background&quot;:&quot;slideshow&quot;,&quot;background_slideshow_gallery&quot;:[],&quot;background_slideshow_loop&quot;:&quot;yes&quot;,&quot;background_slideshow_slide_duration&quot;:5000,&quot;background_slideshow_slide_transition&quot;:&quot;fade&quot;,&quot;background_slideshow_transition_duration&quot;:500}\">\n\t\t\t<div class=\"elementor-widget-wrap elementor-element-populated\">\n\t\t\t\t\t\t<div class=\"elementor-element elementor-element-0af72a2 elementor-invisible elementor-widget elementor-widget-heading\" data-id=\"0af72a2\" data-element_type=\"widget\" data-e-type=\"widget\" data-settings=\"{&quot;_animation&quot;:&quot;fadeInDown&quot;,&quot;_animation_delay&quot;:400}\" data-widget_type=\"heading.default\">\n\t\t\t\t<div class=\"elementor-widget-container\">\n\t\t\t\t\t<h4 class=\"elementor-heading-title elementor-size-default\">H\u00c4UFIG GESTELLTE FRAGEN<\/h4>\t\t\t\t<\/div>\n\t\t\t\t<\/div>\n\t\t\t\t\t<\/div>\n\t\t<\/div>\n\t\t\t\t\t<\/div>\n\t\t<\/section>\n\t\t\t\t<section class=\"elementor-section elementor-top-section elementor-element elementor-element-534897d elementor-section-full_width elementor-section-stretched elementor-section-content-middle elementor-section-height-default elementor-section-height-default\" data-id=\"534897d\" data-element_type=\"section\" data-e-type=\"section\" data-settings=\"{&quot;stretch_section&quot;:&quot;section-stretched&quot;}\">\n\t\t\t\t\t\t<div class=\"elementor-container elementor-column-gap-extended\">\n\t\t\t\t\t<div class=\"elementor-column elementor-col-100 elementor-top-column elementor-element elementor-element-8791d09\" data-id=\"8791d09\" data-element_type=\"column\" data-e-type=\"column\">\n\t\t\t<div class=\"elementor-widget-wrap elementor-element-populated\">\n\t\t\t\t\t\t<div class=\"elementor-element elementor-element-2bf85c5 elementor-widget elementor-widget-accordion\" data-id=\"2bf85c5\" data-element_type=\"widget\" data-e-type=\"widget\" data-widget_type=\"accordion.default\">\n\t\t\t\t<div class=\"elementor-widget-container\">\n\t\t\t\t\t\t\t<div class=\"elementor-accordion\">\n\t\t\t\t\t\t\t<div class=\"elementor-accordion-item\">\n\t\t\t\t\t<div id=\"elementor-tab-title-4611\" class=\"elementor-tab-title\" data-tab=\"1\" role=\"button\" aria-controls=\"elementor-tab-content-4611\" aria-expanded=\"false\">\n\t\t\t\t\t\t\t\t\t\t\t\t\t<span class=\"elementor-accordion-icon elementor-accordion-icon-right\" aria-hidden=\"true\">\n\t\t\t\t\t\t\t\t\t\t\t\t\t\t\t<span class=\"elementor-accordion-icon-closed\"><i class=\"fas fa-caret-down\"><\/i><\/span>\n\t\t\t\t\t\t\t\t<span class=\"elementor-accordion-icon-opened\"><i class=\"fas fa-minus\"><\/i><\/span>\n\t\t\t\t\t\t\t\t\t\t\t\t\t\t<\/span>\n\t\t\t\t\t\t\t\t\t\t\t\t<a class=\"elementor-accordion-title\" tabindex=\"0\">Acc\u00e8s au circuit<\/a>\n\t\t\t\t\t<\/div>\n\t\t\t\t\t<div id=\"elementor-tab-content-4611\" class=\"elementor-tab-content elementor-clearfix\" data-tab=\"1\" role=\"region\" aria-labelledby=\"elementor-tab-title-4611\"><p class=\"p1\"><span class=\"s1\">L\u2019acc\u00e8s au circuit est autoris\u00e9 \u00e0 toute personne ayant une entr\u00e9e valide et donne droit :<span class=\"Apple-converted-space\">\u00a0<\/span><\/span><\/p><p class=\"p1\"><span class=\"s1\">\u2022 \u00e0 l\u2019entr\u00e9e g\u00e9n\u00e9rale du circuit<\/span><\/p><p class=\"p1\"><span class=\"s1\">\u2022 aux tribunes<\/span><\/p><p class=\"p1\"><span class=\"s1\">\u2022 aux paddocks \u00e0 l\u2019int\u00e9rieur du circuit<\/span><\/p><\/div>\n\t\t\t\t<\/div>\n\t\t\t\t\t\t\t<div class=\"elementor-accordion-item\">\n\t\t\t\t\t<div id=\"elementor-tab-title-4612\" class=\"elementor-tab-title\" data-tab=\"2\" role=\"button\" aria-controls=\"elementor-tab-content-4612\" aria-expanded=\"false\">\n\t\t\t\t\t\t\t\t\t\t\t\t\t<span class=\"elementor-accordion-icon elementor-accordion-icon-right\" aria-hidden=\"true\">\n\t\t\t\t\t\t\t\t\t\t\t\t\t\t\t<span class=\"elementor-accordion-icon-closed\"><i class=\"fas fa-caret-down\"><\/i><\/span>\n\t\t\t\t\t\t\t\t<span class=\"elementor-accordion-icon-opened\"><i class=\"fas fa-minus\"><\/i><\/span>\n\t\t\t\t\t\t\t\t\t\t\t\t\t\t<\/span>\n\t\t\t\t\t\t\t\t\t\t\t\t<a class=\"elementor-accordion-title\" tabindex=\"0\">ERLAUBTE UND VERBOTENE GEGENST\u00c4NDE<\/a>\n\t\t\t\t\t<\/div>\n\t\t\t\t\t<div id=\"elementor-tab-content-4612\" class=\"elementor-tab-content elementor-clearfix\" data-tab=\"2\" role=\"region\" aria-labelledby=\"elementor-tab-title-4612\"><p style=\"font-weight: 400;\">Rauchen ist in den Geb\u00e4uden und VIP-Bereichen sowie in der Boxengasse und den Garagen verboten. Drau\u00dfen stehen ausgewiesene Raucherbereiche zur Verf\u00fcgung.<\/p><p class=\"translation-block\"><strong>Erlaubte<\/strong> Gegenst\u00e4nde auf der gesamten Strecke:<\/p><ul><li>Kameras und Fotoapparate (Bilder nur f\u00fcr den pers\u00f6nlichen Gebrauch) ;<\/li><li>Verpflegung (nur f\u00fcr Ihren pers\u00f6nlichen Verbrauch) ;<\/li><li>Klappst\u00fchle ;<\/li><li>Kinderwagen, Gehhilfen und Rollst\u00fchle.<\/li><\/ul><p>\u00a0<\/p><p class=\"translation-block\"><strong>Verbotene<\/strong> Gegenst\u00e4nde auf der gesamten Strecke:<\/p><ul><li>Leitern\/Stehleitern ;<\/li><li>Gegenst\u00e4nde aus Glas ;<\/li><li>Schusswaffen, Hieb- und Stichwaffen und andere gef\u00e4hrliche Gegenst\u00e4nde ;<\/li><li>Sonnenschirme und andere Strukturen, die die Sicht der Zuschauer behindern und\/oder ihre Sicherheit gef\u00e4hrden k\u00f6nnten;<\/li><li>Der Verkauf von Produkten ohne Genehmigung;<\/li><li>Jegliche unerlaubte Werbung.<\/li><\/ul><p>\u00a0<\/p><\/div>\n\t\t\t\t<\/div>\n\t\t\t\t\t\t\t<div class=\"elementor-accordion-item\">\n\t\t\t\t\t<div id=\"elementor-tab-title-4613\" class=\"elementor-tab-title\" data-tab=\"3\" role=\"button\" aria-controls=\"elementor-tab-content-4613\" aria-expanded=\"false\">\n\t\t\t\t\t\t\t\t\t\t\t\t\t<span class=\"elementor-accordion-icon elementor-accordion-icon-right\" aria-hidden=\"true\">\n\t\t\t\t\t\t\t\t\t\t\t\t\t\t\t<span class=\"elementor-accordion-icon-closed\"><i class=\"fas fa-caret-down\"><\/i><\/span>\n\t\t\t\t\t\t\t\t<span class=\"elementor-accordion-icon-opened\"><i class=\"fas fa-minus\"><\/i><\/span>\n\t\t\t\t\t\t\t\t\t\t\t\t\t\t<\/span>\n\t\t\t\t\t\t\t\t\t\t\t\t<a class=\"elementor-accordion-title\" tabindex=\"0\">HAUSTIERE<\/a>\n\t\t\t\t\t<\/div>\n\t\t\t\t\t<div id=\"elementor-tab-content-4613\" class=\"elementor-tab-content elementor-clearfix\" data-tab=\"3\" role=\"region\" aria-labelledby=\"elementor-tab-title-4613\"><p class=\"p1\"><span class=\"s1\">Blindenhunde und Begleithunde f\u00fcr Menschen mit Behinderungen sind auf dem Gel\u00e4nde der Rennstrecke (Paddocks) erlaubt und herzlich willkommen.<\/span><\/p><p class=\"p1\"><span class=\"s1\">Haustiere werden toleriert, m\u00fcssen aber st\u00e4ndig an der Leine gehalten werden.<\/span><\/p><p class=\"p1\"><span class=\"s1\">Denken Sie daran, dass es auf der Rennstrecke laut ist, st\u00e4ndig Hektik herrscht und Fahrzeuge permanent in Bewegung sind. Es herrscht also eine Umgebung, in der sich Haustiere nicht besonders wohl f\u00fchlen werden.<\/span><\/p><\/div>\n\t\t\t\t<\/div>\n\t\t\t\t\t\t\t<div class=\"elementor-accordion-item\">\n\t\t\t\t\t<div id=\"elementor-tab-title-4614\" class=\"elementor-tab-title\" data-tab=\"4\" role=\"button\" aria-controls=\"elementor-tab-content-4614\" aria-expanded=\"false\">\n\t\t\t\t\t\t\t\t\t\t\t\t\t<span class=\"elementor-accordion-icon elementor-accordion-icon-right\" aria-hidden=\"true\">\n\t\t\t\t\t\t\t\t\t\t\t\t\t\t\t<span class=\"elementor-accordion-icon-closed\"><i class=\"fas fa-caret-down\"><\/i><\/span>\n\t\t\t\t\t\t\t\t<span class=\"elementor-accordion-icon-opened\"><i class=\"fas fa-minus\"><\/i><\/span>\n\t\t\t\t\t\t\t\t\t\t\t\t\t\t<\/span>\n\t\t\t\t\t\t\t\t\t\t\t\t<a class=\"elementor-accordion-title\" tabindex=\"0\">F\u00dcR BESUCHER KEINE MOTORISIERTEN FAHRZEUGE IN DEN PADDOCKS<\/a>\n\t\t\t\t\t<\/div>\n\t\t\t\t\t<div id=\"elementor-tab-content-4614\" class=\"elementor-tab-content elementor-clearfix\" data-tab=\"4\" role=\"region\" aria-labelledby=\"elementor-tab-title-4614\"><p class=\"p1 translation-block\">F\u00fcr Besucher: Motorroller und Mopeds (mit und ohne Zulassung), Minimotorr\u00e4der, Golfwagen oder \u00e4hnliche motorisierte Fahrzeuge sind NICHT erlaubt, weder in den Paddocks noch auf dem Gel\u00e4nde der Rennstrecke.<\/p><p class=\"p1\"><span class=\"s1\">Fahrr\u00e4der sind zur Fortbewegung innerhalb der Paddocks und auf dem Gel\u00e4nde erlaubt. Bitte vorsichtig fahren, mit reduzierter Geschwindigkeit und unter besonderer R\u00fccksichtnahme auf u\u00dfg\u00e4nger (die Vorrang haben) sowie auf alle Aktivit\u00e4ten in den Paddocks. Das Tragen eines Helms ist verpflichtend.<\/span><\/p><p class=\"p1\"><span class=\"s1\">Der Organisator Roadbook \u00fcbernimmt im Falle von Zwischenf\u00e4llen keine Haftung. Wer ein Fahrrad benutzt, bewegt sich auf eigene Gefahr und muss sich selbst versichern.<\/span><\/p><\/div>\n\t\t\t\t<\/div>\n\t\t\t\t\t\t\t<div class=\"elementor-accordion-item\">\n\t\t\t\t\t<div id=\"elementor-tab-title-4615\" class=\"elementor-tab-title\" data-tab=\"5\" role=\"button\" aria-controls=\"elementor-tab-content-4615\" aria-expanded=\"false\">\n\t\t\t\t\t\t\t\t\t\t\t\t\t<span class=\"elementor-accordion-icon elementor-accordion-icon-right\" aria-hidden=\"true\">\n\t\t\t\t\t\t\t\t\t\t\t\t\t\t\t<span class=\"elementor-accordion-icon-closed\"><i class=\"fas fa-caret-down\"><\/i><\/span>\n\t\t\t\t\t\t\t\t<span class=\"elementor-accordion-icon-opened\"><i class=\"fas fa-minus\"><\/i><\/span>\n\t\t\t\t\t\t\t\t\t\t\t\t\t\t<\/span>\n\t\t\t\t\t\t\t\t\t\t\t\t<a class=\"elementor-accordion-title\" tabindex=\"0\">UNBEMANNTE LUFTFAHRZEUGE UND DROHNEN<\/a>\n\t\t\t\t\t<\/div>\n\t\t\t\t\t<div id=\"elementor-tab-content-4615\" class=\"elementor-tab-content elementor-clearfix\" data-tab=\"5\" role=\"region\" aria-labelledby=\"elementor-tab-title-4615\"><p>Die Nutzung von Drohnen oder anderen unbemannten oder ferngesteuerten Luftfahrzeugen auf dem gesamten Gel\u00e4nde zu jedwedem Zweck wird vom Circuit de Spa-Francorchamps streng reglementiert.<\/p><p>Ohne Erlaubnis sind Dreharbeiten und Aufnahmen mit Drohnen und anderen unbemannten oder ferngesteuerten Luftfahrzeugen STRENGSTENS VERBOTEN.<\/p><p>Nachfolgend finden Sie den \u201eDRONE GUIDE\u201c, der vom Circuit de Spa-Francorchamps herausgegeben wird.<\/p><p>Dieser bietet Ihnen alle relevanten Informationen und insbesondere Verweise auf die belgische Gesetzgebung zu diesem Regelungsgegenstand. Roadbook wird keine Ausnahmen von den Regeln des \u201eDRONE GUIDE\u201c tolerieren und beh\u00e4lt sich das \nRecht vor, gegebenenfalls geeignete rechtliche Schritte gegen Zuwiderhandelnde einzuleiten, unabh\u00e4ngig von etwaigen Verfahren, die vom Circuit de Spa-Francorchamps eingeleitet werden k\u00f6nnten.<\/p><p><a href=\"https:\/\/www.spasixhours.com\/wp-content\/uploads\/2023\/04\/202303-DEF-drone-Francorchamps_FR.pdf\" target=\"_blank\" rel=\"noopener\">\u201eDRONE GUIDE\u201c herunterladen\u00a0<\/a><\/p><\/div>\n\t\t\t\t<\/div>\n\t\t\t\t\t\t\t<div class=\"elementor-accordion-item\">\n\t\t\t\t\t<div id=\"elementor-tab-title-4616\" class=\"elementor-tab-title\" data-tab=\"6\" role=\"button\" aria-controls=\"elementor-tab-content-4616\" aria-expanded=\"false\">\n\t\t\t\t\t\t\t\t\t\t\t\t\t<span class=\"elementor-accordion-icon elementor-accordion-icon-right\" aria-hidden=\"true\">\n\t\t\t\t\t\t\t\t\t\t\t\t\t\t\t<span class=\"elementor-accordion-icon-closed\"><i class=\"fas fa-caret-down\"><\/i><\/span>\n\t\t\t\t\t\t\t\t<span class=\"elementor-accordion-icon-opened\"><i class=\"fas fa-minus\"><\/i><\/span>\n\t\t\t\t\t\t\t\t\t\t\t\t\t\t<\/span>\n\t\t\t\t\t\t\t\t\t\t\t\t<a class=\"elementor-accordion-title\" tabindex=\"0\">KORREKTES VERHALTEN AUF DEN TRIB\u00dcNEN DER RENNSTRECKE<\/a>\n\t\t\t\t\t<\/div>\n\t\t\t\t\t<div id=\"elementor-tab-content-4616\" class=\"elementor-tab-content elementor-clearfix\" data-tab=\"6\" role=\"region\" aria-labelledby=\"elementor-tab-title-4616\"><p>Bitte beachten Sie auf den Trib\u00fcnen die folgenden Punkte:<\/p><ul><li>Es ist verboten, sich auf die Treppen zu den Trib\u00fcnen zu setzen und\/oder diese zu blockieren ;<\/li><li>Banner, Flaggen und anderes Werbematerial sind erlaubt, solange sie nicht die Sicht behindern und\/oder andere Zuschauer st\u00f6ren ;<\/li><li>Es ist verboten, sich mit freiem Oberk\u00f6rper auf den Trib\u00fcnen aufzuhalten ;<\/li><li>Es ist gestattet, Fotos zu machen, vorausgesetzt, dass dadurch andere Zuschauer nicht gest\u00f6rt werden ;<\/li><li>Wir bitten Sie, nicht zu lange zu stehen ;<\/li><li>Die f\u00fcr Personen mit eingeschr\u00e4nkter Mobilit\u00e4t reservierten Pl\u00e4tze m\u00fcssen respektiert werden.<br \/><br \/><\/li><\/ul><\/div>\n\t\t\t\t<\/div>\n\t\t\t\t\t\t\t\t<\/div>\n\t\t\t\t\t\t<\/div>\n\t\t\t\t<\/div>\n\t\t\t\t\t<\/div>\n\t\t<\/div>\n\t\t\t\t\t<\/div>\n\t\t<\/section>\n\t\t\t\t<\/div>","protected":false},"excerpt":{"rendered":"<p>Foires aux Questions Acc\u00e8s au circuit L\u2019acc\u00e8s au circuit est autoris\u00e9 \u00e0 toute personne ayant une entr\u00e9e valide et donne droit :\u00a0 \u2022 \u00e0 l\u2019entr\u00e9e g\u00e9n\u00e9rale du circuit \u2022 aux tribunes \u2022 aux paddocks \u00e0 l\u2019int\u00e9rieur du circuit Objet permis et interdits Il est interdit de fumer dans les b\u00e2timents et espaces VIP, ainsi que [&hellip;]<\/p>\n","protected":false},"author":3,"featured_media":0,"parent":0,"menu_order":0,"comment_status":"closed","ping_status":"closed","template":"","meta":{"footnotes":""},"class_list":["post-4217","page","type-page","status-publish","hentry"],"yoast_head":"<!-- This site is optimized with the Yoast SEO plugin v27.4 - https:\/\/yoast.com\/product\/yoast-seo-wordpress\/ -->\n<title>Foires aux Questions - Spa Six Hours<\/title>\n<meta name=\"robots\" content=\"index, follow, max-snippet:-1, max-image-preview:large, max-video-preview:-1\" \/>\n<link rel=\"canonical\" href=\"https:\/\/www.spasixhours.com\/de\/foires-aux-questions\/\" \/>\n<meta property=\"og:locale\" content=\"de_DE\" \/>\n<meta property=\"og:type\" content=\"article\" \/>\n<meta property=\"og:title\" content=\"Foires aux Questions - Spa Six Hours\" \/>\n<meta property=\"og:description\" content=\"Foires aux Questions Acc\u00e8s au circuit L\u2019acc\u00e8s au circuit est autoris\u00e9 \u00e0 toute personne ayant une entr\u00e9e valide et donne droit :\u00a0 \u2022 \u00e0 l\u2019entr\u00e9e g\u00e9n\u00e9rale du circuit \u2022 aux tribunes \u2022 aux paddocks \u00e0 l\u2019int\u00e9rieur du circuit Objet permis et interdits Il est interdit de fumer dans les b\u00e2timents et espaces VIP, ainsi que [&hellip;]\" \/>\n<meta property=\"og:url\" content=\"https:\/\/www.spasixhours.com\/de\/foires-aux-questions\/\" \/>\n<meta property=\"og:site_name\" content=\"Spa Six Hours\" \/>\n<meta property=\"article:modified_time\" content=\"2025-04-09T22:16:38+00:00\" \/>\n<meta name=\"twitter:card\" content=\"summary_large_image\" \/>\n<meta name=\"twitter:label1\" content=\"Gesch\u00e4tzte Lesezeit\" \/>\n\t<meta name=\"twitter:data1\" content=\"3\u00a0Minuten\" \/>\n<script type=\"application\/ld+json\" class=\"yoast-schema-graph\">{\"@context\":\"https:\\\/\\\/schema.org\",\"@graph\":[{\"@type\":\"WebPage\",\"@id\":\"https:\\\/\\\/www.spasixhours.com\\\/foires-aux-questions\\\/\",\"url\":\"https:\\\/\\\/www.spasixhours.com\\\/foires-aux-questions\\\/\",\"name\":\"Foires aux Questions - Spa Six Hours\",\"isPartOf\":{\"@id\":\"https:\\\/\\\/www.spasixhours.com\\\/#website\"},\"datePublished\":\"2022-12-23T14:26:19+00:00\",\"dateModified\":\"2025-04-09T22:16:38+00:00\",\"breadcrumb\":{\"@id\":\"https:\\\/\\\/www.spasixhours.com\\\/foires-aux-questions\\\/#breadcrumb\"},\"inLanguage\":\"de\",\"potentialAction\":[{\"@type\":\"ReadAction\",\"target\":[\"https:\\\/\\\/www.spasixhours.com\\\/foires-aux-questions\\\/\"]}]},{\"@type\":\"BreadcrumbList\",\"@id\":\"https:\\\/\\\/www.spasixhours.com\\\/foires-aux-questions\\\/#breadcrumb\",\"itemListElement\":[{\"@type\":\"ListItem\",\"position\":1,\"name\":\"Accueil\",\"item\":\"https:\\\/\\\/www.spasixhours.com\\\/\"},{\"@type\":\"ListItem\",\"position\":2,\"name\":\"Foires aux Questions\"}]},{\"@type\":\"WebSite\",\"@id\":\"https:\\\/\\\/www.spasixhours.com\\\/#website\",\"url\":\"https:\\\/\\\/www.spasixhours.com\\\/\",\"name\":\"Spa Six Hours\",\"description\":\"The Sound of History\",\"publisher\":{\"@id\":\"https:\\\/\\\/www.spasixhours.com\\\/#organization\"},\"potentialAction\":[{\"@type\":\"SearchAction\",\"target\":{\"@type\":\"EntryPoint\",\"urlTemplate\":\"https:\\\/\\\/www.spasixhours.com\\\/?s={search_term_string}\"},\"query-input\":{\"@type\":\"PropertyValueSpecification\",\"valueRequired\":true,\"valueName\":\"search_term_string\"}}],\"inLanguage\":\"de\"},{\"@type\":\"Organization\",\"@id\":\"https:\\\/\\\/www.spasixhours.com\\\/#organization\",\"name\":\"Spa Six Hours\",\"url\":\"https:\\\/\\\/www.spasixhours.com\\\/\",\"logo\":{\"@type\":\"ImageObject\",\"inLanguage\":\"de\",\"@id\":\"https:\\\/\\\/www.spasixhours.com\\\/#\\\/schema\\\/logo\\\/image\\\/\",\"url\":\"https:\\\/\\\/www.spasixhours.com\\\/wp-content\\\/uploads\\\/2022\\\/03\\\/Logo_SpaSixHours-1.png\",\"contentUrl\":\"https:\\\/\\\/www.spasixhours.com\\\/wp-content\\\/uploads\\\/2022\\\/03\\\/Logo_SpaSixHours-1.png\",\"width\":333,\"height\":144,\"caption\":\"Spa Six Hours\"},\"image\":{\"@id\":\"https:\\\/\\\/www.spasixhours.com\\\/#\\\/schema\\\/logo\\\/image\\\/\"}}]}<\/script>\n<!-- \/ Yoast SEO plugin. -->","yoast_head_json":{"title":"Foires aux Questions - Spa Six Hours","robots":{"index":"index","follow":"follow","max-snippet":"max-snippet:-1","max-image-preview":"max-image-preview:large","max-video-preview":"max-video-preview:-1"},"canonical":"https:\/\/www.spasixhours.com\/de\/foires-aux-questions\/","og_locale":"de_DE","og_type":"article","og_title":"Foires aux Questions - Spa Six Hours","og_description":"Foires aux Questions Acc\u00e8s au circuit L\u2019acc\u00e8s au circuit est autoris\u00e9 \u00e0 toute personne ayant une entr\u00e9e valide et donne droit :\u00a0 \u2022 \u00e0 l\u2019entr\u00e9e g\u00e9n\u00e9rale du circuit \u2022 aux tribunes \u2022 aux paddocks \u00e0 l\u2019int\u00e9rieur du circuit Objet permis et interdits Il est interdit de fumer dans les b\u00e2timents et espaces VIP, ainsi que [&hellip;]","og_url":"https:\/\/www.spasixhours.com\/de\/foires-aux-questions\/","og_site_name":"Spa Six Hours","article_modified_time":"2025-04-09T22:16:38+00:00","twitter_card":"summary_large_image","twitter_misc":{"Gesch\u00e4tzte Lesezeit":"3\u00a0Minuten"},"schema":{"@context":"https:\/\/schema.org","@graph":[{"@type":"WebPage","@id":"https:\/\/www.spasixhours.com\/foires-aux-questions\/","url":"https:\/\/www.spasixhours.com\/foires-aux-questions\/","name":"Foires aux Questions - Spa Six Hours","isPartOf":{"@id":"https:\/\/www.spasixhours.com\/#website"},"datePublished":"2022-12-23T14:26:19+00:00","dateModified":"2025-04-09T22:16:38+00:00","breadcrumb":{"@id":"https:\/\/www.spasixhours.com\/foires-aux-questions\/#breadcrumb"},"inLanguage":"de","potentialAction":[{"@type":"ReadAction","target":["https:\/\/www.spasixhours.com\/foires-aux-questions\/"]}]},{"@type":"BreadcrumbList","@id":"https:\/\/www.spasixhours.com\/foires-aux-questions\/#breadcrumb","itemListElement":[{"@type":"ListItem","position":1,"name":"Accueil","item":"https:\/\/www.spasixhours.com\/"},{"@type":"ListItem","position":2,"name":"Foires aux Questions"}]},{"@type":"WebSite","@id":"https:\/\/www.spasixhours.com\/#website","url":"https:\/\/www.spasixhours.com\/","name":"Farben der exklusiven Textilkollektion","description":"der Sound of History","publisher":{"@id":"https:\/\/www.spasixhours.com\/#organization"},"potentialAction":[{"@type":"SearchAction","target":{"@type":"EntryPoint","urlTemplate":"https:\/\/www.spasixhours.com\/?s={search_term_string}"},"query-input":{"@type":"PropertyValueSpecification","valueRequired":true,"valueName":"search_term_string"}}],"inLanguage":"de"},{"@type":"Organization","@id":"https:\/\/www.spasixhours.com\/#organization","name":"Farben der exklusiven Textilkollektion","url":"https:\/\/www.spasixhours.com\/","logo":{"@type":"ImageObject","inLanguage":"de","@id":"https:\/\/www.spasixhours.com\/#\/schema\/logo\/image\/","url":"https:\/\/www.spasixhours.com\/wp-content\/uploads\/2022\/03\/Logo_SpaSixHours-1.png","contentUrl":"https:\/\/www.spasixhours.com\/wp-content\/uploads\/2022\/03\/Logo_SpaSixHours-1.png","width":333,"height":144,"caption":"Spa Six Hours"},"image":{"@id":"https:\/\/www.spasixhours.com\/#\/schema\/logo\/image\/"}}]}},"_links":{"self":[{"href":"https:\/\/www.spasixhours.com\/de\/wp-json\/wp\/v2\/pages\/4217","targetHints":{"allow":["GET"]}}],"collection":[{"href":"https:\/\/www.spasixhours.com\/de\/wp-json\/wp\/v2\/pages"}],"about":[{"href":"https:\/\/www.spasixhours.com\/de\/wp-json\/wp\/v2\/types\/page"}],"author":[{"embeddable":true,"href":"https:\/\/www.spasixhours.com\/de\/wp-json\/wp\/v2\/users\/3"}],"replies":[{"embeddable":true,"href":"https:\/\/www.spasixhours.com\/de\/wp-json\/wp\/v2\/comments?post=4217"}],"version-history":[{"count":98,"href":"https:\/\/www.spasixhours.com\/de\/wp-json\/wp\/v2\/pages\/4217\/revisions"}],"predecessor-version":[{"id":8485,"href":"https:\/\/www.spasixhours.com\/de\/wp-json\/wp\/v2\/pages\/4217\/revisions\/8485"}],"wp:attachment":[{"href":"https:\/\/www.spasixhours.com\/de\/wp-json\/wp\/v2\/media?parent=4217"}],"curies":[{"name":"wp","href":"https:\/\/api.w.org\/{rel}","templated":true}]}}