{"id":8000,"date":"2025-02-19T10:16:56","date_gmt":"2025-02-19T09:16:56","guid":{"rendered":"https:\/\/www.spasixhours.com\/?page_id=8000"},"modified":"2025-02-19T10:17:27","modified_gmt":"2025-02-19T09:17:27","slug":"hebergement-camping","status":"publish","type":"page","link":"https:\/\/www.spasixhours.com\/de\/hebergement-camping\/","title":{"rendered":"Unterkunft und Camping"},"content":{"rendered":"<div data-elementor-type=\"wp-page\" data-elementor-id=\"8000\" class=\"elementor elementor-8000\" data-elementor-post-type=\"page\">\n\t\t\t\t\t\t<section class=\"elementor-section elementor-top-section elementor-element elementor-element-935b0ef elementor-section-full_width elementor-section-height-min-height elementor-section-stretched elementor-section-content-bottom elementor-section-height-default elementor-section-items-middle\" data-id=\"935b0ef\" data-element_type=\"section\" data-e-type=\"section\" data-settings=\"{&quot;stretch_section&quot;:&quot;section-stretched&quot;,&quot;background_background&quot;:&quot;classic&quot;}\">\n\t\t\t\t\t\t\t<div class=\"elementor-background-overlay\"><\/div>\n\t\t\t\t\t\t\t<div class=\"elementor-container elementor-column-gap-extended\">\n\t\t\t\t\t<div class=\"elementor-column elementor-col-100 elementor-top-column elementor-element elementor-element-c0b4bac\" data-id=\"c0b4bac\" data-element_type=\"column\" data-e-type=\"column\" data-settings=\"{&quot;background_background&quot;:&quot;slideshow&quot;,&quot;background_slideshow_gallery&quot;:[],&quot;background_slideshow_loop&quot;:&quot;yes&quot;,&quot;background_slideshow_slide_duration&quot;:5000,&quot;background_slideshow_slide_transition&quot;:&quot;fade&quot;,&quot;background_slideshow_transition_duration&quot;:500}\">\n\t\t\t<div class=\"elementor-widget-wrap\">\n\t\t\t\t\t\t\t<\/div>\n\t\t<\/div>\n\t\t\t\t\t<\/div>\n\t\t<\/section>\n\t\t\t\t<section class=\"elementor-section elementor-top-section elementor-element elementor-element-840c3cd elementor-section-full_width elementor-section-height-min-height elementor-section-stretched elementor-section-content-bottom elementor-section-height-default elementor-section-items-middle\" data-id=\"840c3cd\" data-element_type=\"section\" data-e-type=\"section\" data-settings=\"{&quot;stretch_section&quot;:&quot;section-stretched&quot;,&quot;background_background&quot;:&quot;classic&quot;}\">\n\t\t\t\t\t\t\t<div class=\"elementor-background-overlay\"><\/div>\n\t\t\t\t\t\t\t<div class=\"elementor-container elementor-column-gap-extended\">\n\t\t\t\t\t<div class=\"elementor-column elementor-col-100 elementor-top-column elementor-element elementor-element-0a64ed4\" data-id=\"0a64ed4\" data-element_type=\"column\" data-e-type=\"column\" data-settings=\"{&quot;background_background&quot;:&quot;slideshow&quot;,&quot;background_slideshow_gallery&quot;:[],&quot;background_slideshow_loop&quot;:&quot;yes&quot;,&quot;background_slideshow_slide_duration&quot;:5000,&quot;background_slideshow_slide_transition&quot;:&quot;fade&quot;,&quot;background_slideshow_transition_duration&quot;:500}\">\n\t\t\t<div class=\"elementor-widget-wrap elementor-element-populated\">\n\t\t\t\t\t\t<div class=\"elementor-element elementor-element-9d41d62 elementor-invisible elementor-widget elementor-widget-heading\" data-id=\"9d41d62\" data-element_type=\"widget\" data-e-type=\"widget\" data-settings=\"{&quot;_animation&quot;:&quot;fadeInDown&quot;,&quot;_animation_delay&quot;:400}\" data-widget_type=\"heading.default\">\n\t\t\t\t<div class=\"elementor-widget-container\">\n\t\t\t\t\t<h4 class=\"elementor-heading-title elementor-size-default\">Unterkunft und Camping<\/h4>\t\t\t\t<\/div>\n\t\t\t\t<\/div>\n\t\t\t\t\t<\/div>\n\t\t<\/div>\n\t\t\t\t\t<\/div>\n\t\t<\/section>\n\t\t\t\t<section class=\"elementor-section elementor-top-section elementor-element elementor-element-a893c74 elementor-section-full_width elementor-section-stretched elementor-section-content-middle elementor-section-height-default elementor-section-height-default\" data-id=\"a893c74\" data-element_type=\"section\" data-e-type=\"section\" data-settings=\"{&quot;stretch_section&quot;:&quot;section-stretched&quot;}\">\n\t\t\t\t\t\t<div class=\"elementor-container elementor-column-gap-extended\">\n\t\t\t\t\t<div class=\"elementor-column elementor-col-50 elementor-top-column elementor-element elementor-element-bd902f0\" data-id=\"bd902f0\" data-element_type=\"column\" data-e-type=\"column\" data-settings=\"{&quot;background_background&quot;:&quot;classic&quot;}\">\n\t\t\t<div class=\"elementor-widget-wrap elementor-element-populated\">\n\t\t\t\t\t\t<div class=\"elementor-element elementor-element-96e67f0 elementor-widget elementor-widget-spacer\" data-id=\"96e67f0\" data-element_type=\"widget\" data-e-type=\"widget\" data-widget_type=\"spacer.default\">\n\t\t\t\t<div class=\"elementor-widget-container\">\n\t\t\t\t\t\t\t<div class=\"elementor-spacer\">\n\t\t\t<div class=\"elementor-spacer-inner\"><\/div>\n\t\t<\/div>\n\t\t\t\t\t\t<\/div>\n\t\t\t\t<\/div>\n\t\t\t\t\t<\/div>\n\t\t<\/div>\n\t\t\t\t<div class=\"elementor-column elementor-col-50 elementor-top-column elementor-element elementor-element-9a3f936\" data-id=\"9a3f936\" data-element_type=\"column\" data-e-type=\"column\">\n\t\t\t<div class=\"elementor-widget-wrap elementor-element-populated\">\n\t\t\t\t\t\t<div class=\"elementor-element elementor-element-4202589 elementor-widget elementor-widget-heading\" data-id=\"4202589\" data-element_type=\"widget\" data-e-type=\"widget\" data-widget_type=\"heading.default\">\n\t\t\t\t<div class=\"elementor-widget-container\">\n\t\t\t\t\t<h2 class=\"elementor-heading-title elementor-size-large\">UNTERKUNFT F\u00dcR DIE ZUSCHAUER\n\n<\/h2>\t\t\t\t<\/div>\n\t\t\t\t<\/div>\n\t\t\t\t<div class=\"elementor-element elementor-element-a1b2b4f elementor-invisible elementor-widget elementor-widget-text-editor\" data-id=\"a1b2b4f\" data-element_type=\"widget\" data-e-type=\"widget\" data-settings=\"{&quot;_animation&quot;:&quot;fadeIn&quot;}\" data-widget_type=\"text-editor.default\">\n\t\t\t\t<div class=\"elementor-widget-container\">\n\t\t\t\t\t\t\t\t\t<p>Suchen Sie eine Unterkunft, damit Sie Ihren Besuch unbeschwert genie\u00dfen k\u00f6nnen?\nDie Touristeninformationen der umliegenden St\u00e4dte sind Ihnen bei Ihrer Suche gerne behilflich und k\u00f6nnen Ihnen auf Ihre Bed\u00fcrfnisse zugeschnittene L\u00f6sungen anbieten.\u00a0<\/p><p>Zu den beiden gro\u00dfen Zuschauereing\u00e4ngen gelangen Sie unter den folgenden Adressen:<\/p><ul><li><b>STER<\/b>, an der Route du Fagno\u00fb, 4970 Stavelot, BELGIEN<\/li><li><b>LA SOURCE<\/b>, an der Route du Circuit, 4970 Stavelot, BELGIEN<\/li><\/ul><p><br \/><a href=\"https:\/\/www.visitspa-hautesfagnes.be\/\" target=\"_blank\" rel=\"noopener\">Tourismusb\u00fcro Spa\/Hohes Venn<\/a><\/p><p><a href=\"https:\/\/tourismestavelot.be\/fr\" target=\"_blank\" rel=\"noopener\">Fremdenverkehrsamt von Stavelot<\/a><\/p><p><a href=\"https:\/\/www.malmedy-tourisme.be\/fr\/\" target=\"_blank\" rel=\"noopener\">Haus f\u00fcr Tourismus Hohes Venn<\/a><\/p><p><a href=\"https:\/\/www.paysdevesdre.be\/\" target=\"_blank\" rel=\"noopener\">Tourismushaus des Weserlands<\/a><\/p><p><a href=\"https:\/\/www.troisponts.be\/bouger-decouvrir\/tourisme\" target=\"_blank\" rel=\"noopener\">Fremdenverkehrsamt von Trois-Ponts<\/a><\/p><p>Ein Angebot von Hotelunterk\u00fcnften finden Sie auch auf der <a href=\"https:\/\/www.spa-francorchamps.be\/fr\/ou-se-loger\" target=\"_blank\" rel=\"noopener\">Website des Circuit de \nSpa-Francorchamps<\/a>.<\/p>\t\t\t\t\t\t\t\t<\/div>\n\t\t\t\t<\/div>\n\t\t\t\t\t<\/div>\n\t\t<\/div>\n\t\t\t\t\t<\/div>\n\t\t<\/section>\n\t\t\t\t<section class=\"elementor-section elementor-top-section elementor-element elementor-element-50835d3 elementor-section-full_width elementor-section-stretched elementor-section-content-middle elementor-section-height-default elementor-section-height-default\" data-id=\"50835d3\" data-element_type=\"section\" data-e-type=\"section\" data-settings=\"{&quot;stretch_section&quot;:&quot;section-stretched&quot;}\">\n\t\t\t\t\t\t<div class=\"elementor-container elementor-column-gap-extended\">\n\t\t\t\t\t<div class=\"elementor-column elementor-col-50 elementor-top-column elementor-element elementor-element-652430b\" data-id=\"652430b\" data-element_type=\"column\" data-e-type=\"column\">\n\t\t\t<div class=\"elementor-widget-wrap elementor-element-populated\">\n\t\t\t\t\t\t<div class=\"elementor-element elementor-element-89945d7 elementor-widget elementor-widget-heading\" data-id=\"89945d7\" data-element_type=\"widget\" data-e-type=\"widget\" data-widget_type=\"heading.default\">\n\t\t\t\t<div class=\"elementor-widget-container\">\n\t\t\t\t\t<h2 class=\"elementor-heading-title elementor-size-large\">CAMPING F\u00dcR DIE ZUSCHAUER<\/h2>\t\t\t\t<\/div>\n\t\t\t\t<\/div>\n\t\t\t\t<div class=\"elementor-element elementor-element-b7a368b elementor-invisible elementor-widget elementor-widget-text-editor\" data-id=\"b7a368b\" data-element_type=\"widget\" data-e-type=\"widget\" data-settings=\"{&quot;_animation&quot;:&quot;fadeIn&quot;}\" data-widget_type=\"text-editor.default\">\n\t\t\t\t<div class=\"elementor-widget-container\">\n\t\t\t\t\t\t\t\t\t<p>Um das Erlebnis so nah wie m\u00f6glich an der Rennstrecke zu erleben, ist ein \nCampingplatz eine praktische und gesellige Option. Mit 200 verf\u00fcgbaren \nStellpl\u00e4tzen, jeder mit einer Fl\u00e4che von 25 m2 (bis zu 4 Personen pro Stellplatz), \nprofitieren Sie von einem privaten Bereich und genie\u00dfen die Atmosph\u00e4re der Spa \nSix Hours hautnah<\/p><p>\u00a0<\/p><p>Der Campingplatz ist am ersten Tag der Veranstaltung ab 7.00 Uhr ge\u00f6ffnet und \nbleibt am letzten Tag bis 20.00 Uhr zug\u00e4nglich. Obwohl der Campingplatz keine \nStromversorgung anbietet, gibt es in der N\u00e4he Toiletten und Duschen, die Sie \nnutzen k\u00f6nnen.<\/p><p>\u00a0<\/p><p>Bei Fragen zum Camping wenden Sie sich bitte direkt an den Circuit de Spa-Francorchamps:<\/p><p>Telefonnummer: +32 (0)87 29 37 00<\/p><p>E-Mail:\u00a0<a href=\"mailto:info@spa-francorchamps.be\" target=\"_blank\" rel=\"noopener\">info@spa-francorchamps.be<\/a><\/p>\t\t\t\t\t\t\t\t<\/div>\n\t\t\t\t<\/div>\n\t\t\t\t\t<\/div>\n\t\t<\/div>\n\t\t\t\t<div class=\"elementor-column elementor-col-50 elementor-top-column elementor-element elementor-element-e10faca\" data-id=\"e10faca\" data-element_type=\"column\" data-e-type=\"column\" data-settings=\"{&quot;background_background&quot;:&quot;classic&quot;}\">\n\t\t\t<div class=\"elementor-widget-wrap elementor-element-populated\">\n\t\t\t\t\t\t<div class=\"elementor-element elementor-element-2f1d0c5 elementor-widget elementor-widget-spacer\" data-id=\"2f1d0c5\" data-element_type=\"widget\" data-e-type=\"widget\" data-widget_type=\"spacer.default\">\n\t\t\t\t<div class=\"elementor-widget-container\">\n\t\t\t\t\t\t\t<div class=\"elementor-spacer\">\n\t\t\t<div class=\"elementor-spacer-inner\"><\/div>\n\t\t<\/div>\n\t\t\t\t\t\t<\/div>\n\t\t\t\t<\/div>\n\t\t\t\t\t<\/div>\n\t\t<\/div>\n\t\t\t\t\t<\/div>\n\t\t<\/section>\n\t\t\t\t<\/div>","protected":false},"excerpt":{"rendered":"<p>H\u00e9bergement &amp; Camping H\u00c9BERGEMENT POUR LES SPECTATEURS Vous cherchez un h\u00e9bergement pour profiter pleinement de votre visite ? Les offices du tourisme des villes environnantes peuvent vous accompagner dans votre recherche et vous proposer des solutions adapt\u00e9es \u00e0 vos besoins.\u00a0 Pour faciliter votre acc\u00e8s au circuit, veuillez noter que les deux grands points d\u2019entr\u00e9e pour [&hellip;]<\/p>\n","protected":false},"author":3,"featured_media":0,"parent":0,"menu_order":0,"comment_status":"closed","ping_status":"closed","template":"","meta":{"footnotes":""},"class_list":["post-8000","page","type-page","status-publish","hentry"],"yoast_head":"<!-- This site is optimized with the Yoast SEO plugin v27.5 - https:\/\/yoast.com\/product\/yoast-seo-wordpress\/ -->\n<title>H\u00e9bergement &amp; Camping - Spa Six Hours<\/title>\n<meta name=\"robots\" content=\"index, follow, max-snippet:-1, max-image-preview:large, max-video-preview:-1\" \/>\n<link rel=\"canonical\" href=\"https:\/\/www.spasixhours.com\/de\/hebergement-camping\/\" \/>\n<meta property=\"og:locale\" content=\"de_DE\" \/>\n<meta property=\"og:type\" content=\"article\" \/>\n<meta property=\"og:title\" content=\"H\u00e9bergement &amp; Camping - Spa Six Hours\" \/>\n<meta property=\"og:description\" content=\"H\u00e9bergement &amp; Camping H\u00c9BERGEMENT POUR LES SPECTATEURS Vous cherchez un h\u00e9bergement pour profiter pleinement de votre visite ? Les offices du tourisme des villes environnantes peuvent vous accompagner dans votre recherche et vous proposer des solutions adapt\u00e9es \u00e0 vos besoins.\u00a0 Pour faciliter votre acc\u00e8s au circuit, veuillez noter que les deux grands points d\u2019entr\u00e9e pour [&hellip;]\" \/>\n<meta property=\"og:url\" content=\"https:\/\/www.spasixhours.com\/de\/hebergement-camping\/\" \/>\n<meta property=\"og:site_name\" content=\"Spa Six Hours\" \/>\n<meta property=\"article:modified_time\" content=\"2025-02-19T09:17:27+00:00\" \/>\n<meta name=\"twitter:card\" content=\"summary_large_image\" \/>\n<meta name=\"twitter:label1\" content=\"Gesch\u00e4tzte Lesezeit\" \/>\n\t<meta name=\"twitter:data1\" content=\"1\u00a0Minute\" \/>\n<script type=\"application\/ld+json\" class=\"yoast-schema-graph\">{\"@context\":\"https:\\\/\\\/schema.org\",\"@graph\":[{\"@type\":\"WebPage\",\"@id\":\"https:\\\/\\\/www.spasixhours.com\\\/hebergement-camping\\\/\",\"url\":\"https:\\\/\\\/www.spasixhours.com\\\/hebergement-camping\\\/\",\"name\":\"H\u00e9bergement &amp; Camping - Spa Six Hours\",\"isPartOf\":{\"@id\":\"https:\\\/\\\/www.spasixhours.com\\\/#website\"},\"datePublished\":\"2025-02-19T09:16:56+00:00\",\"dateModified\":\"2025-02-19T09:17:27+00:00\",\"breadcrumb\":{\"@id\":\"https:\\\/\\\/www.spasixhours.com\\\/hebergement-camping\\\/#breadcrumb\"},\"inLanguage\":\"de\",\"potentialAction\":[{\"@type\":\"ReadAction\",\"target\":[\"https:\\\/\\\/www.spasixhours.com\\\/hebergement-camping\\\/\"]}]},{\"@type\":\"BreadcrumbList\",\"@id\":\"https:\\\/\\\/www.spasixhours.com\\\/hebergement-camping\\\/#breadcrumb\",\"itemListElement\":[{\"@type\":\"ListItem\",\"position\":1,\"name\":\"Accueil\",\"item\":\"https:\\\/\\\/www.spasixhours.com\\\/\"},{\"@type\":\"ListItem\",\"position\":2,\"name\":\"H\u00e9bergement &amp; Camping\"}]},{\"@type\":\"WebSite\",\"@id\":\"https:\\\/\\\/www.spasixhours.com\\\/#website\",\"url\":\"https:\\\/\\\/www.spasixhours.com\\\/\",\"name\":\"Spa Six Hours\",\"description\":\"The Sound of History\",\"publisher\":{\"@id\":\"https:\\\/\\\/www.spasixhours.com\\\/#organization\"},\"potentialAction\":[{\"@type\":\"SearchAction\",\"target\":{\"@type\":\"EntryPoint\",\"urlTemplate\":\"https:\\\/\\\/www.spasixhours.com\\\/?s={search_term_string}\"},\"query-input\":{\"@type\":\"PropertyValueSpecification\",\"valueRequired\":true,\"valueName\":\"search_term_string\"}}],\"inLanguage\":\"de\"},{\"@type\":\"Organization\",\"@id\":\"https:\\\/\\\/www.spasixhours.com\\\/#organization\",\"name\":\"Spa Six Hours\",\"url\":\"https:\\\/\\\/www.spasixhours.com\\\/\",\"logo\":{\"@type\":\"ImageObject\",\"inLanguage\":\"de\",\"@id\":\"https:\\\/\\\/www.spasixhours.com\\\/#\\\/schema\\\/logo\\\/image\\\/\",\"url\":\"https:\\\/\\\/www.spasixhours.com\\\/wp-content\\\/uploads\\\/2022\\\/03\\\/Logo_SpaSixHours-1.png\",\"contentUrl\":\"https:\\\/\\\/www.spasixhours.com\\\/wp-content\\\/uploads\\\/2022\\\/03\\\/Logo_SpaSixHours-1.png\",\"width\":333,\"height\":144,\"caption\":\"Spa Six Hours\"},\"image\":{\"@id\":\"https:\\\/\\\/www.spasixhours.com\\\/#\\\/schema\\\/logo\\\/image\\\/\"}}]}<\/script>\n<!-- \/ Yoast SEO plugin. -->","yoast_head_json":{"title":"H\u00e9bergement &amp; Camping - Spa Six Hours","robots":{"index":"index","follow":"follow","max-snippet":"max-snippet:-1","max-image-preview":"max-image-preview:large","max-video-preview":"max-video-preview:-1"},"canonical":"https:\/\/www.spasixhours.com\/de\/hebergement-camping\/","og_locale":"de_DE","og_type":"article","og_title":"H\u00e9bergement &amp; Camping - Spa Six Hours","og_description":"H\u00e9bergement &amp; Camping H\u00c9BERGEMENT POUR LES SPECTATEURS Vous cherchez un h\u00e9bergement pour profiter pleinement de votre visite ? Les offices du tourisme des villes environnantes peuvent vous accompagner dans votre recherche et vous proposer des solutions adapt\u00e9es \u00e0 vos besoins.\u00a0 Pour faciliter votre acc\u00e8s au circuit, veuillez noter que les deux grands points d\u2019entr\u00e9e pour [&hellip;]","og_url":"https:\/\/www.spasixhours.com\/de\/hebergement-camping\/","og_site_name":"Spa Six Hours","article_modified_time":"2025-02-19T09:17:27+00:00","twitter_card":"summary_large_image","twitter_misc":{"Gesch\u00e4tzte Lesezeit":"1\u00a0Minute"},"schema":{"@context":"https:\/\/schema.org","@graph":[{"@type":"WebPage","@id":"https:\/\/www.spasixhours.com\/hebergement-camping\/","url":"https:\/\/www.spasixhours.com\/hebergement-camping\/","name":"H\u00e9bergement &amp; Camping - Spa Six Hours","isPartOf":{"@id":"https:\/\/www.spasixhours.com\/#website"},"datePublished":"2025-02-19T09:16:56+00:00","dateModified":"2025-02-19T09:17:27+00:00","breadcrumb":{"@id":"https:\/\/www.spasixhours.com\/hebergement-camping\/#breadcrumb"},"inLanguage":"de","potentialAction":[{"@type":"ReadAction","target":["https:\/\/www.spasixhours.com\/hebergement-camping\/"]}]},{"@type":"BreadcrumbList","@id":"https:\/\/www.spasixhours.com\/hebergement-camping\/#breadcrumb","itemListElement":[{"@type":"ListItem","position":1,"name":"Accueil","item":"https:\/\/www.spasixhours.com\/"},{"@type":"ListItem","position":2,"name":"H\u00e9bergement &amp; Camping"}]},{"@type":"WebSite","@id":"https:\/\/www.spasixhours.com\/#website","url":"https:\/\/www.spasixhours.com\/","name":"Farben der exklusiven Textilkollektion","description":"der Sound of History","publisher":{"@id":"https:\/\/www.spasixhours.com\/#organization"},"potentialAction":[{"@type":"SearchAction","target":{"@type":"EntryPoint","urlTemplate":"https:\/\/www.spasixhours.com\/?s={search_term_string}"},"query-input":{"@type":"PropertyValueSpecification","valueRequired":true,"valueName":"search_term_string"}}],"inLanguage":"de"},{"@type":"Organization","@id":"https:\/\/www.spasixhours.com\/#organization","name":"Farben der exklusiven Textilkollektion","url":"https:\/\/www.spasixhours.com\/","logo":{"@type":"ImageObject","inLanguage":"de","@id":"https:\/\/www.spasixhours.com\/#\/schema\/logo\/image\/","url":"https:\/\/www.spasixhours.com\/wp-content\/uploads\/2022\/03\/Logo_SpaSixHours-1.png","contentUrl":"https:\/\/www.spasixhours.com\/wp-content\/uploads\/2022\/03\/Logo_SpaSixHours-1.png","width":333,"height":144,"caption":"Spa Six Hours"},"image":{"@id":"https:\/\/www.spasixhours.com\/#\/schema\/logo\/image\/"}}]}},"_links":{"self":[{"href":"https:\/\/www.spasixhours.com\/de\/wp-json\/wp\/v2\/pages\/8000","targetHints":{"allow":["GET"]}}],"collection":[{"href":"https:\/\/www.spasixhours.com\/de\/wp-json\/wp\/v2\/pages"}],"about":[{"href":"https:\/\/www.spasixhours.com\/de\/wp-json\/wp\/v2\/types\/page"}],"author":[{"embeddable":true,"href":"https:\/\/www.spasixhours.com\/de\/wp-json\/wp\/v2\/users\/3"}],"replies":[{"embeddable":true,"href":"https:\/\/www.spasixhours.com\/de\/wp-json\/wp\/v2\/comments?post=8000"}],"version-history":[{"count":7,"href":"https:\/\/www.spasixhours.com\/de\/wp-json\/wp\/v2\/pages\/8000\/revisions"}],"predecessor-version":[{"id":8009,"href":"https:\/\/www.spasixhours.com\/de\/wp-json\/wp\/v2\/pages\/8000\/revisions\/8009"}],"wp:attachment":[{"href":"https:\/\/www.spasixhours.com\/de\/wp-json\/wp\/v2\/media?parent=8000"}],"curies":[{"name":"wp","href":"https:\/\/api.w.org\/{rel}","templated":true}]}}