{"id":1819,"date":"2022-03-10T15:32:03","date_gmt":"2022-03-10T14:32:03","guid":{"rendered":"https:\/\/www.spasixhours.com\/?page_id=1819"},"modified":"2023-02-24T14:33:54","modified_gmt":"2023-02-24T13:33:54","slug":"radio-communication-authorization","status":"publish","type":"page","link":"https:\/\/www.spasixhours.com\/en\/pilotes\/autorisation-radio-communication\/","title":{"rendered":"Radio Communication Authorization"},"content":{"rendered":"<div data-elementor-type=\"wp-page\" data-elementor-id=\"1819\" class=\"elementor elementor-1819\" data-elementor-post-type=\"page\">\n\t\t\t\t\t\t<section class=\"elementor-section elementor-top-section elementor-element elementor-element-3c3e3b1 elementor-section-full_width elementor-section-height-min-height elementor-section-stretched elementor-section-content-bottom elementor-section-height-default elementor-section-items-middle\" data-id=\"3c3e3b1\" data-element_type=\"section\" data-e-type=\"section\" data-settings=\"{&quot;stretch_section&quot;:&quot;section-stretched&quot;,&quot;background_background&quot;:&quot;classic&quot;}\">\n\t\t\t\t\t\t\t<div class=\"elementor-background-overlay\"><\/div>\n\t\t\t\t\t\t\t<div class=\"elementor-container elementor-column-gap-extended\">\n\t\t\t\t\t<div class=\"elementor-column elementor-col-100 elementor-top-column elementor-element elementor-element-8b2f95b\" data-id=\"8b2f95b\" data-element_type=\"column\" data-e-type=\"column\" data-settings=\"{&quot;background_background&quot;:&quot;slideshow&quot;,&quot;background_slideshow_gallery&quot;:[],&quot;background_slideshow_loop&quot;:&quot;yes&quot;,&quot;background_slideshow_slide_duration&quot;:5000,&quot;background_slideshow_slide_transition&quot;:&quot;fade&quot;,&quot;background_slideshow_transition_duration&quot;:500}\">\n\t\t\t<div class=\"elementor-widget-wrap\">\n\t\t\t\t\t\t\t<\/div>\n\t\t<\/div>\n\t\t\t\t\t<\/div>\n\t\t<\/section>\n\t\t\t\t<section class=\"elementor-section elementor-top-section elementor-element elementor-element-8f82a8d elementor-section-full_width elementor-section-height-min-height elementor-section-stretched elementor-section-content-bottom elementor-section-height-default elementor-section-items-middle\" data-id=\"8f82a8d\" data-element_type=\"section\" data-e-type=\"section\" data-settings=\"{&quot;stretch_section&quot;:&quot;section-stretched&quot;,&quot;background_background&quot;:&quot;classic&quot;}\">\n\t\t\t\t\t\t\t<div class=\"elementor-background-overlay\"><\/div>\n\t\t\t\t\t\t\t<div class=\"elementor-container elementor-column-gap-extended\">\n\t\t\t\t\t<div class=\"elementor-column elementor-col-100 elementor-top-column elementor-element elementor-element-3e3adbb\" data-id=\"3e3adbb\" data-element_type=\"column\" data-e-type=\"column\" data-settings=\"{&quot;background_background&quot;:&quot;slideshow&quot;,&quot;background_slideshow_gallery&quot;:[],&quot;background_slideshow_loop&quot;:&quot;yes&quot;,&quot;background_slideshow_slide_duration&quot;:5000,&quot;background_slideshow_slide_transition&quot;:&quot;fade&quot;,&quot;background_slideshow_transition_duration&quot;:500}\">\n\t\t\t<div class=\"elementor-widget-wrap elementor-element-populated\">\n\t\t\t\t\t\t\t<\/div>\n\t\t<\/div>\n\t\t\t\t\t<\/div>\n\t\t<\/section>\n\t\t\t\t<section class=\"elementor-section elementor-top-section elementor-element elementor-element-7c21370 elementor-section-boxed elementor-section-height-default elementor-section-height-default\" data-id=\"7c21370\" data-element_type=\"section\" data-e-type=\"section\">\n\t\t\t\t\t\t<div class=\"elementor-container elementor-column-gap-extended\">\n\t\t\t\t\t<div class=\"elementor-column elementor-col-100 elementor-top-column elementor-element elementor-element-b750a23 elementor-invisible\" data-id=\"b750a23\" data-element_type=\"column\" data-e-type=\"column\" data-settings=\"{&quot;background_background&quot;:&quot;classic&quot;,&quot;animation&quot;:&quot;fadeInUp&quot;}\">\n\t\t\t<div class=\"elementor-widget-wrap elementor-element-populated\">\n\t\t\t\t\t\t<div class=\"elementor-element elementor-element-e244f81 elementor-widget elementor-widget-text-editor\" data-id=\"e244f81\" data-element_type=\"widget\" data-e-type=\"widget\" data-widget_type=\"text-editor.default\">\n\t\t\t\t<div class=\"elementor-widget-container\">\n\t\t\t\t\t\t\t\t\t<em>Official communication from the Belgian Institute for Postal Services and Telecommunications (BIPT)<\/em>\t\t\t\t\t\t\t\t<\/div>\n\t\t\t\t<\/div>\n\t\t\t\t<div class=\"elementor-element elementor-element-3ad0a83 elementor-invisible elementor-widget elementor-widget-text-editor\" data-id=\"3ad0a83\" data-element_type=\"widget\" data-e-type=\"widget\" data-settings=\"{&quot;_animation&quot;:&quot;fadeIn&quot;}\" data-widget_type=\"text-editor.default\">\n\t\t\t\t<div class=\"elementor-widget-container\">\n\t\t\t\t\t\t\t\t\t<p>All users of radio communication equipment are obliged to be in possession of an authorisation to use their equipment on the Spa-Francorchamps circuit during the Spa Six Hours meeting.<\/p><p>Checks will be carried out by BIPT at Spa-Francorchamps and may lead, in case of non-compliance with the legislation, to a legal procedure\nand seizure of radio equipment.<\/p><p>It is therefore imperative to apply for the required permits <span style=\"text-decoration: underline;\"><strong><a href=\"https:\/\/www.ibpt.be\/consommateurs\/reseaux-mobiles\" target=\"_blank\" rel=\"noopener\">via the BIPT website.<\/a><\/strong><\/span>.<\/p><p>Read also : <strong><a href=\"https:\/\/www.ibpt.be\/consommateurs\/evenements\" target=\"_blank\" rel=\"noopener\">https:\/\/www.ibpt.be\/consommateurs\/evenements<\/a><\/strong><\/p><p>BIPT also points out that the equipment used must comply with the regulations.<\/p><p>Some companies are reportedly supplying non-compliant material. One of the sine qua non conditions for a material to be compliant is that it carries the<br \/>CE marking.<\/p><p>To put it jokingly, one should not confuse the \"CE\" marking with the \"China Export\" marking: Any material that does not comply will be seized by BIPT<\/p><p><img decoding=\"async\" class=\"alignleft size-full wp-image-6592 lazyload\" data-src=\"http:\/\/spasummerclassic.com\/wp-content\/uploads\/2021\/04\/non_compliant_radio-300x138-1.jpeg\" alt=\"\" width=\"300\" height=\"138\" src=\"data:image\/svg+xml;base64,PHN2ZyB3aWR0aD0iMSIgaGVpZ2h0PSIxIiB4bWxucz0iaHR0cDovL3d3dy53My5vcmcvMjAwMC9zdmciPjwvc3ZnPg==\" style=\"--smush-placeholder-width: 300px; --smush-placeholder-aspect-ratio: 300\/138;\" \/><\/p>\t\t\t\t\t\t\t\t<\/div>\n\t\t\t\t<\/div>\n\t\t\t\t\t<\/div>\n\t\t<\/div>\n\t\t\t\t\t<\/div>\n\t\t<\/section>\n\t\t\t\t<\/div>","protected":false},"excerpt":{"rendered":"<p>Communication officielle de l\u2019Institut belge des services postaux et des t\u00e9l\u00e9communications (IBPT) Tout utilisateur de mat\u00e9riel de radiocommunications est dans l\u2019obligation d\u2019\u00eatre en possession du titre d\u2019autorisation pour utiliser son mat\u00e9riel sur le circuit de Spa-Francorchamps lors du meeting des Spa Six Hours. Des contr\u00f4les seront r\u00e9alis\u00e9s par l\u2019IBPT \u00e0 Spa-Francorchamps et peuvent entra\u00eener, en [&hellip;]<\/p>\n","protected":false},"author":3,"featured_media":0,"parent":4238,"menu_order":0,"comment_status":"closed","ping_status":"closed","template":"elementor_header_footer","meta":{"footnotes":""},"class_list":["post-1819","page","type-page","status-publish","hentry"],"yoast_head":"<!-- This site is optimized with the Yoast SEO plugin v27.5 - https:\/\/yoast.com\/product\/yoast-seo-wordpress\/ -->\n<title>Autorisation Radio-Communication - Spa Six Hours<\/title>\n<meta name=\"robots\" content=\"index, follow, max-snippet:-1, max-image-preview:large, max-video-preview:-1\" \/>\n<link rel=\"canonical\" href=\"https:\/\/www.spasixhours.com\/en\/drivers\/radio-communication-authorization\/\" \/>\n<meta property=\"og:locale\" content=\"en_GB\" \/>\n<meta property=\"og:type\" content=\"article\" \/>\n<meta property=\"og:title\" content=\"Autorisation Radio-Communication - Spa Six Hours\" \/>\n<meta property=\"og:description\" content=\"Communication officielle de l\u2019Institut belge des services postaux et des t\u00e9l\u00e9communications (IBPT) Tout utilisateur de mat\u00e9riel de radiocommunications est dans l\u2019obligation d\u2019\u00eatre en possession du titre d\u2019autorisation pour utiliser son mat\u00e9riel sur le circuit de Spa-Francorchamps lors du meeting des Spa Six Hours. Des contr\u00f4les seront r\u00e9alis\u00e9s par l\u2019IBPT \u00e0 Spa-Francorchamps et peuvent entra\u00eener, en [&hellip;]\" \/>\n<meta property=\"og:url\" content=\"https:\/\/www.spasixhours.com\/en\/drivers\/radio-communication-authorization\/\" \/>\n<meta property=\"og:site_name\" content=\"Spa Six Hours\" \/>\n<meta property=\"article:modified_time\" content=\"2023-02-24T13:33:54+00:00\" \/>\n<meta property=\"og:image\" content=\"http:\/\/spasummerclassic.com\/wp-content\/uploads\/2021\/04\/non_compliant_radio-300x138-1.jpeg\" \/>\n<meta name=\"twitter:card\" content=\"summary_large_image\" \/>\n<meta name=\"twitter:label1\" content=\"Estimated reading time\" \/>\n\t<meta name=\"twitter:data1\" content=\"1 minute\" \/>\n<script type=\"application\/ld+json\" class=\"yoast-schema-graph\">{\"@context\":\"https:\\\/\\\/schema.org\",\"@graph\":[{\"@type\":\"WebPage\",\"@id\":\"https:\\\/\\\/www.spasixhours.com\\\/pilotes\\\/autorisation-radio-communication\\\/\",\"url\":\"https:\\\/\\\/www.spasixhours.com\\\/pilotes\\\/autorisation-radio-communication\\\/\",\"name\":\"Autorisation Radio-Communication - Spa Six Hours\",\"isPartOf\":{\"@id\":\"https:\\\/\\\/www.spasixhours.com\\\/#website\"},\"primaryImageOfPage\":{\"@id\":\"https:\\\/\\\/www.spasixhours.com\\\/pilotes\\\/autorisation-radio-communication\\\/#primaryimage\"},\"image\":{\"@id\":\"https:\\\/\\\/www.spasixhours.com\\\/pilotes\\\/autorisation-radio-communication\\\/#primaryimage\"},\"thumbnailUrl\":\"http:\\\/\\\/spasummerclassic.com\\\/wp-content\\\/uploads\\\/2021\\\/04\\\/non_compliant_radio-300x138-1.jpeg\",\"datePublished\":\"2022-03-10T14:32:03+00:00\",\"dateModified\":\"2023-02-24T13:33:54+00:00\",\"breadcrumb\":{\"@id\":\"https:\\\/\\\/www.spasixhours.com\\\/pilotes\\\/autorisation-radio-communication\\\/#breadcrumb\"},\"inLanguage\":\"en-GB\",\"potentialAction\":[{\"@type\":\"ReadAction\",\"target\":[\"https:\\\/\\\/www.spasixhours.com\\\/pilotes\\\/autorisation-radio-communication\\\/\"]}]},{\"@type\":\"ImageObject\",\"inLanguage\":\"en-GB\",\"@id\":\"https:\\\/\\\/www.spasixhours.com\\\/pilotes\\\/autorisation-radio-communication\\\/#primaryimage\",\"url\":\"http:\\\/\\\/spasummerclassic.com\\\/wp-content\\\/uploads\\\/2021\\\/04\\\/non_compliant_radio-300x138-1.jpeg\",\"contentUrl\":\"http:\\\/\\\/spasummerclassic.com\\\/wp-content\\\/uploads\\\/2021\\\/04\\\/non_compliant_radio-300x138-1.jpeg\"},{\"@type\":\"BreadcrumbList\",\"@id\":\"https:\\\/\\\/www.spasixhours.com\\\/pilotes\\\/autorisation-radio-communication\\\/#breadcrumb\",\"itemListElement\":[{\"@type\":\"ListItem\",\"position\":1,\"name\":\"Accueil\",\"item\":\"https:\\\/\\\/www.spasixhours.com\\\/\"},{\"@type\":\"ListItem\",\"position\":2,\"name\":\"PILOTES\",\"item\":\"https:\\\/\\\/www.spasixhours.com\\\/pilotes\\\/\"},{\"@type\":\"ListItem\",\"position\":3,\"name\":\"Autorisation Radio-Communication\"}]},{\"@type\":\"WebSite\",\"@id\":\"https:\\\/\\\/www.spasixhours.com\\\/#website\",\"url\":\"https:\\\/\\\/www.spasixhours.com\\\/\",\"name\":\"Spa Six Hours\",\"description\":\"The Sound of History\",\"publisher\":{\"@id\":\"https:\\\/\\\/www.spasixhours.com\\\/#organization\"},\"potentialAction\":[{\"@type\":\"SearchAction\",\"target\":{\"@type\":\"EntryPoint\",\"urlTemplate\":\"https:\\\/\\\/www.spasixhours.com\\\/?s={search_term_string}\"},\"query-input\":{\"@type\":\"PropertyValueSpecification\",\"valueRequired\":true,\"valueName\":\"search_term_string\"}}],\"inLanguage\":\"en-GB\"},{\"@type\":\"Organization\",\"@id\":\"https:\\\/\\\/www.spasixhours.com\\\/#organization\",\"name\":\"Spa Six Hours\",\"url\":\"https:\\\/\\\/www.spasixhours.com\\\/\",\"logo\":{\"@type\":\"ImageObject\",\"inLanguage\":\"en-GB\",\"@id\":\"https:\\\/\\\/www.spasixhours.com\\\/#\\\/schema\\\/logo\\\/image\\\/\",\"url\":\"https:\\\/\\\/www.spasixhours.com\\\/wp-content\\\/uploads\\\/2022\\\/03\\\/Logo_SpaSixHours-1.png\",\"contentUrl\":\"https:\\\/\\\/www.spasixhours.com\\\/wp-content\\\/uploads\\\/2022\\\/03\\\/Logo_SpaSixHours-1.png\",\"width\":333,\"height\":144,\"caption\":\"Spa Six Hours\"},\"image\":{\"@id\":\"https:\\\/\\\/www.spasixhours.com\\\/#\\\/schema\\\/logo\\\/image\\\/\"}}]}<\/script>\n<!-- \/ Yoast SEO plugin. -->","yoast_head_json":{"title":"Autorisation Radio-Communication - Spa Six Hours","robots":{"index":"index","follow":"follow","max-snippet":"max-snippet:-1","max-image-preview":"max-image-preview:large","max-video-preview":"max-video-preview:-1"},"canonical":"https:\/\/www.spasixhours.com\/en\/drivers\/radio-communication-authorization\/","og_locale":"en_GB","og_type":"article","og_title":"Autorisation Radio-Communication - Spa Six Hours","og_description":"Communication officielle de l\u2019Institut belge des services postaux et des t\u00e9l\u00e9communications (IBPT) Tout utilisateur de mat\u00e9riel de radiocommunications est dans l\u2019obligation d\u2019\u00eatre en possession du titre d\u2019autorisation pour utiliser son mat\u00e9riel sur le circuit de Spa-Francorchamps lors du meeting des Spa Six Hours. Des contr\u00f4les seront r\u00e9alis\u00e9s par l\u2019IBPT \u00e0 Spa-Francorchamps et peuvent entra\u00eener, en [&hellip;]","og_url":"https:\/\/www.spasixhours.com\/en\/drivers\/radio-communication-authorization\/","og_site_name":"Spa Six Hours","article_modified_time":"2023-02-24T13:33:54+00:00","og_image":[{"url":"http:\/\/spasummerclassic.com\/wp-content\/uploads\/2021\/04\/non_compliant_radio-300x138-1.jpeg","type":"","width":"","height":""}],"twitter_card":"summary_large_image","twitter_misc":{"Estimated reading time":"1 minute"},"schema":{"@context":"https:\/\/schema.org","@graph":[{"@type":"WebPage","@id":"https:\/\/www.spasixhours.com\/pilotes\/autorisation-radio-communication\/","url":"https:\/\/www.spasixhours.com\/pilotes\/autorisation-radio-communication\/","name":"Autorisation Radio-Communication - Spa Six Hours","isPartOf":{"@id":"https:\/\/www.spasixhours.com\/#website"},"primaryImageOfPage":{"@id":"https:\/\/www.spasixhours.com\/pilotes\/autorisation-radio-communication\/#primaryimage"},"image":{"@id":"https:\/\/www.spasixhours.com\/pilotes\/autorisation-radio-communication\/#primaryimage"},"thumbnailUrl":"http:\/\/spasummerclassic.com\/wp-content\/uploads\/2021\/04\/non_compliant_radio-300x138-1.jpeg","datePublished":"2022-03-10T14:32:03+00:00","dateModified":"2023-02-24T13:33:54+00:00","breadcrumb":{"@id":"https:\/\/www.spasixhours.com\/pilotes\/autorisation-radio-communication\/#breadcrumb"},"inLanguage":"en-GB","potentialAction":[{"@type":"ReadAction","target":["https:\/\/www.spasixhours.com\/pilotes\/autorisation-radio-communication\/"]}]},{"@type":"ImageObject","inLanguage":"en-GB","@id":"https:\/\/www.spasixhours.com\/pilotes\/autorisation-radio-communication\/#primaryimage","url":"http:\/\/spasummerclassic.com\/wp-content\/uploads\/2021\/04\/non_compliant_radio-300x138-1.jpeg","contentUrl":"http:\/\/spasummerclassic.com\/wp-content\/uploads\/2021\/04\/non_compliant_radio-300x138-1.jpeg"},{"@type":"BreadcrumbList","@id":"https:\/\/www.spasixhours.com\/pilotes\/autorisation-radio-communication\/#breadcrumb","itemListElement":[{"@type":"ListItem","position":1,"name":"Accueil","item":"https:\/\/www.spasixhours.com\/"},{"@type":"ListItem","position":2,"name":"PILOTES","item":"https:\/\/www.spasixhours.com\/pilotes\/"},{"@type":"ListItem","position":3,"name":"Autorisation Radio-Communication"}]},{"@type":"WebSite","@id":"https:\/\/www.spasixhours.com\/#website","url":"https:\/\/www.spasixhours.com\/","name":"Spa Six Hours","description":"The Sound of History","publisher":{"@id":"https:\/\/www.spasixhours.com\/#organization"},"potentialAction":[{"@type":"SearchAction","target":{"@type":"EntryPoint","urlTemplate":"https:\/\/www.spasixhours.com\/?s={search_term_string}"},"query-input":{"@type":"PropertyValueSpecification","valueRequired":true,"valueName":"search_term_string"}}],"inLanguage":"en-GB"},{"@type":"Organization","@id":"https:\/\/www.spasixhours.com\/#organization","name":"Spa Six Hours","url":"https:\/\/www.spasixhours.com\/","logo":{"@type":"ImageObject","inLanguage":"en-GB","@id":"https:\/\/www.spasixhours.com\/#\/schema\/logo\/image\/","url":"https:\/\/www.spasixhours.com\/wp-content\/uploads\/2022\/03\/Logo_SpaSixHours-1.png","contentUrl":"https:\/\/www.spasixhours.com\/wp-content\/uploads\/2022\/03\/Logo_SpaSixHours-1.png","width":333,"height":144,"caption":"Spa Six Hours"},"image":{"@id":"https:\/\/www.spasixhours.com\/#\/schema\/logo\/image\/"}}]}},"_links":{"self":[{"href":"https:\/\/www.spasixhours.com\/en\/wp-json\/wp\/v2\/pages\/1819","targetHints":{"allow":["GET"]}}],"collection":[{"href":"https:\/\/www.spasixhours.com\/en\/wp-json\/wp\/v2\/pages"}],"about":[{"href":"https:\/\/www.spasixhours.com\/en\/wp-json\/wp\/v2\/types\/page"}],"author":[{"embeddable":true,"href":"https:\/\/www.spasixhours.com\/en\/wp-json\/wp\/v2\/users\/3"}],"replies":[{"embeddable":true,"href":"https:\/\/www.spasixhours.com\/en\/wp-json\/wp\/v2\/comments?post=1819"}],"version-history":[{"count":31,"href":"https:\/\/www.spasixhours.com\/en\/wp-json\/wp\/v2\/pages\/1819\/revisions"}],"predecessor-version":[{"id":5157,"href":"https:\/\/www.spasixhours.com\/en\/wp-json\/wp\/v2\/pages\/1819\/revisions\/5157"}],"up":[{"embeddable":true,"href":"https:\/\/www.spasixhours.com\/en\/wp-json\/wp\/v2\/pages\/4238"}],"wp:attachment":[{"href":"https:\/\/www.spasixhours.com\/en\/wp-json\/wp\/v2\/media?parent=1819"}],"curies":[{"name":"wp","href":"https:\/\/api.w.org\/{rel}","templated":true}]}}