{"id":2746,"date":"2022-03-20T17:32:07","date_gmt":"2022-03-20T16:32:07","guid":{"rendered":"https:\/\/www.spasixhours.com\/?page_id=2746"},"modified":"2024-07-30T22:05:44","modified_gmt":"2024-07-30T20:05:44","slug":"tires-and-fuel","status":"publish","type":"page","link":"https:\/\/www.spasixhours.com\/en\/pilotes\/pneus-et-essence\/","title":{"rendered":"Tires and Fuel"},"content":{"rendered":"<div data-elementor-type=\"wp-page\" data-elementor-id=\"2746\" class=\"elementor elementor-2746\" data-elementor-post-type=\"page\">\n\t\t\t\t\t\t<section class=\"elementor-section elementor-top-section elementor-element elementor-element-1521479 elementor-section-full_width elementor-section-height-min-height elementor-section-stretched elementor-section-content-bottom elementor-section-height-default elementor-section-items-middle\" data-id=\"1521479\" data-element_type=\"section\" data-e-type=\"section\" data-settings=\"{&quot;stretch_section&quot;:&quot;section-stretched&quot;,&quot;background_background&quot;:&quot;classic&quot;}\">\n\t\t\t\t\t\t\t<div class=\"elementor-background-overlay\"><\/div>\n\t\t\t\t\t\t\t<div class=\"elementor-container elementor-column-gap-extended\">\n\t\t\t\t\t<div class=\"elementor-column elementor-col-100 elementor-top-column elementor-element elementor-element-243665e\" data-id=\"243665e\" data-element_type=\"column\" data-e-type=\"column\" data-settings=\"{&quot;background_background&quot;:&quot;slideshow&quot;,&quot;background_slideshow_gallery&quot;:[],&quot;background_slideshow_loop&quot;:&quot;yes&quot;,&quot;background_slideshow_slide_duration&quot;:5000,&quot;background_slideshow_slide_transition&quot;:&quot;fade&quot;,&quot;background_slideshow_transition_duration&quot;:500}\">\n\t\t\t<div class=\"elementor-widget-wrap\">\n\t\t\t\t\t\t\t<\/div>\n\t\t<\/div>\n\t\t\t\t\t<\/div>\n\t\t<\/section>\n\t\t\t\t<section class=\"elementor-section elementor-top-section elementor-element elementor-element-940d447 elementor-section-full_width elementor-section-height-min-height elementor-section-stretched elementor-section-content-bottom elementor-section-height-default elementor-section-items-middle\" data-id=\"940d447\" data-element_type=\"section\" data-e-type=\"section\" data-settings=\"{&quot;stretch_section&quot;:&quot;section-stretched&quot;,&quot;background_background&quot;:&quot;classic&quot;}\">\n\t\t\t\t\t\t\t<div class=\"elementor-background-overlay\"><\/div>\n\t\t\t\t\t\t\t<div class=\"elementor-container elementor-column-gap-extended\">\n\t\t\t\t\t<div class=\"elementor-column elementor-col-100 elementor-top-column elementor-element elementor-element-a8f95a2\" data-id=\"a8f95a2\" data-element_type=\"column\" data-e-type=\"column\" data-settings=\"{&quot;background_background&quot;:&quot;slideshow&quot;,&quot;background_slideshow_gallery&quot;:[],&quot;background_slideshow_loop&quot;:&quot;yes&quot;,&quot;background_slideshow_slide_duration&quot;:5000,&quot;background_slideshow_slide_transition&quot;:&quot;fade&quot;,&quot;background_slideshow_transition_duration&quot;:500}\">\n\t\t\t<div class=\"elementor-widget-wrap elementor-element-populated\">\n\t\t\t\t\t\t<div class=\"elementor-element elementor-element-86f1377 elementor-invisible elementor-widget elementor-widget-heading\" data-id=\"86f1377\" data-element_type=\"widget\" data-e-type=\"widget\" data-settings=\"{&quot;_animation&quot;:&quot;fadeInDown&quot;,&quot;_animation_delay&quot;:400}\" data-widget_type=\"heading.default\">\n\t\t\t\t<div class=\"elementor-widget-container\">\n\t\t\t\t\t<h4 class=\"elementor-heading-title elementor-size-default\">TYRES &amp; BRAKES SERVICES<\/h4>\t\t\t\t<\/div>\n\t\t\t\t<\/div>\n\t\t\t\t\t<\/div>\n\t\t<\/div>\n\t\t\t\t\t<\/div>\n\t\t<\/section>\n\t\t\t\t<section class=\"elementor-section elementor-top-section elementor-element elementor-element-1204364 elementor-section-boxed elementor-section-height-default elementor-section-height-default\" data-id=\"1204364\" data-element_type=\"section\" data-e-type=\"section\">\n\t\t\t\t\t\t<div class=\"elementor-container elementor-column-gap-default\">\n\t\t\t\t\t\t<\/div>\n\t\t<\/section>\n\t\t\t\t<section class=\"elementor-section elementor-top-section elementor-element elementor-element-6d90f0b elementor-section-boxed elementor-section-height-default elementor-section-height-default\" data-id=\"6d90f0b\" data-element_type=\"section\" data-e-type=\"section\">\n\t\t\t\t\t\t<div class=\"elementor-container elementor-column-gap-extended\">\n\t\t\t\t\t<div class=\"elementor-column elementor-col-100 elementor-top-column elementor-element elementor-element-452ebce7 elementor-invisible\" data-id=\"452ebce7\" data-element_type=\"column\" data-e-type=\"column\" data-settings=\"{&quot;background_background&quot;:&quot;classic&quot;,&quot;animation&quot;:&quot;fadeInUp&quot;,&quot;animation_delay&quot;:200}\">\n\t\t\t<div class=\"elementor-widget-wrap elementor-element-populated\">\n\t\t\t\t\t\t<div class=\"elementor-element elementor-element-76993ec elementor-invisible elementor-widget elementor-widget-text-editor\" data-id=\"76993ec\" data-element_type=\"widget\" data-e-type=\"widget\" data-settings=\"{&quot;_animation&quot;:&quot;fadeIn&quot;}\" data-widget_type=\"text-editor.default\">\n\t\t\t\t<div class=\"elementor-widget-container\">\n\t\t\t\t\t\t\t\t\t<p><strong>Need tyres for the Spa Six Hours?<img decoding=\"async\" class=\"size-medium wp-image-7159 alignright lazyload\" data-src=\"https:\/\/www.spasixhours.com\/wp-content\/uploads\/2024\/07\/Tyres_Roadbook-300x91.jpg\" alt=\"\" width=\"300\" height=\"91\" data-srcset=\"https:\/\/www.spasixhours.com\/wp-content\/uploads\/2024\/07\/Tyres_Roadbook-300x91.jpg 300w, https:\/\/www.spasixhours.com\/wp-content\/uploads\/2024\/07\/Tyres_Roadbook-1024x309.jpg 1024w, https:\/\/www.spasixhours.com\/wp-content\/uploads\/2024\/07\/Tyres_Roadbook-768x232.jpg 768w, https:\/\/www.spasixhours.com\/wp-content\/uploads\/2024\/07\/Tyres_Roadbook-18x5.jpg 18w, https:\/\/www.spasixhours.com\/wp-content\/uploads\/2024\/07\/Tyres_Roadbook.jpg 1248w\" data-sizes=\"(max-width: 300px) 100vw, 300px\" src=\"data:image\/svg+xml;base64,PHN2ZyB3aWR0aD0iMSIgaGVpZ2h0PSIxIiB4bWxucz0iaHR0cDovL3d3dy53My5vcmcvMjAwMC9zdmciPjwvc3ZnPg==\" style=\"--smush-placeholder-width: 300px; --smush-placeholder-aspect-ratio: 300\/91;\" \/><\/strong><\/p><p>You can get in touch with:<br \/><b>Wilco IBES<br \/><\/b>VIT Race and Tire Services NV<br \/><a href=\"mailto:ibestrading@gmail.com\" target=\"_blank\" rel=\"noopener\">ibestrading@gmail.com<br \/><\/a>Mobile BE +32 (0)497-824906<br \/>Mobile NL +31 (0)653-127900<\/p><p><u>Location:<\/u> In the paddock<\/p><p>\u00a0<\/p><p><strong>Need to adjust your car\u2019s alignment? <img decoding=\"async\" class=\"wp-image-7157 alignright lazyload\" data-src=\"https:\/\/www.spasixhours.com\/wp-content\/uploads\/2024\/07\/Geometry_Roadbook-300x91.png\" alt=\"\" width=\"298\" height=\"90\" data-srcset=\"https:\/\/www.spasixhours.com\/wp-content\/uploads\/2024\/07\/Geometry_Roadbook-300x91.png 300w, https:\/\/www.spasixhours.com\/wp-content\/uploads\/2024\/07\/Geometry_Roadbook-1024x309.png 1024w, https:\/\/www.spasixhours.com\/wp-content\/uploads\/2024\/07\/Geometry_Roadbook-768x232.png 768w, https:\/\/www.spasixhours.com\/wp-content\/uploads\/2024\/07\/Geometry_Roadbook-18x5.png 18w, https:\/\/www.spasixhours.com\/wp-content\/uploads\/2024\/07\/Geometry_Roadbook.png 1248w\" data-sizes=\"(max-width: 298px) 100vw, 298px\" src=\"data:image\/svg+xml;base64,PHN2ZyB3aWR0aD0iMSIgaGVpZ2h0PSIxIiB4bWxucz0iaHR0cDovL3d3dy53My5vcmcvMjAwMC9zdmciPjwvc3ZnPg==\" style=\"--smush-placeholder-width: 298px; --smush-placeholder-aspect-ratio: 298\/90;\" \/><br \/><\/strong><\/p><p>Premises will be equipped with high-end 3D geometry technology, ensuring exceptional precision in geometry and chassis settings in less than 3 minutes.<\/p><p>You can get in touch with:<br \/><strong>Jos\u00e9 CLOSE<br \/><\/strong>JCL S-SERVICE<br \/><a href=\"mailto:jose.close@jcldriving.be\">jose.close@jcldriving.be<br \/><\/a>Mobile +32 (0) 475 81 35 33<\/p><div data-id=\"88162d8\" data-element_type=\"widget\" data-settings=\"{&quot;_animation&quot;:&quot;fadeIn&quot;}\" data-widget_type=\"text-editor.default\"><div><div><u>Location:<\/u> Technical box next to garage endurance n\u00b01<\/div><\/div><\/div><div>\u00a0<\/div><div>\u00a0<\/div><div data-id=\"88162d8\" data-element_type=\"widget\" data-settings=\"{&quot;_animation&quot;:&quot;fadeIn&quot;}\" data-widget_type=\"text-editor.default\"><div><div><strong>Need a brakes service<\/strong><strong>?<\/strong><\/div><div><strong><img decoding=\"async\" class=\"size-medium wp-image-7156 alignright lazyload\" data-src=\"https:\/\/www.spasixhours.com\/wp-content\/uploads\/2024\/07\/Brakes_Roadbook-300x91.png\" alt=\"\" width=\"300\" height=\"91\" data-srcset=\"https:\/\/www.spasixhours.com\/wp-content\/uploads\/2024\/07\/Brakes_Roadbook-300x91.png 300w, https:\/\/www.spasixhours.com\/wp-content\/uploads\/2024\/07\/Brakes_Roadbook-1024x309.png 1024w, https:\/\/www.spasixhours.com\/wp-content\/uploads\/2024\/07\/Brakes_Roadbook-768x232.png 768w, https:\/\/www.spasixhours.com\/wp-content\/uploads\/2024\/07\/Brakes_Roadbook-18x5.png 18w, https:\/\/www.spasixhours.com\/wp-content\/uploads\/2024\/07\/Brakes_Roadbook.png 1248w\" data-sizes=\"(max-width: 300px) 100vw, 300px\" src=\"data:image\/svg+xml;base64,PHN2ZyB3aWR0aD0iMSIgaGVpZ2h0PSIxIiB4bWxucz0iaHR0cDovL3d3dy53My5vcmcvMjAwMC9zdmciPjwvc3ZnPg==\" style=\"--smush-placeholder-width: 300px; --smush-placeholder-aspect-ratio: 300\/91;\" \/><\/strong><\/div><div>\u00a0<\/div><div>A brake service will be available with prior reservation. A stock of brake pads will also be permanently available.<\/div><div>\u00a0<\/div><div>You can get in touch with:<br \/><strong>Jos\u00e9 CLOSE<br \/><\/strong>JCL S-SERVICE<br \/><a href=\"mailto:jose.close@jcldriving.be\">jose.close@jcldriving.be<\/a><br \/>Mobile +32 (0) 475 81 35 33<\/div><div>\u00a0<\/div><\/div><\/div><div><u>Location:<\/u> Technical box next to garage endurance n\u00b01<\/div><div>\u00a0<\/div>\t\t\t\t\t\t\t\t<\/div>\n\t\t\t\t<\/div>\n\t\t\t\t\t<\/div>\n\t\t<\/div>\n\t\t\t\t\t<\/div>\n\t\t<\/section>\n\t\t\t\t<\/div>","protected":false},"excerpt":{"rendered":"<p>PNEUS ET FREINS Besoin de pneus pour les Spa Six Hours\u00a0? Vous pouvez contacter :Wilco IBESVIT Race and Tire Services NVibestrading@gmail.comMobile BE +32 (0)497-824906Mobile NL +31 (0)653-127900 Localisation : Dans les paddocks \u00a0 Besoin d&rsquo;ajuster la g\u00e9om\u00e9trie de votre voiture ? Les locaux seront \u00e9quip\u00e9s d&rsquo;une technologie de g\u00e9om\u00e9trie 3D haut de gamme, garantissant une [&hellip;]<\/p>\n","protected":false},"author":3,"featured_media":0,"parent":4238,"menu_order":0,"comment_status":"closed","ping_status":"closed","template":"elementor_header_footer","meta":{"footnotes":""},"class_list":["post-2746","page","type-page","status-publish","hentry"],"yoast_head":"<!-- This site is optimized with the Yoast SEO plugin v27.5 - https:\/\/yoast.com\/product\/yoast-seo-wordpress\/ -->\n<title>Pneus et essence - Spa Six Hours<\/title>\n<meta name=\"robots\" content=\"index, follow, max-snippet:-1, max-image-preview:large, max-video-preview:-1\" \/>\n<link rel=\"canonical\" href=\"https:\/\/www.spasixhours.com\/en\/drivers\/tires-and-fuel\/\" \/>\n<meta property=\"og:locale\" content=\"en_GB\" \/>\n<meta property=\"og:type\" content=\"article\" \/>\n<meta property=\"og:title\" content=\"Pneus et essence - Spa Six Hours\" \/>\n<meta property=\"og:description\" content=\"PNEUS ET FREINS Besoin de pneus pour les Spa Six Hours\u00a0? Vous pouvez contacter :Wilco IBESVIT Race and Tire Services NVibestrading@gmail.comMobile BE +32 (0)497-824906Mobile NL +31 (0)653-127900 Localisation : Dans les paddocks \u00a0 Besoin d&rsquo;ajuster la g\u00e9om\u00e9trie de votre voiture ? Les locaux seront \u00e9quip\u00e9s d&rsquo;une technologie de g\u00e9om\u00e9trie 3D haut de gamme, garantissant une [&hellip;]\" \/>\n<meta property=\"og:url\" content=\"https:\/\/www.spasixhours.com\/en\/drivers\/tires-and-fuel\/\" \/>\n<meta property=\"og:site_name\" content=\"Spa Six Hours\" \/>\n<meta property=\"article:modified_time\" content=\"2024-07-30T20:05:44+00:00\" \/>\n<meta property=\"og:image\" content=\"https:\/\/www.spasixhours.com\/wp-content\/uploads\/2024\/07\/Tyres_Roadbook-300x91.jpg\" \/>\n<meta name=\"twitter:card\" content=\"summary_large_image\" \/>\n<meta name=\"twitter:label1\" content=\"Estimated reading time\" \/>\n\t<meta name=\"twitter:data1\" content=\"2 minutes\" \/>\n<script type=\"application\/ld+json\" class=\"yoast-schema-graph\">{\"@context\":\"https:\\\/\\\/schema.org\",\"@graph\":[{\"@type\":\"WebPage\",\"@id\":\"https:\\\/\\\/www.spasixhours.com\\\/pilotes\\\/pneus-et-essence\\\/\",\"url\":\"https:\\\/\\\/www.spasixhours.com\\\/pilotes\\\/pneus-et-essence\\\/\",\"name\":\"Pneus et essence - Spa Six Hours\",\"isPartOf\":{\"@id\":\"https:\\\/\\\/www.spasixhours.com\\\/#website\"},\"primaryImageOfPage\":{\"@id\":\"https:\\\/\\\/www.spasixhours.com\\\/pilotes\\\/pneus-et-essence\\\/#primaryimage\"},\"image\":{\"@id\":\"https:\\\/\\\/www.spasixhours.com\\\/pilotes\\\/pneus-et-essence\\\/#primaryimage\"},\"thumbnailUrl\":\"https:\\\/\\\/www.spasixhours.com\\\/wp-content\\\/uploads\\\/2024\\\/07\\\/Tyres_Roadbook-300x91.jpg\",\"datePublished\":\"2022-03-20T16:32:07+00:00\",\"dateModified\":\"2024-07-30T20:05:44+00:00\",\"breadcrumb\":{\"@id\":\"https:\\\/\\\/www.spasixhours.com\\\/pilotes\\\/pneus-et-essence\\\/#breadcrumb\"},\"inLanguage\":\"en-GB\",\"potentialAction\":[{\"@type\":\"ReadAction\",\"target\":[\"https:\\\/\\\/www.spasixhours.com\\\/pilotes\\\/pneus-et-essence\\\/\"]}]},{\"@type\":\"ImageObject\",\"inLanguage\":\"en-GB\",\"@id\":\"https:\\\/\\\/www.spasixhours.com\\\/pilotes\\\/pneus-et-essence\\\/#primaryimage\",\"url\":\"https:\\\/\\\/www.spasixhours.com\\\/wp-content\\\/uploads\\\/2024\\\/07\\\/Tyres_Roadbook-300x91.jpg\",\"contentUrl\":\"https:\\\/\\\/www.spasixhours.com\\\/wp-content\\\/uploads\\\/2024\\\/07\\\/Tyres_Roadbook-300x91.jpg\"},{\"@type\":\"BreadcrumbList\",\"@id\":\"https:\\\/\\\/www.spasixhours.com\\\/pilotes\\\/pneus-et-essence\\\/#breadcrumb\",\"itemListElement\":[{\"@type\":\"ListItem\",\"position\":1,\"name\":\"Accueil\",\"item\":\"https:\\\/\\\/www.spasixhours.com\\\/\"},{\"@type\":\"ListItem\",\"position\":2,\"name\":\"PILOTES\",\"item\":\"https:\\\/\\\/www.spasixhours.com\\\/pilotes\\\/\"},{\"@type\":\"ListItem\",\"position\":3,\"name\":\"Pneus et essence\"}]},{\"@type\":\"WebSite\",\"@id\":\"https:\\\/\\\/www.spasixhours.com\\\/#website\",\"url\":\"https:\\\/\\\/www.spasixhours.com\\\/\",\"name\":\"Spa Six Hours\",\"description\":\"The Sound of History\",\"publisher\":{\"@id\":\"https:\\\/\\\/www.spasixhours.com\\\/#organization\"},\"potentialAction\":[{\"@type\":\"SearchAction\",\"target\":{\"@type\":\"EntryPoint\",\"urlTemplate\":\"https:\\\/\\\/www.spasixhours.com\\\/?s={search_term_string}\"},\"query-input\":{\"@type\":\"PropertyValueSpecification\",\"valueRequired\":true,\"valueName\":\"search_term_string\"}}],\"inLanguage\":\"en-GB\"},{\"@type\":\"Organization\",\"@id\":\"https:\\\/\\\/www.spasixhours.com\\\/#organization\",\"name\":\"Spa Six Hours\",\"url\":\"https:\\\/\\\/www.spasixhours.com\\\/\",\"logo\":{\"@type\":\"ImageObject\",\"inLanguage\":\"en-GB\",\"@id\":\"https:\\\/\\\/www.spasixhours.com\\\/#\\\/schema\\\/logo\\\/image\\\/\",\"url\":\"https:\\\/\\\/www.spasixhours.com\\\/wp-content\\\/uploads\\\/2022\\\/03\\\/Logo_SpaSixHours-1.png\",\"contentUrl\":\"https:\\\/\\\/www.spasixhours.com\\\/wp-content\\\/uploads\\\/2022\\\/03\\\/Logo_SpaSixHours-1.png\",\"width\":333,\"height\":144,\"caption\":\"Spa Six Hours\"},\"image\":{\"@id\":\"https:\\\/\\\/www.spasixhours.com\\\/#\\\/schema\\\/logo\\\/image\\\/\"}}]}<\/script>\n<!-- \/ Yoast SEO plugin. -->","yoast_head_json":{"title":"Pneus et essence - Spa Six Hours","robots":{"index":"index","follow":"follow","max-snippet":"max-snippet:-1","max-image-preview":"max-image-preview:large","max-video-preview":"max-video-preview:-1"},"canonical":"https:\/\/www.spasixhours.com\/en\/drivers\/tires-and-fuel\/","og_locale":"en_GB","og_type":"article","og_title":"Pneus et essence - Spa Six Hours","og_description":"PNEUS ET FREINS Besoin de pneus pour les Spa Six Hours\u00a0? Vous pouvez contacter :Wilco IBESVIT Race and Tire Services NVibestrading@gmail.comMobile BE +32 (0)497-824906Mobile NL +31 (0)653-127900 Localisation : Dans les paddocks \u00a0 Besoin d&rsquo;ajuster la g\u00e9om\u00e9trie de votre voiture ? Les locaux seront \u00e9quip\u00e9s d&rsquo;une technologie de g\u00e9om\u00e9trie 3D haut de gamme, garantissant une [&hellip;]","og_url":"https:\/\/www.spasixhours.com\/en\/drivers\/tires-and-fuel\/","og_site_name":"Spa Six Hours","article_modified_time":"2024-07-30T20:05:44+00:00","og_image":[{"url":"https:\/\/www.spasixhours.com\/wp-content\/uploads\/2024\/07\/Tyres_Roadbook-300x91.jpg","type":"","width":"","height":""}],"twitter_card":"summary_large_image","twitter_misc":{"Estimated reading time":"2 minutes"},"schema":{"@context":"https:\/\/schema.org","@graph":[{"@type":"WebPage","@id":"https:\/\/www.spasixhours.com\/pilotes\/pneus-et-essence\/","url":"https:\/\/www.spasixhours.com\/pilotes\/pneus-et-essence\/","name":"Pneus et essence - Spa Six Hours","isPartOf":{"@id":"https:\/\/www.spasixhours.com\/#website"},"primaryImageOfPage":{"@id":"https:\/\/www.spasixhours.com\/pilotes\/pneus-et-essence\/#primaryimage"},"image":{"@id":"https:\/\/www.spasixhours.com\/pilotes\/pneus-et-essence\/#primaryimage"},"thumbnailUrl":"https:\/\/www.spasixhours.com\/wp-content\/uploads\/2024\/07\/Tyres_Roadbook-300x91.jpg","datePublished":"2022-03-20T16:32:07+00:00","dateModified":"2024-07-30T20:05:44+00:00","breadcrumb":{"@id":"https:\/\/www.spasixhours.com\/pilotes\/pneus-et-essence\/#breadcrumb"},"inLanguage":"en-GB","potentialAction":[{"@type":"ReadAction","target":["https:\/\/www.spasixhours.com\/pilotes\/pneus-et-essence\/"]}]},{"@type":"ImageObject","inLanguage":"en-GB","@id":"https:\/\/www.spasixhours.com\/pilotes\/pneus-et-essence\/#primaryimage","url":"https:\/\/www.spasixhours.com\/wp-content\/uploads\/2024\/07\/Tyres_Roadbook-300x91.jpg","contentUrl":"https:\/\/www.spasixhours.com\/wp-content\/uploads\/2024\/07\/Tyres_Roadbook-300x91.jpg"},{"@type":"BreadcrumbList","@id":"https:\/\/www.spasixhours.com\/pilotes\/pneus-et-essence\/#breadcrumb","itemListElement":[{"@type":"ListItem","position":1,"name":"Accueil","item":"https:\/\/www.spasixhours.com\/"},{"@type":"ListItem","position":2,"name":"PILOTES","item":"https:\/\/www.spasixhours.com\/pilotes\/"},{"@type":"ListItem","position":3,"name":"Pneus et essence"}]},{"@type":"WebSite","@id":"https:\/\/www.spasixhours.com\/#website","url":"https:\/\/www.spasixhours.com\/","name":"Spa Six Hours","description":"The Sound of History","publisher":{"@id":"https:\/\/www.spasixhours.com\/#organization"},"potentialAction":[{"@type":"SearchAction","target":{"@type":"EntryPoint","urlTemplate":"https:\/\/www.spasixhours.com\/?s={search_term_string}"},"query-input":{"@type":"PropertyValueSpecification","valueRequired":true,"valueName":"search_term_string"}}],"inLanguage":"en-GB"},{"@type":"Organization","@id":"https:\/\/www.spasixhours.com\/#organization","name":"Spa Six Hours","url":"https:\/\/www.spasixhours.com\/","logo":{"@type":"ImageObject","inLanguage":"en-GB","@id":"https:\/\/www.spasixhours.com\/#\/schema\/logo\/image\/","url":"https:\/\/www.spasixhours.com\/wp-content\/uploads\/2022\/03\/Logo_SpaSixHours-1.png","contentUrl":"https:\/\/www.spasixhours.com\/wp-content\/uploads\/2022\/03\/Logo_SpaSixHours-1.png","width":333,"height":144,"caption":"Spa Six Hours"},"image":{"@id":"https:\/\/www.spasixhours.com\/#\/schema\/logo\/image\/"}}]}},"_links":{"self":[{"href":"https:\/\/www.spasixhours.com\/en\/wp-json\/wp\/v2\/pages\/2746","targetHints":{"allow":["GET"]}}],"collection":[{"href":"https:\/\/www.spasixhours.com\/en\/wp-json\/wp\/v2\/pages"}],"about":[{"href":"https:\/\/www.spasixhours.com\/en\/wp-json\/wp\/v2\/types\/page"}],"author":[{"embeddable":true,"href":"https:\/\/www.spasixhours.com\/en\/wp-json\/wp\/v2\/users\/3"}],"replies":[{"embeddable":true,"href":"https:\/\/www.spasixhours.com\/en\/wp-json\/wp\/v2\/comments?post=2746"}],"version-history":[{"count":34,"href":"https:\/\/www.spasixhours.com\/en\/wp-json\/wp\/v2\/pages\/2746\/revisions"}],"predecessor-version":[{"id":7165,"href":"https:\/\/www.spasixhours.com\/en\/wp-json\/wp\/v2\/pages\/2746\/revisions\/7165"}],"up":[{"embeddable":true,"href":"https:\/\/www.spasixhours.com\/en\/wp-json\/wp\/v2\/pages\/4238"}],"wp:attachment":[{"href":"https:\/\/www.spasixhours.com\/en\/wp-json\/wp\/v2\/media?parent=2746"}],"curies":[{"name":"wp","href":"https:\/\/api.w.org\/{rel}","templated":true}]}}