{"id":4217,"date":"2022-12-23T15:26:19","date_gmt":"2022-12-23T14:26:19","guid":{"rendered":"https:\/\/www.spasixhours.com\/?page_id=4217"},"modified":"2025-04-10T00:16:38","modified_gmt":"2025-04-09T22:16:38","slug":"foires-aux-questions","status":"publish","type":"page","link":"https:\/\/www.spasixhours.com\/en\/foires-aux-questions\/","title":{"rendered":"Frequently Asked Questions"},"content":{"rendered":"<div data-elementor-type=\"wp-page\" data-elementor-id=\"4217\" class=\"elementor elementor-4217\" data-elementor-post-type=\"page\">\n\t\t\t\t\t\t<section class=\"elementor-section elementor-top-section elementor-element elementor-element-04cccfc elementor-section-full_width elementor-section-height-min-height elementor-section-stretched elementor-section-content-bottom elementor-section-height-default elementor-section-items-middle\" data-id=\"04cccfc\" data-element_type=\"section\" data-e-type=\"section\" data-settings=\"{&quot;stretch_section&quot;:&quot;section-stretched&quot;,&quot;background_background&quot;:&quot;classic&quot;}\">\n\t\t\t\t\t\t\t<div class=\"elementor-background-overlay\"><\/div>\n\t\t\t\t\t\t\t<div class=\"elementor-container elementor-column-gap-extended\">\n\t\t\t\t\t<div class=\"elementor-column elementor-col-100 elementor-top-column elementor-element elementor-element-1314038e\" data-id=\"1314038e\" data-element_type=\"column\" data-e-type=\"column\" data-settings=\"{&quot;background_background&quot;:&quot;slideshow&quot;,&quot;background_slideshow_gallery&quot;:[],&quot;background_slideshow_loop&quot;:&quot;yes&quot;,&quot;background_slideshow_slide_duration&quot;:5000,&quot;background_slideshow_slide_transition&quot;:&quot;fade&quot;,&quot;background_slideshow_transition_duration&quot;:500}\">\n\t\t\t<div class=\"elementor-widget-wrap\">\n\t\t\t\t\t\t\t<\/div>\n\t\t<\/div>\n\t\t\t\t\t<\/div>\n\t\t<\/section>\n\t\t\t\t<section class=\"elementor-section elementor-top-section elementor-element elementor-element-0e000de elementor-section-full_width elementor-section-height-min-height elementor-section-stretched elementor-section-content-bottom elementor-section-height-default elementor-section-items-middle\" data-id=\"0e000de\" data-element_type=\"section\" data-e-type=\"section\" data-settings=\"{&quot;stretch_section&quot;:&quot;section-stretched&quot;,&quot;background_background&quot;:&quot;classic&quot;}\">\n\t\t\t\t\t\t\t<div class=\"elementor-background-overlay\"><\/div>\n\t\t\t\t\t\t\t<div class=\"elementor-container elementor-column-gap-extended\">\n\t\t\t\t\t<div class=\"elementor-column elementor-col-100 elementor-top-column elementor-element elementor-element-1679475\" data-id=\"1679475\" data-element_type=\"column\" data-e-type=\"column\" data-settings=\"{&quot;background_background&quot;:&quot;slideshow&quot;,&quot;background_slideshow_gallery&quot;:[],&quot;background_slideshow_loop&quot;:&quot;yes&quot;,&quot;background_slideshow_slide_duration&quot;:5000,&quot;background_slideshow_slide_transition&quot;:&quot;fade&quot;,&quot;background_slideshow_transition_duration&quot;:500}\">\n\t\t\t<div class=\"elementor-widget-wrap elementor-element-populated\">\n\t\t\t\t\t\t<div class=\"elementor-element elementor-element-0af72a2 elementor-invisible elementor-widget elementor-widget-heading\" data-id=\"0af72a2\" data-element_type=\"widget\" data-e-type=\"widget\" data-settings=\"{&quot;_animation&quot;:&quot;fadeInDown&quot;,&quot;_animation_delay&quot;:400}\" data-widget_type=\"heading.default\">\n\t\t\t\t<div class=\"elementor-widget-container\">\n\t\t\t\t\t<h4 class=\"elementor-heading-title elementor-size-default\">Frequently Asked Questions<\/h4>\t\t\t\t<\/div>\n\t\t\t\t<\/div>\n\t\t\t\t\t<\/div>\n\t\t<\/div>\n\t\t\t\t\t<\/div>\n\t\t<\/section>\n\t\t\t\t<section class=\"elementor-section elementor-top-section elementor-element elementor-element-534897d elementor-section-full_width elementor-section-stretched elementor-section-content-middle elementor-section-height-default elementor-section-height-default\" data-id=\"534897d\" data-element_type=\"section\" data-e-type=\"section\" data-settings=\"{&quot;stretch_section&quot;:&quot;section-stretched&quot;}\">\n\t\t\t\t\t\t<div class=\"elementor-container elementor-column-gap-extended\">\n\t\t\t\t\t<div class=\"elementor-column elementor-col-100 elementor-top-column elementor-element elementor-element-8791d09\" data-id=\"8791d09\" data-element_type=\"column\" data-e-type=\"column\">\n\t\t\t<div class=\"elementor-widget-wrap elementor-element-populated\">\n\t\t\t\t\t\t<div class=\"elementor-element elementor-element-2bf85c5 elementor-widget elementor-widget-accordion\" data-id=\"2bf85c5\" data-element_type=\"widget\" data-e-type=\"widget\" data-widget_type=\"accordion.default\">\n\t\t\t\t<div class=\"elementor-widget-container\">\n\t\t\t\t\t\t\t<div class=\"elementor-accordion\">\n\t\t\t\t\t\t\t<div class=\"elementor-accordion-item\">\n\t\t\t\t\t<div id=\"elementor-tab-title-4611\" class=\"elementor-tab-title\" data-tab=\"1\" role=\"button\" aria-controls=\"elementor-tab-content-4611\" aria-expanded=\"false\">\n\t\t\t\t\t\t\t\t\t\t\t\t\t<span class=\"elementor-accordion-icon elementor-accordion-icon-right\" aria-hidden=\"true\">\n\t\t\t\t\t\t\t\t\t\t\t\t\t\t\t<span class=\"elementor-accordion-icon-closed\"><i class=\"fas fa-caret-down\"><\/i><\/span>\n\t\t\t\t\t\t\t\t<span class=\"elementor-accordion-icon-opened\"><i class=\"fas fa-minus\"><\/i><\/span>\n\t\t\t\t\t\t\t\t\t\t\t\t\t\t<\/span>\n\t\t\t\t\t\t\t\t\t\t\t\t<a class=\"elementor-accordion-title\" tabindex=\"0\">Access to the circuit<\/a>\n\t\t\t\t\t<\/div>\n\t\t\t\t\t<div id=\"elementor-tab-content-4611\" class=\"elementor-tab-content elementor-clearfix\" data-tab=\"1\" role=\"region\" aria-labelledby=\"elementor-tab-title-4611\"><p class=\"p1\"><span class=\"s1\">Access to the Paddock is allowed to anyone with a valid entry and give access to:<span class=\"Apple-converted-space\">\u00a0<\/span><\/span><\/p><p class=\"p1\"><span class=\"s1\">\u2022 \u00e0 l'entr\u00e9e g\u00e9n\u00e9rale du circuit<\/span><\/p><p class=\"p1\"><span class=\"s1\">\u2022 in the stands<\/span><\/p><p class=\"p1\"><span class=\"s1\">\u2022 at the paddocks inside the circuit<\/span><\/p><\/div>\n\t\t\t\t<\/div>\n\t\t\t\t\t\t\t<div class=\"elementor-accordion-item\">\n\t\t\t\t\t<div id=\"elementor-tab-title-4612\" class=\"elementor-tab-title\" data-tab=\"2\" role=\"button\" aria-controls=\"elementor-tab-content-4612\" aria-expanded=\"false\">\n\t\t\t\t\t\t\t\t\t\t\t\t\t<span class=\"elementor-accordion-icon elementor-accordion-icon-right\" aria-hidden=\"true\">\n\t\t\t\t\t\t\t\t\t\t\t\t\t\t\t<span class=\"elementor-accordion-icon-closed\"><i class=\"fas fa-caret-down\"><\/i><\/span>\n\t\t\t\t\t\t\t\t<span class=\"elementor-accordion-icon-opened\"><i class=\"fas fa-minus\"><\/i><\/span>\n\t\t\t\t\t\t\t\t\t\t\t\t\t\t<\/span>\n\t\t\t\t\t\t\t\t\t\t\t\t<a class=\"elementor-accordion-title\" tabindex=\"0\">PERMITTED AND PROHIBITED ITEMS<\/a>\n\t\t\t\t\t<\/div>\n\t\t\t\t\t<div id=\"elementor-tab-content-4612\" class=\"elementor-tab-content elementor-clearfix\" data-tab=\"2\" role=\"region\" aria-labelledby=\"elementor-tab-title-4612\"><p style=\"font-weight: 400;\">Smoking is prohibited inside buildings and VIP areas, as well as in the pitlane and garages.\nDesignated smoking areas are available outside.<\/p><p class=\"translation-block\"><strong>Permitted<\/strong> items on the entire circuit:<\/p><ul><li>Cameras and photo cameras (images for personal use only);<\/li><li>Food (for personal consumption only);<\/li><li>Folding chairs;<\/li><li>Prams, walkers and wheelchairs.<\/li><\/ul><p>\u00a0<\/p><p class=\"translation-block\"><strong>Prohibited<\/strong> items on the entire circuit:<\/p><ul><li>Ladders;<\/li><li>Glassware;<\/li><li>Firearms, knives and other objects of a dangerous nature;<\/li><li>Parasols and other structures that may obstruct the view of spectators and\/or affect their safety;<\/li><li>Sale of products without authorisation;<\/li><li>Any unauthorised advertising.<\/li><\/ul><p>\u00a0<\/p><\/div>\n\t\t\t\t<\/div>\n\t\t\t\t\t\t\t<div class=\"elementor-accordion-item\">\n\t\t\t\t\t<div id=\"elementor-tab-title-4613\" class=\"elementor-tab-title\" data-tab=\"3\" role=\"button\" aria-controls=\"elementor-tab-content-4613\" aria-expanded=\"false\">\n\t\t\t\t\t\t\t\t\t\t\t\t\t<span class=\"elementor-accordion-icon elementor-accordion-icon-right\" aria-hidden=\"true\">\n\t\t\t\t\t\t\t\t\t\t\t\t\t\t\t<span class=\"elementor-accordion-icon-closed\"><i class=\"fas fa-caret-down\"><\/i><\/span>\n\t\t\t\t\t\t\t\t<span class=\"elementor-accordion-icon-opened\"><i class=\"fas fa-minus\"><\/i><\/span>\n\t\t\t\t\t\t\t\t\t\t\t\t\t\t<\/span>\n\t\t\t\t\t\t\t\t\t\t\t\t<a class=\"elementor-accordion-title\" tabindex=\"0\">Pets<\/a>\n\t\t\t\t\t<\/div>\n\t\t\t\t\t<div id=\"elementor-tab-content-4613\" class=\"elementor-tab-content elementor-clearfix\" data-tab=\"3\" role=\"region\" aria-labelledby=\"elementor-tab-title-4613\"><p class=\"p1\"><span class=\"s1\">Guide dogs and companion dogs for the disabled are allowed inside the circuit site (paddock) and are welcome.<\/span><\/p><p class=\"p1\"><span class=\"s1\">Pets are allowed, but must be kept on a leash at all times.<\/span><\/p><p class=\"p1\"><span class=\"s1\">Bear in mind that the circuit is noisy, hectic and there is a constant flow of vehicles. All these components are not particularly recommended for pets.<\/span><\/p><\/div>\n\t\t\t\t<\/div>\n\t\t\t\t\t\t\t<div class=\"elementor-accordion-item\">\n\t\t\t\t\t<div id=\"elementor-tab-title-4614\" class=\"elementor-tab-title\" data-tab=\"4\" role=\"button\" aria-controls=\"elementor-tab-content-4614\" aria-expanded=\"false\">\n\t\t\t\t\t\t\t\t\t\t\t\t\t<span class=\"elementor-accordion-icon elementor-accordion-icon-right\" aria-hidden=\"true\">\n\t\t\t\t\t\t\t\t\t\t\t\t\t\t\t<span class=\"elementor-accordion-icon-closed\"><i class=\"fas fa-caret-down\"><\/i><\/span>\n\t\t\t\t\t\t\t\t<span class=\"elementor-accordion-icon-opened\"><i class=\"fas fa-minus\"><\/i><\/span>\n\t\t\t\t\t\t\t\t\t\t\t\t\t\t<\/span>\n\t\t\t\t\t\t\t\t\t\t\t\t<a class=\"elementor-accordion-title\" tabindex=\"0\">No motorised vehicles in the paddocks for visitors<\/a>\n\t\t\t\t\t<\/div>\n\t\t\t\t\t<div id=\"elementor-tab-content-4614\" class=\"elementor-tab-content elementor-clearfix\" data-tab=\"4\" role=\"region\" aria-labelledby=\"elementor-tab-title-4614\"><p class=\"p1 translation-block\">For visitors, scooters and mopeds (registered or unregistered), mini-bikes, golf carts or any other similar motorised vehicle are NOT authorised, either in the paddocks or on the circuit site.<\/p><p class=\"p1\"><span class=\"s1\">Bicycles are allowed for moving around inside the paddocks and on the site. Please ride carefully, at low speed, and always give priority to pedestrians and ongoing activity in the paddocks. Wearing a helmet is mandatory.<\/span><\/p><p class=\"p1\"><span class=\"s1\">Roadbook Organisation cannot be held responsible for any incident. The user of a bicycle travels under his own responsibility and under the cover of his own insurance.<\/span><\/p><\/div>\n\t\t\t\t<\/div>\n\t\t\t\t\t\t\t<div class=\"elementor-accordion-item\">\n\t\t\t\t\t<div id=\"elementor-tab-title-4615\" class=\"elementor-tab-title\" data-tab=\"5\" role=\"button\" aria-controls=\"elementor-tab-content-4615\" aria-expanded=\"false\">\n\t\t\t\t\t\t\t\t\t\t\t\t\t<span class=\"elementor-accordion-icon elementor-accordion-icon-right\" aria-hidden=\"true\">\n\t\t\t\t\t\t\t\t\t\t\t\t\t\t\t<span class=\"elementor-accordion-icon-closed\"><i class=\"fas fa-caret-down\"><\/i><\/span>\n\t\t\t\t\t\t\t\t<span class=\"elementor-accordion-icon-opened\"><i class=\"fas fa-minus\"><\/i><\/span>\n\t\t\t\t\t\t\t\t\t\t\t\t\t\t<\/span>\n\t\t\t\t\t\t\t\t\t\t\t\t<a class=\"elementor-accordion-title\" tabindex=\"0\">Unmanned aerial vehicles and drones<\/a>\n\t\t\t\t\t<\/div>\n\t\t\t\t\t<div id=\"elementor-tab-content-4615\" class=\"elementor-tab-content elementor-clearfix\" data-tab=\"5\" role=\"region\" aria-labelledby=\"elementor-tab-title-4615\"><p>The use of drones or any other unmanned aerial vehicle for any purpose whatsoever is strictly regulated by the Circuit de Spa-Francorchamps.<\/p><p>Without authorisation, filming and shooting with drones is STRICTLY PROHIBITED.<\/p><p>You will find hereafter the \"DRONE GUIDE\" edited by the Circuit de Spa-Francorchamps.<\/p><p>It provides you with all the useful information, and in particular the references to the Belgian legislation on this subject. Roadbook will not tolerate any exception to the rules of the \"DRONE GUIDE\" and reserves the right, if necessary, to take any appropriate legal action against offenders, independently of any proceedings that may be taken by the circuit.<\/p><p><a href=\"https:\/\/www.spasixhours.com\/wp-content\/uploads\/2023\/04\/202303-DEF-drone-Francorchamps-EN.pdf\" target=\"_blank\" rel=\"noopener\">Download the \u201cDRONE GUIDE\u201d.\u00a0<\/a><\/p><\/div>\n\t\t\t\t<\/div>\n\t\t\t\t\t\t\t<div class=\"elementor-accordion-item\">\n\t\t\t\t\t<div id=\"elementor-tab-title-4616\" class=\"elementor-tab-title\" data-tab=\"6\" role=\"button\" aria-controls=\"elementor-tab-content-4616\" aria-expanded=\"false\">\n\t\t\t\t\t\t\t\t\t\t\t\t\t<span class=\"elementor-accordion-icon elementor-accordion-icon-right\" aria-hidden=\"true\">\n\t\t\t\t\t\t\t\t\t\t\t\t\t\t\t<span class=\"elementor-accordion-icon-closed\"><i class=\"fas fa-caret-down\"><\/i><\/span>\n\t\t\t\t\t\t\t\t<span class=\"elementor-accordion-icon-opened\"><i class=\"fas fa-minus\"><\/i><\/span>\n\t\t\t\t\t\t\t\t\t\t\t\t\t\t<\/span>\n\t\t\t\t\t\t\t\t\t\t\t\t<a class=\"elementor-accordion-title\" tabindex=\"0\">Good conduct in the stands of the circuit<\/a>\n\t\t\t\t\t<\/div>\n\t\t\t\t\t<div id=\"elementor-tab-content-4616\" class=\"elementor-tab-content elementor-clearfix\" data-tab=\"6\" role=\"region\" aria-labelledby=\"elementor-tab-title-4616\"><p>In the grandstands, please respect the following points:<\/p><ul><li>It is forbidden to sit and\/or obstruct the stairs of the stands;<\/li><li>Banners, flags and other promotional material are allowed as long as they do not obstruct the view and\/or disturb other spectators;<\/li><li>It is forbidden to go shirtless;<\/li><li>It is allowed to take pictures as long as they do not disturb other spectators;<\/li><li>Please do not stand too long;<\/li><li>The places reserved for PRMs must be respected.<br \/><br \/><\/li><\/ul><\/div>\n\t\t\t\t<\/div>\n\t\t\t\t\t\t\t\t<\/div>\n\t\t\t\t\t\t<\/div>\n\t\t\t\t<\/div>\n\t\t\t\t\t<\/div>\n\t\t<\/div>\n\t\t\t\t\t<\/div>\n\t\t<\/section>\n\t\t\t\t<\/div>","protected":false},"excerpt":{"rendered":"<p>Foires aux Questions Acc\u00e8s au circuit L\u2019acc\u00e8s au circuit est autoris\u00e9 \u00e0 toute personne ayant une entr\u00e9e valide et donne droit :\u00a0 \u2022 \u00e0 l\u2019entr\u00e9e g\u00e9n\u00e9rale du circuit \u2022 aux tribunes \u2022 aux paddocks \u00e0 l\u2019int\u00e9rieur du circuit Objet permis et interdits Il est interdit de fumer dans les b\u00e2timents et espaces VIP, ainsi que [&hellip;]<\/p>\n","protected":false},"author":3,"featured_media":0,"parent":0,"menu_order":0,"comment_status":"closed","ping_status":"closed","template":"","meta":{"footnotes":""},"class_list":["post-4217","page","type-page","status-publish","hentry"],"yoast_head":"<!-- This site is optimized with the Yoast SEO plugin v27.5 - https:\/\/yoast.com\/product\/yoast-seo-wordpress\/ -->\n<title>Foires aux Questions - Spa Six Hours<\/title>\n<meta name=\"robots\" content=\"index, follow, max-snippet:-1, max-image-preview:large, max-video-preview:-1\" \/>\n<link rel=\"canonical\" href=\"https:\/\/www.spasixhours.com\/en\/foires-aux-questions\/\" \/>\n<meta property=\"og:locale\" content=\"en_GB\" \/>\n<meta property=\"og:type\" content=\"article\" \/>\n<meta property=\"og:title\" content=\"Foires aux Questions - Spa Six Hours\" \/>\n<meta property=\"og:description\" content=\"Foires aux Questions Acc\u00e8s au circuit L\u2019acc\u00e8s au circuit est autoris\u00e9 \u00e0 toute personne ayant une entr\u00e9e valide et donne droit :\u00a0 \u2022 \u00e0 l\u2019entr\u00e9e g\u00e9n\u00e9rale du circuit \u2022 aux tribunes \u2022 aux paddocks \u00e0 l\u2019int\u00e9rieur du circuit Objet permis et interdits Il est interdit de fumer dans les b\u00e2timents et espaces VIP, ainsi que [&hellip;]\" \/>\n<meta property=\"og:url\" content=\"https:\/\/www.spasixhours.com\/en\/foires-aux-questions\/\" \/>\n<meta property=\"og:site_name\" content=\"Spa Six Hours\" \/>\n<meta property=\"article:modified_time\" content=\"2025-04-09T22:16:38+00:00\" \/>\n<meta name=\"twitter:card\" content=\"summary_large_image\" \/>\n<meta name=\"twitter:label1\" content=\"Estimated reading time\" \/>\n\t<meta name=\"twitter:data1\" content=\"3 minutes\" \/>\n<script type=\"application\/ld+json\" class=\"yoast-schema-graph\">{\"@context\":\"https:\\\/\\\/schema.org\",\"@graph\":[{\"@type\":\"WebPage\",\"@id\":\"https:\\\/\\\/www.spasixhours.com\\\/foires-aux-questions\\\/\",\"url\":\"https:\\\/\\\/www.spasixhours.com\\\/foires-aux-questions\\\/\",\"name\":\"Foires aux Questions - Spa Six Hours\",\"isPartOf\":{\"@id\":\"https:\\\/\\\/www.spasixhours.com\\\/#website\"},\"datePublished\":\"2022-12-23T14:26:19+00:00\",\"dateModified\":\"2025-04-09T22:16:38+00:00\",\"breadcrumb\":{\"@id\":\"https:\\\/\\\/www.spasixhours.com\\\/foires-aux-questions\\\/#breadcrumb\"},\"inLanguage\":\"en-GB\",\"potentialAction\":[{\"@type\":\"ReadAction\",\"target\":[\"https:\\\/\\\/www.spasixhours.com\\\/foires-aux-questions\\\/\"]}]},{\"@type\":\"BreadcrumbList\",\"@id\":\"https:\\\/\\\/www.spasixhours.com\\\/foires-aux-questions\\\/#breadcrumb\",\"itemListElement\":[{\"@type\":\"ListItem\",\"position\":1,\"name\":\"Accueil\",\"item\":\"https:\\\/\\\/www.spasixhours.com\\\/\"},{\"@type\":\"ListItem\",\"position\":2,\"name\":\"Foires aux Questions\"}]},{\"@type\":\"WebSite\",\"@id\":\"https:\\\/\\\/www.spasixhours.com\\\/#website\",\"url\":\"https:\\\/\\\/www.spasixhours.com\\\/\",\"name\":\"Spa Six Hours\",\"description\":\"The Sound of History\",\"publisher\":{\"@id\":\"https:\\\/\\\/www.spasixhours.com\\\/#organization\"},\"potentialAction\":[{\"@type\":\"SearchAction\",\"target\":{\"@type\":\"EntryPoint\",\"urlTemplate\":\"https:\\\/\\\/www.spasixhours.com\\\/?s={search_term_string}\"},\"query-input\":{\"@type\":\"PropertyValueSpecification\",\"valueRequired\":true,\"valueName\":\"search_term_string\"}}],\"inLanguage\":\"en-GB\"},{\"@type\":\"Organization\",\"@id\":\"https:\\\/\\\/www.spasixhours.com\\\/#organization\",\"name\":\"Spa Six Hours\",\"url\":\"https:\\\/\\\/www.spasixhours.com\\\/\",\"logo\":{\"@type\":\"ImageObject\",\"inLanguage\":\"en-GB\",\"@id\":\"https:\\\/\\\/www.spasixhours.com\\\/#\\\/schema\\\/logo\\\/image\\\/\",\"url\":\"https:\\\/\\\/www.spasixhours.com\\\/wp-content\\\/uploads\\\/2022\\\/03\\\/Logo_SpaSixHours-1.png\",\"contentUrl\":\"https:\\\/\\\/www.spasixhours.com\\\/wp-content\\\/uploads\\\/2022\\\/03\\\/Logo_SpaSixHours-1.png\",\"width\":333,\"height\":144,\"caption\":\"Spa Six Hours\"},\"image\":{\"@id\":\"https:\\\/\\\/www.spasixhours.com\\\/#\\\/schema\\\/logo\\\/image\\\/\"}}]}<\/script>\n<!-- \/ Yoast SEO plugin. -->","yoast_head_json":{"title":"Foires aux Questions - Spa Six Hours","robots":{"index":"index","follow":"follow","max-snippet":"max-snippet:-1","max-image-preview":"max-image-preview:large","max-video-preview":"max-video-preview:-1"},"canonical":"https:\/\/www.spasixhours.com\/en\/foires-aux-questions\/","og_locale":"en_GB","og_type":"article","og_title":"Foires aux Questions - Spa Six Hours","og_description":"Foires aux Questions Acc\u00e8s au circuit L\u2019acc\u00e8s au circuit est autoris\u00e9 \u00e0 toute personne ayant une entr\u00e9e valide et donne droit :\u00a0 \u2022 \u00e0 l\u2019entr\u00e9e g\u00e9n\u00e9rale du circuit \u2022 aux tribunes \u2022 aux paddocks \u00e0 l\u2019int\u00e9rieur du circuit Objet permis et interdits Il est interdit de fumer dans les b\u00e2timents et espaces VIP, ainsi que [&hellip;]","og_url":"https:\/\/www.spasixhours.com\/en\/foires-aux-questions\/","og_site_name":"Spa Six Hours","article_modified_time":"2025-04-09T22:16:38+00:00","twitter_card":"summary_large_image","twitter_misc":{"Estimated reading time":"3 minutes"},"schema":{"@context":"https:\/\/schema.org","@graph":[{"@type":"WebPage","@id":"https:\/\/www.spasixhours.com\/foires-aux-questions\/","url":"https:\/\/www.spasixhours.com\/foires-aux-questions\/","name":"Foires aux Questions - Spa Six Hours","isPartOf":{"@id":"https:\/\/www.spasixhours.com\/#website"},"datePublished":"2022-12-23T14:26:19+00:00","dateModified":"2025-04-09T22:16:38+00:00","breadcrumb":{"@id":"https:\/\/www.spasixhours.com\/foires-aux-questions\/#breadcrumb"},"inLanguage":"en-GB","potentialAction":[{"@type":"ReadAction","target":["https:\/\/www.spasixhours.com\/foires-aux-questions\/"]}]},{"@type":"BreadcrumbList","@id":"https:\/\/www.spasixhours.com\/foires-aux-questions\/#breadcrumb","itemListElement":[{"@type":"ListItem","position":1,"name":"Accueil","item":"https:\/\/www.spasixhours.com\/"},{"@type":"ListItem","position":2,"name":"Foires aux Questions"}]},{"@type":"WebSite","@id":"https:\/\/www.spasixhours.com\/#website","url":"https:\/\/www.spasixhours.com\/","name":"Spa Six Hours","description":"The Sound of History","publisher":{"@id":"https:\/\/www.spasixhours.com\/#organization"},"potentialAction":[{"@type":"SearchAction","target":{"@type":"EntryPoint","urlTemplate":"https:\/\/www.spasixhours.com\/?s={search_term_string}"},"query-input":{"@type":"PropertyValueSpecification","valueRequired":true,"valueName":"search_term_string"}}],"inLanguage":"en-GB"},{"@type":"Organization","@id":"https:\/\/www.spasixhours.com\/#organization","name":"Spa Six Hours","url":"https:\/\/www.spasixhours.com\/","logo":{"@type":"ImageObject","inLanguage":"en-GB","@id":"https:\/\/www.spasixhours.com\/#\/schema\/logo\/image\/","url":"https:\/\/www.spasixhours.com\/wp-content\/uploads\/2022\/03\/Logo_SpaSixHours-1.png","contentUrl":"https:\/\/www.spasixhours.com\/wp-content\/uploads\/2022\/03\/Logo_SpaSixHours-1.png","width":333,"height":144,"caption":"Spa Six Hours"},"image":{"@id":"https:\/\/www.spasixhours.com\/#\/schema\/logo\/image\/"}}]}},"_links":{"self":[{"href":"https:\/\/www.spasixhours.com\/en\/wp-json\/wp\/v2\/pages\/4217","targetHints":{"allow":["GET"]}}],"collection":[{"href":"https:\/\/www.spasixhours.com\/en\/wp-json\/wp\/v2\/pages"}],"about":[{"href":"https:\/\/www.spasixhours.com\/en\/wp-json\/wp\/v2\/types\/page"}],"author":[{"embeddable":true,"href":"https:\/\/www.spasixhours.com\/en\/wp-json\/wp\/v2\/users\/3"}],"replies":[{"embeddable":true,"href":"https:\/\/www.spasixhours.com\/en\/wp-json\/wp\/v2\/comments?post=4217"}],"version-history":[{"count":98,"href":"https:\/\/www.spasixhours.com\/en\/wp-json\/wp\/v2\/pages\/4217\/revisions"}],"predecessor-version":[{"id":8485,"href":"https:\/\/www.spasixhours.com\/en\/wp-json\/wp\/v2\/pages\/4217\/revisions\/8485"}],"wp:attachment":[{"href":"https:\/\/www.spasixhours.com\/en\/wp-json\/wp\/v2\/media?parent=4217"}],"curies":[{"name":"wp","href":"https:\/\/api.w.org\/{rel}","templated":true}]}}