{"id":4363,"date":"2023-02-07T10:08:37","date_gmt":"2023-02-07T09:08:37","guid":{"rendered":"https:\/\/www.spasixhours.com\/?page_id=4363"},"modified":"2026-03-11T15:47:40","modified_gmt":"2026-03-11T14:47:40","slug":"shop","status":"publish","type":"page","link":"https:\/\/www.spasixhours.com\/en\/laboutique\/","title":{"rendered":"Shop"},"content":{"rendered":"\t\t<div data-elementor-type=\"wp-page\" data-elementor-id=\"4363\" class=\"elementor elementor-4363\" data-elementor-post-type=\"page\">\n\t\t\t\t\t\t<section class=\"elementor-section elementor-top-section elementor-element elementor-element-04cccfc elementor-section-full_width elementor-section-height-min-height elementor-section-stretched elementor-section-content-bottom elementor-section-height-default elementor-section-items-middle\" data-id=\"04cccfc\" data-element_type=\"section\" data-e-type=\"section\" data-settings=\"{&quot;stretch_section&quot;:&quot;section-stretched&quot;,&quot;background_background&quot;:&quot;slideshow&quot;,&quot;background_slideshow_gallery&quot;:[{&quot;id&quot;:6536,&quot;url&quot;:&quot;https:\\\/\\\/www.spasixhours.com\\\/wp-content\\\/uploads\\\/2024\\\/01\\\/2-scaled.webp&quot;},{&quot;id&quot;:6537,&quot;url&quot;:&quot;https:\\\/\\\/www.spasixhours.com\\\/wp-content\\\/uploads\\\/2024\\\/01\\\/Capture-decran-2024-01-24-a-18.37.07.webp&quot;}],&quot;background_slideshow_slide_duration&quot;:3000,&quot;background_slideshow_loop&quot;:&quot;yes&quot;,&quot;background_slideshow_slide_transition&quot;:&quot;fade&quot;,&quot;background_slideshow_transition_duration&quot;:500}\">\n\t\t\t\t\t\t\t<div class=\"elementor-background-overlay\"><\/div>\n\t\t\t\t\t\t\t<div class=\"elementor-container elementor-column-gap-extended\">\n\t\t\t\t\t<div class=\"elementor-column elementor-col-100 elementor-top-column elementor-element elementor-element-1314038e\" data-id=\"1314038e\" data-element_type=\"column\" data-e-type=\"column\" data-settings=\"{&quot;background_background&quot;:&quot;slideshow&quot;,&quot;background_slideshow_gallery&quot;:[],&quot;background_slideshow_loop&quot;:&quot;yes&quot;,&quot;background_slideshow_slide_duration&quot;:5000,&quot;background_slideshow_slide_transition&quot;:&quot;fade&quot;,&quot;background_slideshow_transition_duration&quot;:500}\">\n\t\t\t<div class=\"elementor-widget-wrap\">\n\t\t\t\t\t\t\t<\/div>\n\t\t<\/div>\n\t\t\t\t\t<\/div>\n\t\t<\/section>\n\t\t\t\t<section class=\"elementor-section elementor-top-section elementor-element elementor-element-1f460b4 elementor-section-full_width elementor-section-height-min-height elementor-section-stretched elementor-section-content-bottom elementor-section-height-default elementor-section-items-middle\" data-id=\"1f460b4\" data-element_type=\"section\" data-e-type=\"section\" data-settings=\"{&quot;stretch_section&quot;:&quot;section-stretched&quot;,&quot;background_background&quot;:&quot;classic&quot;}\">\n\t\t\t\t\t\t\t<div class=\"elementor-background-overlay\"><\/div>\n\t\t\t\t\t\t\t<div class=\"elementor-container elementor-column-gap-extended\">\n\t\t\t\t\t<div class=\"elementor-column elementor-col-100 elementor-top-column elementor-element elementor-element-d27ef2d\" data-id=\"d27ef2d\" data-element_type=\"column\" data-e-type=\"column\" data-settings=\"{&quot;background_background&quot;:&quot;slideshow&quot;,&quot;background_slideshow_gallery&quot;:[],&quot;background_slideshow_loop&quot;:&quot;yes&quot;,&quot;background_slideshow_slide_duration&quot;:5000,&quot;background_slideshow_slide_transition&quot;:&quot;fade&quot;,&quot;background_slideshow_transition_duration&quot;:500}\">\n\t\t\t<div class=\"elementor-widget-wrap elementor-element-populated\">\n\t\t\t\t\t\t<div class=\"elementor-element elementor-element-38aa4ae elementor-invisible elementor-widget elementor-widget-heading\" data-id=\"38aa4ae\" data-element_type=\"widget\" data-e-type=\"widget\" data-settings=\"{&quot;_animation&quot;:&quot;fadeInDown&quot;,&quot;_animation_delay&quot;:400}\" data-widget_type=\"heading.default\">\n\t\t\t\t<div class=\"elementor-widget-container\">\n\t\t\t\t\t<h4 class=\"elementor-heading-title elementor-size-default\">BOUTIQUE OFFICIELLE SPA SIX HOURS<\/h4>\t\t\t\t<\/div>\n\t\t\t\t<\/div>\n\t\t\t\t\t<\/div>\n\t\t<\/div>\n\t\t\t\t\t<\/div>\n\t\t<\/section>\n\t\t\t\t<section class=\"elementor-section elementor-top-section elementor-element elementor-element-d33bd76 elementor-section-full_width elementor-section-stretched elementor-section-content-middle elementor-section-height-default elementor-section-height-default\" data-id=\"d33bd76\" data-element_type=\"section\" data-e-type=\"section\" data-settings=\"{&quot;stretch_section&quot;:&quot;section-stretched&quot;}\">\n\t\t\t\t\t\t<div class=\"elementor-container elementor-column-gap-extended\">\n\t\t\t\t\t<div class=\"elementor-column elementor-col-100 elementor-top-column elementor-element elementor-element-a74b5c3\" data-id=\"a74b5c3\" data-element_type=\"column\" data-e-type=\"column\">\n\t\t\t<div class=\"elementor-widget-wrap elementor-element-populated\">\n\t\t\t\t\t\t<div class=\"elementor-element elementor-element-c0558ef elementor-invisible elementor-widget elementor-widget-text-editor\" data-id=\"c0558ef\" data-element_type=\"widget\" data-e-type=\"widget\" data-settings=\"{&quot;_animation&quot;:&quot;fadeIn&quot;}\" data-widget_type=\"text-editor.default\">\n\t\t\t\t<div class=\"elementor-widget-container\">\n\t\t\t\t\t\t\t\t\t<p>Plongez dans l\u2019univers exclusif des\u00a0<strong>Spa Six Hours 2025<\/strong>\u00a0avec une s\u00e9lection d\u2019articles soigneusement con\u00e7us pour les passionn\u00e9s de sport automobile. Profitez de cette opportunit\u00e9 unique pour vous faire plaisir ou offrir un cadeau m\u00e9morable \u00e0 un proche.<\/p><p><strong>Affrontez les caprices du microclimat de Francorchamps !<\/strong><br \/>Ne laissez pas la m\u00e9t\u00e9o vous surprendre : optez pour le\u00a0<strong>parapluie navy<\/strong>, un accessoire \u00e0 la fois \u00e9l\u00e9gant et fonctionnel qui vous accompagnera sur le circuit et au-del\u00e0.<\/p><p><strong>Affichez votre passion avec style<\/strong><br \/>Que vous soyez dans les paddocks, en tribune ou en ville, portez fi\u00e8rement les couleurs des\u00a0<strong>Spa Six Hours<\/strong>\u00a0gr\u00e2ce \u00e0 notre collection textile exclusive :<\/p><ul><li><strong>T-shirt officiel<\/strong>\u00a0: un incontournable pour tous les passionn\u00e9s, alliant confort et design soign\u00e9.<\/li><li><b>\u00a0Polo Officiel\u00a0<\/b>: l\u2019\u00e9l\u00e9gance et le confort r\u00e9unis pour un look sportif et distingu\u00e9.<\/li><li><strong>Polaire sans manches<\/strong>\u00a0: id\u00e9ale pour rester au chaud sans compromettre votre libert\u00e9 de mouvement.<\/li><li><strong>Doudoune l\u00e9g\u00e8re<\/strong>\u00a0: un alli\u00e9 parfait pour affronter les soir\u00e9es fra\u00eeches avec \u00e9l\u00e9gance.<\/li><\/ul><p><strong><br \/>L\u2019esprit des Spa Six Hours, toujours avec vous<\/strong><\/p><ul><li><strong>Porte-cl\u00e9 \u00ab The Sound of History \u00bb<\/strong>\u00a0: un symbole intemporel qui vous rappellera chaque jour l\u2019adr\u00e9naline et l\u2019ambiance unique de l\u2019\u00e9v\u00e9nement.<\/li><li><strong>Plaid navy<\/strong>\u00a0: installez-vous confortablement et revivez les moments forts du meeting en visionnant l\u2019after-movie.<\/li><li><b>Affiche Collector des Spa Six Hours 2026 : <\/b>un collector en quantit\u00e9 limit\u00e9e, \u0153uvre unique, id\u00e9ale pour d\u00e9corer votre int\u00e9rieur et garder un souvenir iconique de cette \u00e9dition<span class=\"gmail_default\">.<\/span><\/li><\/ul><p><b><br \/>Retrouvez tous ces articles et d&rsquo;autres surprises sur le stand OFFICIAL SHOP des Spa Six Hours, situ\u00e9 au coeur du paddock exp\u00e9rience !<\/b><br \/>Ne manquez pas l\u2019occasion de repartir avec un souvenir unique.<\/p><p>Pour toute information ou pour commander d\u00e8s maintenant, contactez-nous \u00e0 <strong><a href=\"mailto:contact@roabook.net\">contact@roabook.net<\/a><\/strong><\/p>\t\t\t\t\t\t\t\t<\/div>\n\t\t\t\t<\/div>\n\t\t\t\t<div class=\"elementor-element elementor-element-b572b2a elementor-widget elementor-widget-premium-image-accordion\" data-id=\"b572b2a\" data-element_type=\"widget\" data-e-type=\"widget\" data-settings=\"{&quot;active_img_size&quot;:{&quot;unit&quot;:&quot;px&quot;,&quot;size&quot;:&quot;&quot;,&quot;sizes&quot;:[]},&quot;active_img_size_tablet&quot;:{&quot;unit&quot;:&quot;px&quot;,&quot;size&quot;:&quot;&quot;,&quot;sizes&quot;:[]},&quot;active_img_size_mobile&quot;:{&quot;unit&quot;:&quot;px&quot;,&quot;size&quot;:&quot;&quot;,&quot;sizes&quot;:[]},&quot;direction_type&quot;:&quot;horizontal&quot;,&quot;height&quot;:{&quot;unit&quot;:&quot;px&quot;,&quot;size&quot;:&quot;&quot;,&quot;sizes&quot;:[]},&quot;height_tablet&quot;:{&quot;unit&quot;:&quot;px&quot;,&quot;size&quot;:&quot;&quot;,&quot;sizes&quot;:[]},&quot;height_mobile&quot;:{&quot;unit&quot;:&quot;px&quot;,&quot;size&quot;:&quot;&quot;,&quot;sizes&quot;:[]}}\" data-widget_type=\"premium-image-accordion.default\">\n\t\t\t\t<div class=\"elementor-widget-container\">\n\t\t\t\t\t\r\n\t\t\t<div id=\"premium-accordion-section-b572b2a\" class=\"premium-accordion-section premium-accordion-horizontal\">\r\n\t\t\t\t<ul class=\"premium-accordion-ul\">\r\n\t\t\t\t\t\r\n\t\t\t\t\t\t<li class=\"premium-accordion-li elementor-repeater-item-fdf52be\">\r\n\t\t\t\t\t\t\t\t\t\t\t\t\t\t\t<div class=\"premium-accordion-background\"><\/div>\r\n\t\t\t\t\t\t\t\r\n\t\t\t\t\t\t\t\r\n\t\t\t\t\t\t\t<div class=\"premium-accordion-overlay-wrap\">\r\n\t\t\t\t\t\t\t\t\t\t\t\t\t\t\t<\/div>\r\n\t\t\t\t\t\t<\/li>\r\n\t\t\t\t\t\r\n\t\t\t\t\t\t<li class=\"premium-accordion-li elementor-repeater-item-169002b\">\r\n\t\t\t\t\t\t\t\t\t\t\t\t\t\t\t<div class=\"premium-accordion-background\"><\/div>\r\n\t\t\t\t\t\t\t\r\n\t\t\t\t\t\t\t\r\n\t\t\t\t\t\t\t<div class=\"premium-accordion-overlay-wrap\">\r\n\t\t\t\t\t\t\t\t\t\t\t\t\t\t\t<\/div>\r\n\t\t\t\t\t\t<\/li>\r\n\t\t\t\t\t\r\n\t\t\t\t\t\t<li class=\"premium-accordion-li elementor-repeater-item-93ecabf\">\r\n\t\t\t\t\t\t\t\t\t\t\t\t\t\t\t<div class=\"premium-accordion-background\"><\/div>\r\n\t\t\t\t\t\t\t\r\n\t\t\t\t\t\t\t\r\n\t\t\t\t\t\t\t<div class=\"premium-accordion-overlay-wrap\">\r\n\t\t\t\t\t\t\t\t\t\t\t\t\t\t\t<\/div>\r\n\t\t\t\t\t\t<\/li>\r\n\t\t\t\t\t\r\n\t\t\t\t\t\t<li class=\"premium-accordion-li elementor-repeater-item-80342a5\">\r\n\t\t\t\t\t\t\t\t\t\t\t\t\t\t\t<div class=\"premium-accordion-background\"><\/div>\r\n\t\t\t\t\t\t\t\r\n\t\t\t\t\t\t\t\r\n\t\t\t\t\t\t\t<div class=\"premium-accordion-overlay-wrap\">\r\n\t\t\t\t\t\t\t\t\t\t\t\t\t\t\t<\/div>\r\n\t\t\t\t\t\t<\/li>\r\n\t\t\t\t\t\r\n\t\t\t\t\t\t<li class=\"premium-accordion-li elementor-repeater-item-9587ae5\">\r\n\t\t\t\t\t\t\t\t\t\t\t\t\t\t\t<div class=\"premium-accordion-background\"><\/div>\r\n\t\t\t\t\t\t\t\r\n\t\t\t\t\t\t\t\r\n\t\t\t\t\t\t\t<div class=\"premium-accordion-overlay-wrap\">\r\n\t\t\t\t\t\t\t\t\t\t\t\t\t\t\t<\/div>\r\n\t\t\t\t\t\t<\/li>\r\n\t\t\t\t\t\r\n\t\t\t\t\t\t<li class=\"premium-accordion-li elementor-repeater-item-c1a4a58\">\r\n\t\t\t\t\t\t\t\t\t\t\t\t\t\t\t<div class=\"premium-accordion-background\"><\/div>\r\n\t\t\t\t\t\t\t\r\n\t\t\t\t\t\t\t\r\n\t\t\t\t\t\t\t<div class=\"premium-accordion-overlay-wrap\">\r\n\t\t\t\t\t\t\t\t\t\t\t\t\t\t\t<\/div>\r\n\t\t\t\t\t\t<\/li>\r\n\t\t\t\t\t\t\t\t\t<\/ul>\r\n\t\t\t<\/div>\r\n\t\t\t\t\t\t<\/div>\n\t\t\t\t<\/div>\n\t\t\t\t<div class=\"elementor-element elementor-element-0984017 elementor-hidden-desktop elementor-hidden-tablet elementor-hidden-mobile elementor-widget elementor-widget-gallery\" data-id=\"0984017\" data-element_type=\"widget\" data-e-type=\"widget\" data-settings=\"{&quot;columns&quot;:3,&quot;lazyload&quot;:&quot;yes&quot;,&quot;gallery_layout&quot;:&quot;grid&quot;,&quot;columns_tablet&quot;:2,&quot;columns_mobile&quot;:1,&quot;gap&quot;:{&quot;unit&quot;:&quot;px&quot;,&quot;size&quot;:10,&quot;sizes&quot;:[]},&quot;gap_tablet&quot;:{&quot;unit&quot;:&quot;px&quot;,&quot;size&quot;:10,&quot;sizes&quot;:[]},&quot;gap_mobile&quot;:{&quot;unit&quot;:&quot;px&quot;,&quot;size&quot;:10,&quot;sizes&quot;:[]},&quot;link_to&quot;:&quot;file&quot;,&quot;aspect_ratio&quot;:&quot;3:2&quot;}\" data-widget_type=\"gallery.default\">\n\t\t\t\t<div class=\"elementor-widget-container\">\n\t\t\t\t\t\t\t<div class=\"elementor-gallery__container\">\n\t\t\t\t\t\t\t<a class=\"e-gallery-item elementor-gallery-item\" href=\"https:\/\/www.spasixhours.com\/wp-content\/uploads\/2023\/08\/4__1__720.png\" data-elementor-open-lightbox=\"yes\" data-elementor-lightbox-slideshow=\"0984017\" data-elementor-lightbox-title=\"4__1__720\" data-e-action-hash=\"#elementor-action%3Aaction%3Dlightbox%26settings%3DeyJpZCI6NTcwMSwidXJsIjoiaHR0cHM6XC9cL3d3dy5zcGFzaXhob3Vycy5jb21cL3dwLWNvbnRlbnRcL3VwbG9hZHNcLzIwMjNcLzA4XC80X18xX183MjAucG5nIiwic2xpZGVzaG93IjoiMDk4NDAxNyJ9\">\n\t\t\t\t\t<div class=\"e-gallery-image elementor-gallery-item__image\" data-thumbnail=\"https:\/\/www.spasixhours.com\/wp-content\/uploads\/2023\/08\/4__1__720.png\" data-width=\"720\" data-height=\"604\" aria-label=\"\" role=\"img\" ><\/div>\n\t\t\t\t\t\t\t\t\t\t\t\t\t\t<\/a>\n\t\t\t\t\t\t\t<a class=\"e-gallery-item elementor-gallery-item\" href=\"https:\/\/www.spasixhours.com\/wp-content\/uploads\/2023\/08\/2__1__720.png\" data-elementor-open-lightbox=\"yes\" data-elementor-lightbox-slideshow=\"0984017\" data-elementor-lightbox-title=\"2__1__720\" data-e-action-hash=\"#elementor-action%3Aaction%3Dlightbox%26settings%3DeyJpZCI6NTcwMCwidXJsIjoiaHR0cHM6XC9cL3d3dy5zcGFzaXhob3Vycy5jb21cL3dwLWNvbnRlbnRcL3VwbG9hZHNcLzIwMjNcLzA4XC8yX18xX183MjAucG5nIiwic2xpZGVzaG93IjoiMDk4NDAxNyJ9\">\n\t\t\t\t\t<div class=\"e-gallery-image elementor-gallery-item__image\" data-thumbnail=\"https:\/\/www.spasixhours.com\/wp-content\/uploads\/2023\/08\/2__1__720.png\" data-width=\"720\" data-height=\"604\" aria-label=\"\" role=\"img\" ><\/div>\n\t\t\t\t\t\t\t\t\t\t\t\t\t\t<\/a>\n\t\t\t\t\t\t\t<a class=\"e-gallery-item elementor-gallery-item\" href=\"https:\/\/www.spasixhours.com\/wp-content\/uploads\/2023\/08\/3__1__720.png\" data-elementor-open-lightbox=\"yes\" data-elementor-lightbox-slideshow=\"0984017\" data-elementor-lightbox-title=\"3__1__720\" data-e-action-hash=\"#elementor-action%3Aaction%3Dlightbox%26settings%3DeyJpZCI6NTY5OSwidXJsIjoiaHR0cHM6XC9cL3d3dy5zcGFzaXhob3Vycy5jb21cL3dwLWNvbnRlbnRcL3VwbG9hZHNcLzIwMjNcLzA4XC8zX18xX183MjAucG5nIiwic2xpZGVzaG93IjoiMDk4NDAxNyJ9\">\n\t\t\t\t\t<div class=\"e-gallery-image elementor-gallery-item__image\" data-thumbnail=\"https:\/\/www.spasixhours.com\/wp-content\/uploads\/2023\/08\/3__1__720.png\" data-width=\"720\" data-height=\"604\" aria-label=\"\" role=\"img\" ><\/div>\n\t\t\t\t\t\t\t\t\t\t\t\t\t\t<\/a>\n\t\t\t\t\t<\/div>\n\t\t\t\t\t<\/div>\n\t\t\t\t<\/div>\n\t\t\t\t\t<\/div>\n\t\t<\/div>\n\t\t\t\t\t<\/div>\n\t\t<\/section>\n\t\t\t\t<\/div>\n\t\t","protected":false},"excerpt":{"rendered":"<p>BOUTIQUE OFFICIELLE SPA SIX HOURS Plongez dans l\u2019univers exclusif des\u00a0Spa Six Hours 2025\u00a0avec une s\u00e9lection d\u2019articles soigneusement con\u00e7us pour les passionn\u00e9s de sport automobile. Profitez de cette opportunit\u00e9 unique pour vous faire plaisir ou offrir un cadeau m\u00e9morable \u00e0 un proche. Affrontez les caprices du microclimat de Francorchamps !Ne laissez pas la m\u00e9t\u00e9o vous surprendre [&hellip;]<\/p>\n","protected":false},"author":3,"featured_media":0,"parent":0,"menu_order":0,"comment_status":"closed","ping_status":"closed","template":"","meta":{"footnotes":""},"class_list":["post-4363","page","type-page","status-publish","hentry"],"yoast_head":"<!-- This site is optimized with the Yoast SEO plugin v27.4 - https:\/\/yoast.com\/product\/yoast-seo-wordpress\/ -->\n<title>LA BOUTIQUE - Spa Six Hours<\/title>\n<meta name=\"robots\" content=\"index, follow, max-snippet:-1, max-image-preview:large, max-video-preview:-1\" \/>\n<link rel=\"canonical\" href=\"https:\/\/www.spasixhours.com\/en\/shop\/\" \/>\n<meta property=\"og:locale\" content=\"en_GB\" \/>\n<meta property=\"og:type\" content=\"article\" \/>\n<meta property=\"og:title\" content=\"LA BOUTIQUE - Spa Six Hours\" \/>\n<meta property=\"og:description\" content=\"BOUTIQUE OFFICIELLE SPA SIX HOURS Plongez dans l\u2019univers exclusif des\u00a0Spa Six Hours 2025\u00a0avec une s\u00e9lection d\u2019articles soigneusement con\u00e7us pour les passionn\u00e9s de sport automobile. Profitez de cette opportunit\u00e9 unique pour vous faire plaisir ou offrir un cadeau m\u00e9morable \u00e0 un proche. Affrontez les caprices du microclimat de Francorchamps !Ne laissez pas la m\u00e9t\u00e9o vous surprendre [&hellip;]\" \/>\n<meta property=\"og:url\" content=\"https:\/\/www.spasixhours.com\/en\/shop\/\" \/>\n<meta property=\"og:site_name\" content=\"Spa Six Hours\" \/>\n<meta property=\"article:modified_time\" content=\"2026-03-11T14:47:40+00:00\" \/>\n<meta name=\"twitter:card\" content=\"summary_large_image\" \/>\n<meta name=\"twitter:label1\" content=\"Estimated reading time\" \/>\n\t<meta name=\"twitter:data1\" content=\"2 minutes\" \/>\n<script type=\"application\/ld+json\" class=\"yoast-schema-graph\">{\"@context\":\"https:\\\/\\\/schema.org\",\"@graph\":[{\"@type\":\"WebPage\",\"@id\":\"https:\\\/\\\/www.spasixhours.com\\\/laboutique\\\/\",\"url\":\"https:\\\/\\\/www.spasixhours.com\\\/laboutique\\\/\",\"name\":\"LA BOUTIQUE - Spa Six Hours\",\"isPartOf\":{\"@id\":\"https:\\\/\\\/www.spasixhours.com\\\/#website\"},\"datePublished\":\"2023-02-07T09:08:37+00:00\",\"dateModified\":\"2026-03-11T14:47:40+00:00\",\"breadcrumb\":{\"@id\":\"https:\\\/\\\/www.spasixhours.com\\\/laboutique\\\/#breadcrumb\"},\"inLanguage\":\"en-GB\",\"potentialAction\":[{\"@type\":\"ReadAction\",\"target\":[\"https:\\\/\\\/www.spasixhours.com\\\/laboutique\\\/\"]}]},{\"@type\":\"BreadcrumbList\",\"@id\":\"https:\\\/\\\/www.spasixhours.com\\\/laboutique\\\/#breadcrumb\",\"itemListElement\":[{\"@type\":\"ListItem\",\"position\":1,\"name\":\"Accueil\",\"item\":\"https:\\\/\\\/www.spasixhours.com\\\/\"},{\"@type\":\"ListItem\",\"position\":2,\"name\":\"LA BOUTIQUE\"}]},{\"@type\":\"WebSite\",\"@id\":\"https:\\\/\\\/www.spasixhours.com\\\/#website\",\"url\":\"https:\\\/\\\/www.spasixhours.com\\\/\",\"name\":\"Spa Six Hours\",\"description\":\"The Sound of History\",\"publisher\":{\"@id\":\"https:\\\/\\\/www.spasixhours.com\\\/#organization\"},\"potentialAction\":[{\"@type\":\"SearchAction\",\"target\":{\"@type\":\"EntryPoint\",\"urlTemplate\":\"https:\\\/\\\/www.spasixhours.com\\\/?s={search_term_string}\"},\"query-input\":{\"@type\":\"PropertyValueSpecification\",\"valueRequired\":true,\"valueName\":\"search_term_string\"}}],\"inLanguage\":\"en-GB\"},{\"@type\":\"Organization\",\"@id\":\"https:\\\/\\\/www.spasixhours.com\\\/#organization\",\"name\":\"Spa Six Hours\",\"url\":\"https:\\\/\\\/www.spasixhours.com\\\/\",\"logo\":{\"@type\":\"ImageObject\",\"inLanguage\":\"en-GB\",\"@id\":\"https:\\\/\\\/www.spasixhours.com\\\/#\\\/schema\\\/logo\\\/image\\\/\",\"url\":\"https:\\\/\\\/www.spasixhours.com\\\/wp-content\\\/uploads\\\/2022\\\/03\\\/Logo_SpaSixHours-1.png\",\"contentUrl\":\"https:\\\/\\\/www.spasixhours.com\\\/wp-content\\\/uploads\\\/2022\\\/03\\\/Logo_SpaSixHours-1.png\",\"width\":333,\"height\":144,\"caption\":\"Spa Six Hours\"},\"image\":{\"@id\":\"https:\\\/\\\/www.spasixhours.com\\\/#\\\/schema\\\/logo\\\/image\\\/\"}}]}<\/script>\n<!-- \/ Yoast SEO plugin. -->","yoast_head_json":{"title":"LA BOUTIQUE - Spa Six Hours","robots":{"index":"index","follow":"follow","max-snippet":"max-snippet:-1","max-image-preview":"max-image-preview:large","max-video-preview":"max-video-preview:-1"},"canonical":"https:\/\/www.spasixhours.com\/en\/shop\/","og_locale":"en_GB","og_type":"article","og_title":"LA BOUTIQUE - Spa Six Hours","og_description":"BOUTIQUE OFFICIELLE SPA SIX HOURS Plongez dans l\u2019univers exclusif des\u00a0Spa Six Hours 2025\u00a0avec une s\u00e9lection d\u2019articles soigneusement con\u00e7us pour les passionn\u00e9s de sport automobile. Profitez de cette opportunit\u00e9 unique pour vous faire plaisir ou offrir un cadeau m\u00e9morable \u00e0 un proche. Affrontez les caprices du microclimat de Francorchamps !Ne laissez pas la m\u00e9t\u00e9o vous surprendre [&hellip;]","og_url":"https:\/\/www.spasixhours.com\/en\/shop\/","og_site_name":"Spa Six Hours","article_modified_time":"2026-03-11T14:47:40+00:00","twitter_card":"summary_large_image","twitter_misc":{"Estimated reading time":"2 minutes"},"schema":{"@context":"https:\/\/schema.org","@graph":[{"@type":"WebPage","@id":"https:\/\/www.spasixhours.com\/laboutique\/","url":"https:\/\/www.spasixhours.com\/laboutique\/","name":"LA BOUTIQUE - Spa Six Hours","isPartOf":{"@id":"https:\/\/www.spasixhours.com\/#website"},"datePublished":"2023-02-07T09:08:37+00:00","dateModified":"2026-03-11T14:47:40+00:00","breadcrumb":{"@id":"https:\/\/www.spasixhours.com\/laboutique\/#breadcrumb"},"inLanguage":"en-GB","potentialAction":[{"@type":"ReadAction","target":["https:\/\/www.spasixhours.com\/laboutique\/"]}]},{"@type":"BreadcrumbList","@id":"https:\/\/www.spasixhours.com\/laboutique\/#breadcrumb","itemListElement":[{"@type":"ListItem","position":1,"name":"Accueil","item":"https:\/\/www.spasixhours.com\/"},{"@type":"ListItem","position":2,"name":"LA BOUTIQUE"}]},{"@type":"WebSite","@id":"https:\/\/www.spasixhours.com\/#website","url":"https:\/\/www.spasixhours.com\/","name":"Spa Six Hours","description":"The Sound of History","publisher":{"@id":"https:\/\/www.spasixhours.com\/#organization"},"potentialAction":[{"@type":"SearchAction","target":{"@type":"EntryPoint","urlTemplate":"https:\/\/www.spasixhours.com\/?s={search_term_string}"},"query-input":{"@type":"PropertyValueSpecification","valueRequired":true,"valueName":"search_term_string"}}],"inLanguage":"en-GB"},{"@type":"Organization","@id":"https:\/\/www.spasixhours.com\/#organization","name":"Spa Six Hours","url":"https:\/\/www.spasixhours.com\/","logo":{"@type":"ImageObject","inLanguage":"en-GB","@id":"https:\/\/www.spasixhours.com\/#\/schema\/logo\/image\/","url":"https:\/\/www.spasixhours.com\/wp-content\/uploads\/2022\/03\/Logo_SpaSixHours-1.png","contentUrl":"https:\/\/www.spasixhours.com\/wp-content\/uploads\/2022\/03\/Logo_SpaSixHours-1.png","width":333,"height":144,"caption":"Spa Six Hours"},"image":{"@id":"https:\/\/www.spasixhours.com\/#\/schema\/logo\/image\/"}}]}},"_links":{"self":[{"href":"https:\/\/www.spasixhours.com\/en\/wp-json\/wp\/v2\/pages\/4363","targetHints":{"allow":["GET"]}}],"collection":[{"href":"https:\/\/www.spasixhours.com\/en\/wp-json\/wp\/v2\/pages"}],"about":[{"href":"https:\/\/www.spasixhours.com\/en\/wp-json\/wp\/v2\/types\/page"}],"author":[{"embeddable":true,"href":"https:\/\/www.spasixhours.com\/en\/wp-json\/wp\/v2\/users\/3"}],"replies":[{"embeddable":true,"href":"https:\/\/www.spasixhours.com\/en\/wp-json\/wp\/v2\/comments?post=4363"}],"version-history":[{"count":59,"href":"https:\/\/www.spasixhours.com\/en\/wp-json\/wp\/v2\/pages\/4363\/revisions"}],"predecessor-version":[{"id":9131,"href":"https:\/\/www.spasixhours.com\/en\/wp-json\/wp\/v2\/pages\/4363\/revisions\/9131"}],"wp:attachment":[{"href":"https:\/\/www.spasixhours.com\/en\/wp-json\/wp\/v2\/media?parent=4363"}],"curies":[{"name":"wp","href":"https:\/\/api.w.org\/{rel}","templated":true}]}}