{"id":6971,"date":"2024-06-05T19:29:10","date_gmt":"2024-06-05T17:29:10","guid":{"rendered":"https:\/\/www.spasixhours.com\/?page_id=6971"},"modified":"2026-03-09T22:03:16","modified_gmt":"2026-03-09T21:03:16","slug":"waste-sorting","status":"publish","type":"page","link":"https:\/\/www.spasixhours.com\/en\/tri-selectif\/","title":{"rendered":"SMOKING AREAS &amp; WASTE SORTING"},"content":{"rendered":"<div data-elementor-type=\"wp-page\" data-elementor-id=\"6971\" class=\"elementor elementor-6971\" data-elementor-post-type=\"page\">\n\t\t\t\t\t\t<section class=\"elementor-section elementor-top-section elementor-element elementor-element-314b521 elementor-section-boxed elementor-section-height-default elementor-section-height-default\" data-id=\"314b521\" data-element_type=\"section\" data-e-type=\"section\">\n\t\t\t\t\t\t<div class=\"elementor-container elementor-column-gap-default\">\n\t\t\t\t\t<div class=\"elementor-column elementor-col-100 elementor-top-column elementor-element elementor-element-2f7db0b\" data-id=\"2f7db0b\" data-element_type=\"column\" data-e-type=\"column\">\n\t\t\t<div class=\"elementor-widget-wrap\">\n\t\t\t\t\t\t\t<\/div>\n\t\t<\/div>\n\t\t\t\t\t<\/div>\n\t\t<\/section>\n\t\t\t\t<section class=\"elementor-section elementor-top-section elementor-element elementor-element-8684895 elementor-section-full_width elementor-section-height-min-height elementor-section-stretched elementor-section-content-bottom elementor-section-height-default elementor-section-items-middle\" data-id=\"8684895\" data-element_type=\"section\" data-e-type=\"section\" data-settings=\"{&quot;stretch_section&quot;:&quot;section-stretched&quot;,&quot;background_background&quot;:&quot;classic&quot;}\">\n\t\t\t\t\t\t\t<div class=\"elementor-background-overlay\"><\/div>\n\t\t\t\t\t\t\t<div class=\"elementor-container elementor-column-gap-extended\">\n\t\t\t\t\t<div class=\"elementor-column elementor-col-100 elementor-top-column elementor-element elementor-element-5f7b83f\" data-id=\"5f7b83f\" data-element_type=\"column\" data-e-type=\"column\" data-settings=\"{&quot;background_background&quot;:&quot;slideshow&quot;,&quot;background_slideshow_gallery&quot;:[],&quot;background_slideshow_loop&quot;:&quot;yes&quot;,&quot;background_slideshow_slide_duration&quot;:5000,&quot;background_slideshow_slide_transition&quot;:&quot;fade&quot;,&quot;background_slideshow_transition_duration&quot;:500}\">\n\t\t\t<div class=\"elementor-widget-wrap\">\n\t\t\t\t\t\t\t<\/div>\n\t\t<\/div>\n\t\t\t\t\t<\/div>\n\t\t<\/section>\n\t\t\t\t<section class=\"elementor-section elementor-top-section elementor-element elementor-element-fd524f7 elementor-section-full_width elementor-section-height-min-height elementor-section-stretched elementor-section-content-bottom elementor-section-height-default elementor-section-items-middle\" data-id=\"fd524f7\" data-element_type=\"section\" data-e-type=\"section\" data-settings=\"{&quot;stretch_section&quot;:&quot;section-stretched&quot;,&quot;background_background&quot;:&quot;classic&quot;}\">\n\t\t\t\t\t\t\t<div class=\"elementor-background-overlay\"><\/div>\n\t\t\t\t\t\t\t<div class=\"elementor-container elementor-column-gap-extended\">\n\t\t\t\t\t<div class=\"elementor-column elementor-col-100 elementor-top-column elementor-element elementor-element-ecb7948\" data-id=\"ecb7948\" data-element_type=\"column\" data-e-type=\"column\" data-settings=\"{&quot;background_background&quot;:&quot;slideshow&quot;,&quot;background_slideshow_gallery&quot;:[],&quot;background_slideshow_loop&quot;:&quot;yes&quot;,&quot;background_slideshow_slide_duration&quot;:5000,&quot;background_slideshow_slide_transition&quot;:&quot;fade&quot;,&quot;background_slideshow_transition_duration&quot;:500}\">\n\t\t\t<div class=\"elementor-widget-wrap elementor-element-populated\">\n\t\t\t\t\t\t<div class=\"elementor-element elementor-element-19d6461 elementor-invisible elementor-widget elementor-widget-heading\" data-id=\"19d6461\" data-element_type=\"widget\" data-e-type=\"widget\" data-settings=\"{&quot;_animation&quot;:&quot;fadeInDown&quot;,&quot;_animation_delay&quot;:400}\" data-widget_type=\"heading.default\">\n\t\t\t\t<div class=\"elementor-widget-container\">\n\t\t\t\t\t<h4 class=\"elementor-heading-title elementor-size-default\">SMOKING AREAS &amp; WASTE SORTING<\/h4>\t\t\t\t<\/div>\n\t\t\t\t<\/div>\n\t\t\t\t\t<\/div>\n\t\t<\/div>\n\t\t\t\t\t<\/div>\n\t\t<\/section>\n\t\t\t\t<section class=\"elementor-section elementor-top-section elementor-element elementor-element-fa55ed7 elementor-section-stretched elementor-section-content-middle elementor-section-boxed elementor-section-height-default elementor-section-height-default\" data-id=\"fa55ed7\" data-element_type=\"section\" data-e-type=\"section\" data-settings=\"{&quot;stretch_section&quot;:&quot;section-stretched&quot;}\">\n\t\t\t\t\t\t<div class=\"elementor-container elementor-column-gap-extended\">\n\t\t\t\t\t<div class=\"elementor-column elementor-col-50 elementor-top-column elementor-element elementor-element-7ea6df9\" data-id=\"7ea6df9\" data-element_type=\"column\" data-e-type=\"column\">\n\t\t\t<div class=\"elementor-widget-wrap elementor-element-populated\">\n\t\t\t\t\t\t<div class=\"elementor-element elementor-element-cc43416 elementor-invisible elementor-widget elementor-widget-text-editor\" data-id=\"cc43416\" data-element_type=\"widget\" data-e-type=\"widget\" data-settings=\"{&quot;_animation&quot;:&quot;fadeIn&quot;}\" data-widget_type=\"text-editor.default\">\n\t\t\t\t<div class=\"elementor-widget-container\">\n\t\t\t\t\t\t\t\t\t<p>Smoking is prohibited in buildings, VIP\nareas, the Pitlane, and garages.<\/p><p>In accordance with regulations, smoking\nis now also prohibited in public outdoor\nareas.<\/p><p>Designated smoking areas are available\nin the paddocks and around the Circuit.<\/p>\t\t\t\t\t\t\t\t<\/div>\n\t\t\t\t<\/div>\n\t\t\t\t\t<\/div>\n\t\t<\/div>\n\t\t\t\t<div class=\"elementor-column elementor-col-50 elementor-top-column elementor-element elementor-element-38c631b\" data-id=\"38c631b\" data-element_type=\"column\" data-e-type=\"column\">\n\t\t\t<div class=\"elementor-widget-wrap elementor-element-populated\">\n\t\t\t\t\t\t<div class=\"elementor-element elementor-element-726a413 elementor-widget elementor-widget-image\" data-id=\"726a413\" data-element_type=\"widget\" data-e-type=\"widget\" data-widget_type=\"image.default\">\n\t\t\t\t<div class=\"elementor-widget-container\">\n\t\t\t\t\t\t\t\t\t\t\t\t\t\t\t<img fetchpriority=\"high\" decoding=\"async\" width=\"800\" height=\"775\" src=\"https:\/\/www.spasixhours.com\/wp-content\/uploads\/2026\/03\/SmokingAreas_SSH26-1024x992.jpg\" class=\"attachment-large size-large wp-image-8947\" alt=\"\" srcset=\"https:\/\/www.spasixhours.com\/wp-content\/uploads\/2026\/03\/SmokingAreas_SSH26-1024x992.jpg 1024w, https:\/\/www.spasixhours.com\/wp-content\/uploads\/2026\/03\/SmokingAreas_SSH26-300x291.jpg 300w, https:\/\/www.spasixhours.com\/wp-content\/uploads\/2026\/03\/SmokingAreas_SSH26-768x744.jpg 768w, https:\/\/www.spasixhours.com\/wp-content\/uploads\/2026\/03\/SmokingAreas_SSH26-1536x1488.jpg 1536w, https:\/\/www.spasixhours.com\/wp-content\/uploads\/2026\/03\/SmokingAreas_SSH26-2048x1984.jpg 2048w, https:\/\/www.spasixhours.com\/wp-content\/uploads\/2026\/03\/SmokingAreas_SSH26-12x12.jpg 12w, https:\/\/www.spasixhours.com\/wp-content\/uploads\/2026\/03\/SmokingAreas_SSH26-scaled.jpg 1239w\" sizes=\"(max-width: 800px) 100vw, 800px\" \/>\t\t\t\t\t\t\t\t\t\t\t\t\t\t\t<\/div>\n\t\t\t\t<\/div>\n\t\t\t\t<div class=\"elementor-element elementor-element-5d375d3 elementor-widget elementor-widget-spacer\" data-id=\"5d375d3\" data-element_type=\"widget\" data-e-type=\"widget\" data-widget_type=\"spacer.default\">\n\t\t\t\t<div class=\"elementor-widget-container\">\n\t\t\t\t\t\t\t<div class=\"elementor-spacer\">\n\t\t\t<div class=\"elementor-spacer-inner\"><\/div>\n\t\t<\/div>\n\t\t\t\t\t\t<\/div>\n\t\t\t\t<\/div>\n\t\t\t\t\t<\/div>\n\t\t<\/div>\n\t\t\t\t\t<\/div>\n\t\t<\/section>\n\t\t\t\t<section class=\"elementor-section elementor-top-section elementor-element elementor-element-60f852e elementor-section-stretched elementor-section-content-middle elementor-reverse-mobile elementor-section-boxed elementor-section-height-default elementor-section-height-default\" data-id=\"60f852e\" data-element_type=\"section\" data-e-type=\"section\" data-settings=\"{&quot;stretch_section&quot;:&quot;section-stretched&quot;}\">\n\t\t\t\t\t\t<div class=\"elementor-container elementor-column-gap-extended\">\n\t\t\t\t\t<div class=\"elementor-column elementor-col-50 elementor-top-column elementor-element elementor-element-7c94dbf\" data-id=\"7c94dbf\" data-element_type=\"column\" data-e-type=\"column\">\n\t\t\t<div class=\"elementor-widget-wrap elementor-element-populated\">\n\t\t\t\t\t\t<div class=\"elementor-element elementor-element-cee501e elementor-widget elementor-widget-image\" data-id=\"cee501e\" data-element_type=\"widget\" data-e-type=\"widget\" data-widget_type=\"image.default\">\n\t\t\t\t<div class=\"elementor-widget-container\">\n\t\t\t\t\t\t\t\t\t\t\t\t\t\t\t<img decoding=\"async\" width=\"800\" height=\"569\" data-src=\"https:\/\/www.spasixhours.com\/wp-content\/uploads\/2024\/06\/triselectif-1024x728.webp\" class=\"attachment-large size-large wp-image-6973 lazyload\" alt=\"\" data-srcset=\"https:\/\/www.spasixhours.com\/wp-content\/uploads\/2024\/06\/triselectif-1024x728.webp 1024w, https:\/\/www.spasixhours.com\/wp-content\/uploads\/2024\/06\/triselectif-300x213.webp 300w, https:\/\/www.spasixhours.com\/wp-content\/uploads\/2024\/06\/triselectif-768x546.webp 768w, https:\/\/www.spasixhours.com\/wp-content\/uploads\/2024\/06\/triselectif-1536x1091.webp 1536w, https:\/\/www.spasixhours.com\/wp-content\/uploads\/2024\/06\/triselectif-18x12.webp 18w, https:\/\/www.spasixhours.com\/wp-content\/uploads\/2024\/06\/triselectif.webp 2000w\" data-sizes=\"(max-width: 800px) 100vw, 800px\" src=\"data:image\/svg+xml;base64,PHN2ZyB3aWR0aD0iMSIgaGVpZ2h0PSIxIiB4bWxucz0iaHR0cDovL3d3dy53My5vcmcvMjAwMC9zdmciPjwvc3ZnPg==\" style=\"--smush-placeholder-width: 800px; --smush-placeholder-aspect-ratio: 800\/569;\" \/>\t\t\t\t\t\t\t\t\t\t\t\t\t\t\t<\/div>\n\t\t\t\t<\/div>\n\t\t\t\t<div class=\"elementor-element elementor-element-5ef6ffd elementor-widget elementor-widget-spacer\" data-id=\"5ef6ffd\" data-element_type=\"widget\" data-e-type=\"widget\" data-widget_type=\"spacer.default\">\n\t\t\t\t<div class=\"elementor-widget-container\">\n\t\t\t\t\t\t\t<div class=\"elementor-spacer\">\n\t\t\t<div class=\"elementor-spacer-inner\"><\/div>\n\t\t<\/div>\n\t\t\t\t\t\t<\/div>\n\t\t\t\t<\/div>\n\t\t\t\t\t<\/div>\n\t\t<\/div>\n\t\t\t\t<div class=\"elementor-column elementor-col-50 elementor-top-column elementor-element elementor-element-c58106f\" data-id=\"c58106f\" data-element_type=\"column\" data-e-type=\"column\">\n\t\t\t<div class=\"elementor-widget-wrap elementor-element-populated\">\n\t\t\t\t\t\t<div class=\"elementor-element elementor-element-4156b7c elementor-invisible elementor-widget elementor-widget-text-editor\" data-id=\"4156b7c\" data-element_type=\"widget\" data-e-type=\"widget\" data-settings=\"{&quot;_animation&quot;:&quot;fadeIn&quot;}\" data-widget_type=\"text-editor.default\">\n\t\t\t\t<div class=\"elementor-widget-container\">\n\t\t\t\t\t\t\t\t\t<p>Help us recycle!<\/p><p>All bio-waste must be subject to specific sorting. The entire site will be equipped with a certain number of bins dedicated specifically to bio-waste, along with the usual ones, PMC (plastic, metal, drink containers), paper\/cardboard bins and bottle banks. These bins will be located in boxes, near \u201cfood &amp; beverage\u201d outlets, paddocks, etc.<\/p><p>The Spa-Francorchamps Circuit herewith asks that you respect these new legal obligations. Penalties may be imposed in the event of proven infringements.<\/p>\t\t\t\t\t\t\t\t<\/div>\n\t\t\t\t<\/div>\n\t\t\t\t\t<\/div>\n\t\t<\/div>\n\t\t\t\t\t<\/div>\n\t\t<\/section>\n\t\t\t\t<\/div>","protected":false},"excerpt":{"rendered":"<p>ZONES FUMEURS &amp; TRI S\u00c9LECTIF Il est interdit de fumer dans les b\u00e2timents, les espaces VIP, la Pitlane et les garages. Conform\u00e9ment \u00e0 la r\u00e9glementation, il est d\u00e9sormais \u00e9galement interdit de fumer dans les lieux publics en plein air. Des zones fumeurs sont am\u00e9nag\u00e9es dans les paddocks et aux abords du Circuit. Aidez-nous \u00e0 recycler\u00a0! [&hellip;]<\/p>\n","protected":false},"author":2,"featured_media":0,"parent":0,"menu_order":0,"comment_status":"closed","ping_status":"closed","template":"","meta":{"footnotes":""},"class_list":["post-6971","page","type-page","status-publish","hentry"],"yoast_head":"<!-- This site is optimized with the Yoast SEO plugin v27.5 - https:\/\/yoast.com\/product\/yoast-seo-wordpress\/ -->\n<title>ZONES FUMEURS &amp; TRI S\u00c9LECTIF - Spa Six Hours<\/title>\n<meta name=\"robots\" content=\"index, follow, max-snippet:-1, max-image-preview:large, max-video-preview:-1\" \/>\n<link rel=\"canonical\" href=\"https:\/\/www.spasixhours.com\/en\/waste-sorting\/\" \/>\n<meta property=\"og:locale\" content=\"en_GB\" \/>\n<meta property=\"og:type\" content=\"article\" \/>\n<meta property=\"og:title\" content=\"ZONES FUMEURS &amp; TRI S\u00c9LECTIF - Spa Six Hours\" \/>\n<meta property=\"og:description\" content=\"ZONES FUMEURS &amp; TRI S\u00c9LECTIF Il est interdit de fumer dans les b\u00e2timents, les espaces VIP, la Pitlane et les garages. Conform\u00e9ment \u00e0 la r\u00e9glementation, il est d\u00e9sormais \u00e9galement interdit de fumer dans les lieux publics en plein air. Des zones fumeurs sont am\u00e9nag\u00e9es dans les paddocks et aux abords du Circuit. Aidez-nous \u00e0 recycler\u00a0! [&hellip;]\" \/>\n<meta property=\"og:url\" content=\"https:\/\/www.spasixhours.com\/en\/waste-sorting\/\" \/>\n<meta property=\"og:site_name\" content=\"Spa Six Hours\" \/>\n<meta property=\"article:modified_time\" content=\"2026-03-09T21:03:16+00:00\" \/>\n<meta property=\"og:image\" content=\"https:\/\/www.spasixhours.com\/wp-content\/uploads\/2026\/03\/SmokingAreas_SSH26-1024x992.jpg\" \/>\n<meta name=\"twitter:card\" content=\"summary_large_image\" \/>\n<meta name=\"twitter:label1\" content=\"Estimated reading time\" \/>\n\t<meta name=\"twitter:data1\" content=\"1 minute\" \/>\n<script type=\"application\/ld+json\" class=\"yoast-schema-graph\">{\"@context\":\"https:\\\/\\\/schema.org\",\"@graph\":[{\"@type\":\"WebPage\",\"@id\":\"https:\\\/\\\/www.spasixhours.com\\\/tri-selectif\\\/\",\"url\":\"https:\\\/\\\/www.spasixhours.com\\\/tri-selectif\\\/\",\"name\":\"ZONES FUMEURS & TRI S\u00c9LECTIF - Spa Six Hours\",\"isPartOf\":{\"@id\":\"https:\\\/\\\/www.spasixhours.com\\\/#website\"},\"primaryImageOfPage\":{\"@id\":\"https:\\\/\\\/www.spasixhours.com\\\/tri-selectif\\\/#primaryimage\"},\"image\":{\"@id\":\"https:\\\/\\\/www.spasixhours.com\\\/tri-selectif\\\/#primaryimage\"},\"thumbnailUrl\":\"https:\\\/\\\/www.spasixhours.com\\\/wp-content\\\/uploads\\\/2026\\\/03\\\/SmokingAreas_SSH26-1024x992.jpg\",\"datePublished\":\"2024-06-05T17:29:10+00:00\",\"dateModified\":\"2026-03-09T21:03:16+00:00\",\"breadcrumb\":{\"@id\":\"https:\\\/\\\/www.spasixhours.com\\\/tri-selectif\\\/#breadcrumb\"},\"inLanguage\":\"en-GB\",\"potentialAction\":[{\"@type\":\"ReadAction\",\"target\":[\"https:\\\/\\\/www.spasixhours.com\\\/tri-selectif\\\/\"]}]},{\"@type\":\"ImageObject\",\"inLanguage\":\"en-GB\",\"@id\":\"https:\\\/\\\/www.spasixhours.com\\\/tri-selectif\\\/#primaryimage\",\"url\":\"https:\\\/\\\/www.spasixhours.com\\\/wp-content\\\/uploads\\\/2026\\\/03\\\/SmokingAreas_SSH26-1024x992.jpg\",\"contentUrl\":\"https:\\\/\\\/www.spasixhours.com\\\/wp-content\\\/uploads\\\/2026\\\/03\\\/SmokingAreas_SSH26-1024x992.jpg\"},{\"@type\":\"BreadcrumbList\",\"@id\":\"https:\\\/\\\/www.spasixhours.com\\\/tri-selectif\\\/#breadcrumb\",\"itemListElement\":[{\"@type\":\"ListItem\",\"position\":1,\"name\":\"Accueil\",\"item\":\"https:\\\/\\\/www.spasixhours.com\\\/\"},{\"@type\":\"ListItem\",\"position\":2,\"name\":\"ZONES FUMEURS &#038; TRI S\u00c9LECTIF\"}]},{\"@type\":\"WebSite\",\"@id\":\"https:\\\/\\\/www.spasixhours.com\\\/#website\",\"url\":\"https:\\\/\\\/www.spasixhours.com\\\/\",\"name\":\"Spa Six Hours\",\"description\":\"The Sound of History\",\"publisher\":{\"@id\":\"https:\\\/\\\/www.spasixhours.com\\\/#organization\"},\"potentialAction\":[{\"@type\":\"SearchAction\",\"target\":{\"@type\":\"EntryPoint\",\"urlTemplate\":\"https:\\\/\\\/www.spasixhours.com\\\/?s={search_term_string}\"},\"query-input\":{\"@type\":\"PropertyValueSpecification\",\"valueRequired\":true,\"valueName\":\"search_term_string\"}}],\"inLanguage\":\"en-GB\"},{\"@type\":\"Organization\",\"@id\":\"https:\\\/\\\/www.spasixhours.com\\\/#organization\",\"name\":\"Spa Six Hours\",\"url\":\"https:\\\/\\\/www.spasixhours.com\\\/\",\"logo\":{\"@type\":\"ImageObject\",\"inLanguage\":\"en-GB\",\"@id\":\"https:\\\/\\\/www.spasixhours.com\\\/#\\\/schema\\\/logo\\\/image\\\/\",\"url\":\"https:\\\/\\\/www.spasixhours.com\\\/wp-content\\\/uploads\\\/2022\\\/03\\\/Logo_SpaSixHours-1.png\",\"contentUrl\":\"https:\\\/\\\/www.spasixhours.com\\\/wp-content\\\/uploads\\\/2022\\\/03\\\/Logo_SpaSixHours-1.png\",\"width\":333,\"height\":144,\"caption\":\"Spa Six Hours\"},\"image\":{\"@id\":\"https:\\\/\\\/www.spasixhours.com\\\/#\\\/schema\\\/logo\\\/image\\\/\"}}]}<\/script>\n<!-- \/ Yoast SEO plugin. -->","yoast_head_json":{"title":"ZONES FUMEURS & TRI S\u00c9LECTIF - Spa Six Hours","robots":{"index":"index","follow":"follow","max-snippet":"max-snippet:-1","max-image-preview":"max-image-preview:large","max-video-preview":"max-video-preview:-1"},"canonical":"https:\/\/www.spasixhours.com\/en\/waste-sorting\/","og_locale":"en_GB","og_type":"article","og_title":"ZONES FUMEURS & TRI S\u00c9LECTIF - Spa Six Hours","og_description":"ZONES FUMEURS &amp; TRI S\u00c9LECTIF Il est interdit de fumer dans les b\u00e2timents, les espaces VIP, la Pitlane et les garages. Conform\u00e9ment \u00e0 la r\u00e9glementation, il est d\u00e9sormais \u00e9galement interdit de fumer dans les lieux publics en plein air. Des zones fumeurs sont am\u00e9nag\u00e9es dans les paddocks et aux abords du Circuit. Aidez-nous \u00e0 recycler\u00a0! [&hellip;]","og_url":"https:\/\/www.spasixhours.com\/en\/waste-sorting\/","og_site_name":"Spa Six Hours","article_modified_time":"2026-03-09T21:03:16+00:00","og_image":[{"url":"https:\/\/www.spasixhours.com\/wp-content\/uploads\/2026\/03\/SmokingAreas_SSH26-1024x992.jpg","type":"","width":"","height":""}],"twitter_card":"summary_large_image","twitter_misc":{"Estimated reading time":"1 minute"},"schema":{"@context":"https:\/\/schema.org","@graph":[{"@type":"WebPage","@id":"https:\/\/www.spasixhours.com\/tri-selectif\/","url":"https:\/\/www.spasixhours.com\/tri-selectif\/","name":"ZONES FUMEURS & TRI S\u00c9LECTIF - Spa Six Hours","isPartOf":{"@id":"https:\/\/www.spasixhours.com\/#website"},"primaryImageOfPage":{"@id":"https:\/\/www.spasixhours.com\/tri-selectif\/#primaryimage"},"image":{"@id":"https:\/\/www.spasixhours.com\/tri-selectif\/#primaryimage"},"thumbnailUrl":"https:\/\/www.spasixhours.com\/wp-content\/uploads\/2026\/03\/SmokingAreas_SSH26-1024x992.jpg","datePublished":"2024-06-05T17:29:10+00:00","dateModified":"2026-03-09T21:03:16+00:00","breadcrumb":{"@id":"https:\/\/www.spasixhours.com\/tri-selectif\/#breadcrumb"},"inLanguage":"en-GB","potentialAction":[{"@type":"ReadAction","target":["https:\/\/www.spasixhours.com\/tri-selectif\/"]}]},{"@type":"ImageObject","inLanguage":"en-GB","@id":"https:\/\/www.spasixhours.com\/tri-selectif\/#primaryimage","url":"https:\/\/www.spasixhours.com\/wp-content\/uploads\/2026\/03\/SmokingAreas_SSH26-1024x992.jpg","contentUrl":"https:\/\/www.spasixhours.com\/wp-content\/uploads\/2026\/03\/SmokingAreas_SSH26-1024x992.jpg"},{"@type":"BreadcrumbList","@id":"https:\/\/www.spasixhours.com\/tri-selectif\/#breadcrumb","itemListElement":[{"@type":"ListItem","position":1,"name":"Accueil","item":"https:\/\/www.spasixhours.com\/"},{"@type":"ListItem","position":2,"name":"ZONES FUMEURS &#038; TRI S\u00c9LECTIF"}]},{"@type":"WebSite","@id":"https:\/\/www.spasixhours.com\/#website","url":"https:\/\/www.spasixhours.com\/","name":"Spa Six Hours","description":"The Sound of History","publisher":{"@id":"https:\/\/www.spasixhours.com\/#organization"},"potentialAction":[{"@type":"SearchAction","target":{"@type":"EntryPoint","urlTemplate":"https:\/\/www.spasixhours.com\/?s={search_term_string}"},"query-input":{"@type":"PropertyValueSpecification","valueRequired":true,"valueName":"search_term_string"}}],"inLanguage":"en-GB"},{"@type":"Organization","@id":"https:\/\/www.spasixhours.com\/#organization","name":"Spa Six Hours","url":"https:\/\/www.spasixhours.com\/","logo":{"@type":"ImageObject","inLanguage":"en-GB","@id":"https:\/\/www.spasixhours.com\/#\/schema\/logo\/image\/","url":"https:\/\/www.spasixhours.com\/wp-content\/uploads\/2022\/03\/Logo_SpaSixHours-1.png","contentUrl":"https:\/\/www.spasixhours.com\/wp-content\/uploads\/2022\/03\/Logo_SpaSixHours-1.png","width":333,"height":144,"caption":"Spa Six Hours"},"image":{"@id":"https:\/\/www.spasixhours.com\/#\/schema\/logo\/image\/"}}]}},"_links":{"self":[{"href":"https:\/\/www.spasixhours.com\/en\/wp-json\/wp\/v2\/pages\/6971","targetHints":{"allow":["GET"]}}],"collection":[{"href":"https:\/\/www.spasixhours.com\/en\/wp-json\/wp\/v2\/pages"}],"about":[{"href":"https:\/\/www.spasixhours.com\/en\/wp-json\/wp\/v2\/types\/page"}],"author":[{"embeddable":true,"href":"https:\/\/www.spasixhours.com\/en\/wp-json\/wp\/v2\/users\/2"}],"replies":[{"embeddable":true,"href":"https:\/\/www.spasixhours.com\/en\/wp-json\/wp\/v2\/comments?post=6971"}],"version-history":[{"count":22,"href":"https:\/\/www.spasixhours.com\/en\/wp-json\/wp\/v2\/pages\/6971\/revisions"}],"predecessor-version":[{"id":8950,"href":"https:\/\/www.spasixhours.com\/en\/wp-json\/wp\/v2\/pages\/6971\/revisions\/8950"}],"wp:attachment":[{"href":"https:\/\/www.spasixhours.com\/en\/wp-json\/wp\/v2\/media?parent=6971"}],"curies":[{"name":"wp","href":"https:\/\/api.w.org\/{rel}","templated":true}]}}