{"id":8011,"date":"2025-02-19T10:20:15","date_gmt":"2025-02-19T09:20:15","guid":{"rendered":"https:\/\/www.spasixhours.com\/?page_id=8011"},"modified":"2026-03-11T16:39:18","modified_gmt":"2026-03-11T15:39:18","slug":"acces-parkings","status":"publish","type":"page","link":"https:\/\/www.spasixhours.com\/en\/acces-parkings\/","title":{"rendered":"Access &amp; Parking"},"content":{"rendered":"<div data-elementor-type=\"wp-page\" data-elementor-id=\"8011\" class=\"elementor elementor-8011\" data-elementor-post-type=\"page\">\n\t\t\t\t\t\t<section class=\"elementor-section elementor-top-section elementor-element elementor-element-0df5773 elementor-section-full_width elementor-section-height-min-height elementor-section-stretched elementor-section-content-bottom elementor-section-height-default elementor-section-items-middle\" data-id=\"0df5773\" data-element_type=\"section\" data-e-type=\"section\" data-settings=\"{&quot;stretch_section&quot;:&quot;section-stretched&quot;,&quot;background_background&quot;:&quot;classic&quot;}\">\n\t\t\t\t\t\t\t<div class=\"elementor-background-overlay\"><\/div>\n\t\t\t\t\t\t\t<div class=\"elementor-container elementor-column-gap-extended\">\n\t\t\t\t\t<div class=\"elementor-column elementor-col-100 elementor-top-column elementor-element elementor-element-f905c48\" data-id=\"f905c48\" data-element_type=\"column\" data-e-type=\"column\" data-settings=\"{&quot;background_background&quot;:&quot;slideshow&quot;,&quot;background_slideshow_gallery&quot;:[],&quot;background_slideshow_loop&quot;:&quot;yes&quot;,&quot;background_slideshow_slide_duration&quot;:5000,&quot;background_slideshow_slide_transition&quot;:&quot;fade&quot;,&quot;background_slideshow_transition_duration&quot;:500}\">\n\t\t\t<div class=\"elementor-widget-wrap\">\n\t\t\t\t\t\t\t<\/div>\n\t\t<\/div>\n\t\t\t\t\t<\/div>\n\t\t<\/section>\n\t\t\t\t<section class=\"elementor-section elementor-top-section elementor-element elementor-element-44f5edc elementor-section-full_width elementor-section-height-min-height elementor-section-stretched elementor-section-content-bottom elementor-section-height-default elementor-section-items-middle\" data-id=\"44f5edc\" data-element_type=\"section\" data-e-type=\"section\" data-settings=\"{&quot;stretch_section&quot;:&quot;section-stretched&quot;,&quot;background_background&quot;:&quot;classic&quot;}\">\n\t\t\t\t\t\t\t<div class=\"elementor-background-overlay\"><\/div>\n\t\t\t\t\t\t\t<div class=\"elementor-container elementor-column-gap-extended\">\n\t\t\t\t\t<div class=\"elementor-column elementor-col-100 elementor-top-column elementor-element elementor-element-1fb7740\" data-id=\"1fb7740\" data-element_type=\"column\" data-e-type=\"column\" data-settings=\"{&quot;background_background&quot;:&quot;slideshow&quot;,&quot;background_slideshow_gallery&quot;:[],&quot;background_slideshow_loop&quot;:&quot;yes&quot;,&quot;background_slideshow_slide_duration&quot;:5000,&quot;background_slideshow_slide_transition&quot;:&quot;fade&quot;,&quot;background_slideshow_transition_duration&quot;:500}\">\n\t\t\t<div class=\"elementor-widget-wrap elementor-element-populated\">\n\t\t\t\t\t\t<div class=\"elementor-element elementor-element-6cb36e6 elementor-invisible elementor-widget elementor-widget-heading\" data-id=\"6cb36e6\" data-element_type=\"widget\" data-e-type=\"widget\" data-settings=\"{&quot;_animation&quot;:&quot;fadeInDown&quot;,&quot;_animation_delay&quot;:400}\" data-widget_type=\"heading.default\">\n\t\t\t\t<div class=\"elementor-widget-container\">\n\t\t\t\t\t<h4 class=\"elementor-heading-title elementor-size-default\">Access &amp; Parking<\/h4>\t\t\t\t<\/div>\n\t\t\t\t<\/div>\n\t\t\t\t\t<\/div>\n\t\t<\/div>\n\t\t\t\t\t<\/div>\n\t\t<\/section>\n\t\t\t\t<section class=\"elementor-section elementor-top-section elementor-element elementor-element-a6fae7a elementor-section-full_width elementor-section-stretched elementor-section-content-middle elementor-section-height-default elementor-section-height-default\" data-id=\"a6fae7a\" data-element_type=\"section\" data-e-type=\"section\" data-settings=\"{&quot;stretch_section&quot;:&quot;section-stretched&quot;}\">\n\t\t\t\t\t\t<div class=\"elementor-container elementor-column-gap-extended\">\n\t\t\t\t\t<div class=\"elementor-column elementor-col-50 elementor-top-column elementor-element elementor-element-066c4fc\" data-id=\"066c4fc\" data-element_type=\"column\" data-e-type=\"column\">\n\t\t\t<div class=\"elementor-widget-wrap elementor-element-populated\">\n\t\t\t\t\t\t<div class=\"elementor-element elementor-element-7660ff5 elementor-widget elementor-widget-heading\" data-id=\"7660ff5\" data-element_type=\"widget\" data-e-type=\"widget\" data-widget_type=\"heading.default\">\n\t\t\t\t<div class=\"elementor-widget-container\">\n\t\t\t\t\t<h2 class=\"elementor-heading-title elementor-size-large\">THURSDAY 24.09<\/h2>\t\t\t\t<\/div>\n\t\t\t\t<\/div>\n\t\t\t\t<div class=\"elementor-element elementor-element-5057fe2 elementor-invisible elementor-widget elementor-widget-text-editor\" data-id=\"5057fe2\" data-element_type=\"widget\" data-e-type=\"widget\" data-settings=\"{&quot;_animation&quot;:&quot;fadeIn&quot;}\" data-widget_type=\"text-editor.default\">\n\t\t\t\t<div class=\"elementor-widget-container\">\n\t\t\t\t\t\t\t\t\t<p>Track activity from 09.00 to 19.30<\/p><p>Free admission (no formalities or documents required)<\/p><p>Pedestrian access via the STER entrance<\/p><p>Car parks P1 and P2: Free<\/p><p>No reserved parking for classic cars.<\/p>\t\t\t\t\t\t\t\t<\/div>\n\t\t\t\t<\/div>\n\t\t\t\t<div class=\"elementor-element elementor-element-a29420a elementor-widget elementor-widget-heading\" data-id=\"a29420a\" data-element_type=\"widget\" data-e-type=\"widget\" data-widget_type=\"heading.default\">\n\t\t\t\t<div class=\"elementor-widget-container\">\n\t\t\t\t\t<h2 class=\"elementor-heading-title elementor-size-large\">FRIDAY 25.09, SATURDAY 26.09 &amp; SUNDAY 27.09\n<\/h2>\t\t\t\t<\/div>\n\t\t\t\t<\/div>\n\t\t\t\t<div class=\"elementor-element elementor-element-ee87b81 elementor-invisible elementor-widget elementor-widget-text-editor\" data-id=\"ee87b81\" data-element_type=\"widget\" data-e-type=\"widget\" data-settings=\"{&quot;_animation&quot;:&quot;fadeIn&quot;}\" data-widget_type=\"text-editor.default\">\n\t\t\t\t<div class=\"elementor-widget-container\">\n\t\t\t\t\t\t\t\t\t<p>Friday 25.09 : Track Activity from 09.00 to 21.30<br \/>Saturday 26.09 : Track activity from 09.00 to 22.00<br \/>Sunday 27.09 : Track activity from 09.00 to 18.00<\/p><p><strong>Admission fee: <a href=\"https:\/\/www.spasixhours.com\/en\/ticketing\/\">Ticketing<\/a><\/strong><\/p><p>Pedestrian access via the STER or SOURCE entrances<\/p><p><strong>MODERN CAR PARKING<br \/><\/strong>Car parks P1 and P2, managed directly by the Spa circuit.<br \/>12 EUR per car per day, payable on site by credit card. <br \/>Parking is not included in the entrance fee, and cannot be booked in advance.<br \/>For any questions regarding car parks P1 and P2, please contact:<br \/><a href=\"mailto:info@spa-francorchamps.be\">info@spa-francorchamps.be<\/a>\u00a0<\/p><p><strong>Parking CLASSIC CAR<br \/><\/strong>Parking is free and is located in space P14.<br \/>No documents are required for access to car park P14, which is only open to vintage cars built before 1996.<br \/>However, an entry ticket is required to enter the site.\u00a0<\/p>\t\t\t\t\t\t\t\t<\/div>\n\t\t\t\t<\/div>\n\t\t\t\t\t<\/div>\n\t\t<\/div>\n\t\t\t\t<div class=\"elementor-column elementor-col-50 elementor-top-column elementor-element elementor-element-ab7b6c6\" data-id=\"ab7b6c6\" data-element_type=\"column\" data-e-type=\"column\">\n\t\t\t<div class=\"elementor-widget-wrap elementor-element-populated\">\n\t\t\t\t\t\t<div class=\"elementor-element elementor-element-bc6afc4 elementor-widget elementor-widget-image\" data-id=\"bc6afc4\" data-element_type=\"widget\" data-e-type=\"widget\" data-widget_type=\"image.default\">\n\t\t\t\t<div class=\"elementor-widget-container\">\n\t\t\t\t\t\t\t\t\t\t\t\t\t\t\t\t<a href=\"https:\/\/www.spasixhours.com\/wp-content\/uploads\/2026\/03\/AccessPlanSSH26_-scaled.jpg\" data-elementor-open-lightbox=\"yes\" data-elementor-lightbox-title=\"AccessPlanSSH26_\" data-e-action-hash=\"#elementor-action%3Aaction%3Dlightbox%26settings%3DeyJpZCI6OTEzNiwidXJsIjoiaHR0cHM6XC9cL3d3dy5zcGFzaXhob3Vycy5jb21cL3dwLWNvbnRlbnRcL3VwbG9hZHNcLzIwMjZcLzAzXC9BY2Nlc3NQbGFuU1NIMjZfLXNjYWxlZC5qcGcifQ%3D%3D\">\n\t\t\t\t\t\t\t<img fetchpriority=\"high\" decoding=\"async\" width=\"712\" height=\"1024\" src=\"https:\/\/www.spasixhours.com\/wp-content\/uploads\/2026\/03\/AccessPlanSSH26_-712x1024.jpg\" class=\"attachment-large size-large wp-image-9136\" alt=\"\" srcset=\"https:\/\/www.spasixhours.com\/wp-content\/uploads\/2026\/03\/AccessPlanSSH26_-712x1024.jpg 712w, https:\/\/www.spasixhours.com\/wp-content\/uploads\/2026\/03\/AccessPlanSSH26_-209x300.jpg 209w, https:\/\/www.spasixhours.com\/wp-content\/uploads\/2026\/03\/AccessPlanSSH26_-768x1105.jpg 768w, https:\/\/www.spasixhours.com\/wp-content\/uploads\/2026\/03\/AccessPlanSSH26_-1068x1536.jpg 1068w, https:\/\/www.spasixhours.com\/wp-content\/uploads\/2026\/03\/AccessPlanSSH26_-1424x2048.jpg 1424w, https:\/\/www.spasixhours.com\/wp-content\/uploads\/2026\/03\/AccessPlanSSH26_-8x12.jpg 8w, https:\/\/www.spasixhours.com\/wp-content\/uploads\/2026\/03\/AccessPlanSSH26_-scaled.jpg 835w\" sizes=\"(max-width: 712px) 100vw, 712px\" \/>\t\t\t\t\t\t\t\t<\/a>\n\t\t\t\t\t\t\t\t\t\t\t\t\t\t\t<\/div>\n\t\t\t\t<\/div>\n\t\t\t\t\t<\/div>\n\t\t<\/div>\n\t\t\t\t\t<\/div>\n\t\t<\/section>\n\t\t\t\t<\/div>","protected":false},"excerpt":{"rendered":"<p>Acc\u00e8s &amp; Parkings JEUDI 24.09 Activit\u00e9 piste de 09h00 \u00e0 19h30 Entr\u00e9e gratuite (sans formalit\u00e9 ni document \u00e0 pr\u00e9senter) Acc\u00e8s pi\u00e9tons par l\u2019entr\u00e9e STER Parking P1 et P2 : Gratuit Pas de parking r\u00e9serv\u00e9 aux voitures anciennes. VENDREDI 25.09, SAMEDI 26.09 &amp; DIMANCHE 27.09 Vendredi 25.09 : Activit\u00e9 piste de 09h00 \u00e0 21h30Samedi 26.09 : [&hellip;]<\/p>\n","protected":false},"author":3,"featured_media":0,"parent":0,"menu_order":0,"comment_status":"closed","ping_status":"closed","template":"","meta":{"footnotes":""},"class_list":["post-8011","page","type-page","status-publish","hentry"],"yoast_head":"<!-- This site is optimized with the Yoast SEO plugin v27.5 - https:\/\/yoast.com\/product\/yoast-seo-wordpress\/ -->\n<title>Acc\u00e8s &amp; Parkings - Spa Six Hours<\/title>\n<meta name=\"robots\" content=\"index, follow, max-snippet:-1, max-image-preview:large, max-video-preview:-1\" \/>\n<link rel=\"canonical\" href=\"https:\/\/www.spasixhours.com\/en\/acces-parkings\/\" \/>\n<meta property=\"og:locale\" content=\"en_GB\" \/>\n<meta property=\"og:type\" content=\"article\" \/>\n<meta property=\"og:title\" content=\"Acc\u00e8s &amp; Parkings - Spa Six Hours\" \/>\n<meta property=\"og:description\" content=\"Acc\u00e8s &amp; Parkings JEUDI 24.09 Activit\u00e9 piste de 09h00 \u00e0 19h30 Entr\u00e9e gratuite (sans formalit\u00e9 ni document \u00e0 pr\u00e9senter) Acc\u00e8s pi\u00e9tons par l\u2019entr\u00e9e STER Parking P1 et P2 : Gratuit Pas de parking r\u00e9serv\u00e9 aux voitures anciennes. VENDREDI 25.09, SAMEDI 26.09 &amp; DIMANCHE 27.09 Vendredi 25.09 : Activit\u00e9 piste de 09h00 \u00e0 21h30Samedi 26.09 : [&hellip;]\" \/>\n<meta property=\"og:url\" content=\"https:\/\/www.spasixhours.com\/en\/acces-parkings\/\" \/>\n<meta property=\"og:site_name\" content=\"Spa Six Hours\" \/>\n<meta property=\"article:modified_time\" content=\"2026-03-11T15:39:18+00:00\" \/>\n<meta property=\"og:image\" content=\"https:\/\/www.spasixhours.com\/wp-content\/uploads\/2026\/03\/AccessPlanSSH26_-712x1024.jpg\" \/>\n<meta name=\"twitter:card\" content=\"summary_large_image\" \/>\n<meta name=\"twitter:label1\" content=\"Estimated reading time\" \/>\n\t<meta name=\"twitter:data1\" content=\"1 minute\" \/>\n<script type=\"application\/ld+json\" class=\"yoast-schema-graph\">{\"@context\":\"https:\\\/\\\/schema.org\",\"@graph\":[{\"@type\":\"WebPage\",\"@id\":\"https:\\\/\\\/www.spasixhours.com\\\/acces-parkings\\\/\",\"url\":\"https:\\\/\\\/www.spasixhours.com\\\/acces-parkings\\\/\",\"name\":\"Acc\u00e8s &amp; Parkings - Spa Six Hours\",\"isPartOf\":{\"@id\":\"https:\\\/\\\/www.spasixhours.com\\\/#website\"},\"primaryImageOfPage\":{\"@id\":\"https:\\\/\\\/www.spasixhours.com\\\/acces-parkings\\\/#primaryimage\"},\"image\":{\"@id\":\"https:\\\/\\\/www.spasixhours.com\\\/acces-parkings\\\/#primaryimage\"},\"thumbnailUrl\":\"https:\\\/\\\/www.spasixhours.com\\\/wp-content\\\/uploads\\\/2026\\\/03\\\/AccessPlanSSH26_-712x1024.jpg\",\"datePublished\":\"2025-02-19T09:20:15+00:00\",\"dateModified\":\"2026-03-11T15:39:18+00:00\",\"breadcrumb\":{\"@id\":\"https:\\\/\\\/www.spasixhours.com\\\/acces-parkings\\\/#breadcrumb\"},\"inLanguage\":\"en-GB\",\"potentialAction\":[{\"@type\":\"ReadAction\",\"target\":[\"https:\\\/\\\/www.spasixhours.com\\\/acces-parkings\\\/\"]}]},{\"@type\":\"ImageObject\",\"inLanguage\":\"en-GB\",\"@id\":\"https:\\\/\\\/www.spasixhours.com\\\/acces-parkings\\\/#primaryimage\",\"url\":\"https:\\\/\\\/www.spasixhours.com\\\/wp-content\\\/uploads\\\/2026\\\/03\\\/AccessPlanSSH26_-712x1024.jpg\",\"contentUrl\":\"https:\\\/\\\/www.spasixhours.com\\\/wp-content\\\/uploads\\\/2026\\\/03\\\/AccessPlanSSH26_-712x1024.jpg\"},{\"@type\":\"BreadcrumbList\",\"@id\":\"https:\\\/\\\/www.spasixhours.com\\\/acces-parkings\\\/#breadcrumb\",\"itemListElement\":[{\"@type\":\"ListItem\",\"position\":1,\"name\":\"Accueil\",\"item\":\"https:\\\/\\\/www.spasixhours.com\\\/\"},{\"@type\":\"ListItem\",\"position\":2,\"name\":\"Acc\u00e8s &amp; Parkings\"}]},{\"@type\":\"WebSite\",\"@id\":\"https:\\\/\\\/www.spasixhours.com\\\/#website\",\"url\":\"https:\\\/\\\/www.spasixhours.com\\\/\",\"name\":\"Spa Six Hours\",\"description\":\"The Sound of History\",\"publisher\":{\"@id\":\"https:\\\/\\\/www.spasixhours.com\\\/#organization\"},\"potentialAction\":[{\"@type\":\"SearchAction\",\"target\":{\"@type\":\"EntryPoint\",\"urlTemplate\":\"https:\\\/\\\/www.spasixhours.com\\\/?s={search_term_string}\"},\"query-input\":{\"@type\":\"PropertyValueSpecification\",\"valueRequired\":true,\"valueName\":\"search_term_string\"}}],\"inLanguage\":\"en-GB\"},{\"@type\":\"Organization\",\"@id\":\"https:\\\/\\\/www.spasixhours.com\\\/#organization\",\"name\":\"Spa Six Hours\",\"url\":\"https:\\\/\\\/www.spasixhours.com\\\/\",\"logo\":{\"@type\":\"ImageObject\",\"inLanguage\":\"en-GB\",\"@id\":\"https:\\\/\\\/www.spasixhours.com\\\/#\\\/schema\\\/logo\\\/image\\\/\",\"url\":\"https:\\\/\\\/www.spasixhours.com\\\/wp-content\\\/uploads\\\/2022\\\/03\\\/Logo_SpaSixHours-1.png\",\"contentUrl\":\"https:\\\/\\\/www.spasixhours.com\\\/wp-content\\\/uploads\\\/2022\\\/03\\\/Logo_SpaSixHours-1.png\",\"width\":333,\"height\":144,\"caption\":\"Spa Six Hours\"},\"image\":{\"@id\":\"https:\\\/\\\/www.spasixhours.com\\\/#\\\/schema\\\/logo\\\/image\\\/\"}}]}<\/script>\n<!-- \/ Yoast SEO plugin. -->","yoast_head_json":{"title":"Acc\u00e8s &amp; Parkings - Spa Six Hours","robots":{"index":"index","follow":"follow","max-snippet":"max-snippet:-1","max-image-preview":"max-image-preview:large","max-video-preview":"max-video-preview:-1"},"canonical":"https:\/\/www.spasixhours.com\/en\/acces-parkings\/","og_locale":"en_GB","og_type":"article","og_title":"Acc\u00e8s &amp; Parkings - Spa Six Hours","og_description":"Acc\u00e8s &amp; Parkings JEUDI 24.09 Activit\u00e9 piste de 09h00 \u00e0 19h30 Entr\u00e9e gratuite (sans formalit\u00e9 ni document \u00e0 pr\u00e9senter) Acc\u00e8s pi\u00e9tons par l\u2019entr\u00e9e STER Parking P1 et P2 : Gratuit Pas de parking r\u00e9serv\u00e9 aux voitures anciennes. VENDREDI 25.09, SAMEDI 26.09 &amp; DIMANCHE 27.09 Vendredi 25.09 : Activit\u00e9 piste de 09h00 \u00e0 21h30Samedi 26.09 : [&hellip;]","og_url":"https:\/\/www.spasixhours.com\/en\/acces-parkings\/","og_site_name":"Spa Six Hours","article_modified_time":"2026-03-11T15:39:18+00:00","og_image":[{"url":"https:\/\/www.spasixhours.com\/wp-content\/uploads\/2026\/03\/AccessPlanSSH26_-712x1024.jpg","type":"","width":"","height":""}],"twitter_card":"summary_large_image","twitter_misc":{"Estimated reading time":"1 minute"},"schema":{"@context":"https:\/\/schema.org","@graph":[{"@type":"WebPage","@id":"https:\/\/www.spasixhours.com\/acces-parkings\/","url":"https:\/\/www.spasixhours.com\/acces-parkings\/","name":"Acc\u00e8s &amp; Parkings - Spa Six Hours","isPartOf":{"@id":"https:\/\/www.spasixhours.com\/#website"},"primaryImageOfPage":{"@id":"https:\/\/www.spasixhours.com\/acces-parkings\/#primaryimage"},"image":{"@id":"https:\/\/www.spasixhours.com\/acces-parkings\/#primaryimage"},"thumbnailUrl":"https:\/\/www.spasixhours.com\/wp-content\/uploads\/2026\/03\/AccessPlanSSH26_-712x1024.jpg","datePublished":"2025-02-19T09:20:15+00:00","dateModified":"2026-03-11T15:39:18+00:00","breadcrumb":{"@id":"https:\/\/www.spasixhours.com\/acces-parkings\/#breadcrumb"},"inLanguage":"en-GB","potentialAction":[{"@type":"ReadAction","target":["https:\/\/www.spasixhours.com\/acces-parkings\/"]}]},{"@type":"ImageObject","inLanguage":"en-GB","@id":"https:\/\/www.spasixhours.com\/acces-parkings\/#primaryimage","url":"https:\/\/www.spasixhours.com\/wp-content\/uploads\/2026\/03\/AccessPlanSSH26_-712x1024.jpg","contentUrl":"https:\/\/www.spasixhours.com\/wp-content\/uploads\/2026\/03\/AccessPlanSSH26_-712x1024.jpg"},{"@type":"BreadcrumbList","@id":"https:\/\/www.spasixhours.com\/acces-parkings\/#breadcrumb","itemListElement":[{"@type":"ListItem","position":1,"name":"Accueil","item":"https:\/\/www.spasixhours.com\/"},{"@type":"ListItem","position":2,"name":"Acc\u00e8s &amp; Parkings"}]},{"@type":"WebSite","@id":"https:\/\/www.spasixhours.com\/#website","url":"https:\/\/www.spasixhours.com\/","name":"Spa Six Hours","description":"The Sound of History","publisher":{"@id":"https:\/\/www.spasixhours.com\/#organization"},"potentialAction":[{"@type":"SearchAction","target":{"@type":"EntryPoint","urlTemplate":"https:\/\/www.spasixhours.com\/?s={search_term_string}"},"query-input":{"@type":"PropertyValueSpecification","valueRequired":true,"valueName":"search_term_string"}}],"inLanguage":"en-GB"},{"@type":"Organization","@id":"https:\/\/www.spasixhours.com\/#organization","name":"Spa Six Hours","url":"https:\/\/www.spasixhours.com\/","logo":{"@type":"ImageObject","inLanguage":"en-GB","@id":"https:\/\/www.spasixhours.com\/#\/schema\/logo\/image\/","url":"https:\/\/www.spasixhours.com\/wp-content\/uploads\/2022\/03\/Logo_SpaSixHours-1.png","contentUrl":"https:\/\/www.spasixhours.com\/wp-content\/uploads\/2022\/03\/Logo_SpaSixHours-1.png","width":333,"height":144,"caption":"Spa Six Hours"},"image":{"@id":"https:\/\/www.spasixhours.com\/#\/schema\/logo\/image\/"}}]}},"_links":{"self":[{"href":"https:\/\/www.spasixhours.com\/en\/wp-json\/wp\/v2\/pages\/8011","targetHints":{"allow":["GET"]}}],"collection":[{"href":"https:\/\/www.spasixhours.com\/en\/wp-json\/wp\/v2\/pages"}],"about":[{"href":"https:\/\/www.spasixhours.com\/en\/wp-json\/wp\/v2\/types\/page"}],"author":[{"embeddable":true,"href":"https:\/\/www.spasixhours.com\/en\/wp-json\/wp\/v2\/users\/3"}],"replies":[{"embeddable":true,"href":"https:\/\/www.spasixhours.com\/en\/wp-json\/wp\/v2\/comments?post=8011"}],"version-history":[{"count":40,"href":"https:\/\/www.spasixhours.com\/en\/wp-json\/wp\/v2\/pages\/8011\/revisions"}],"predecessor-version":[{"id":9142,"href":"https:\/\/www.spasixhours.com\/en\/wp-json\/wp\/v2\/pages\/8011\/revisions\/9142"}],"wp:attachment":[{"href":"https:\/\/www.spasixhours.com\/en\/wp-json\/wp\/v2\/media?parent=8011"}],"curies":[{"name":"wp","href":"https:\/\/api.w.org\/{rel}","templated":true}]}}