{"id":4217,"date":"2022-12-23T15:26:19","date_gmt":"2022-12-23T14:26:19","guid":{"rendered":"https:\/\/www.spasixhours.com\/?page_id=4217"},"modified":"2025-04-10T00:16:38","modified_gmt":"2025-04-09T22:16:38","slug":"foires-aux-questions","status":"publish","type":"page","link":"https:\/\/www.spasixhours.com\/fr\/foires-aux-questions\/","title":{"rendered":"Foires aux Questions"},"content":{"rendered":"\t\t<div data-elementor-type=\"wp-page\" data-elementor-id=\"4217\" class=\"elementor elementor-4217\" data-elementor-post-type=\"page\">\n\t\t\t\t\t\t<section class=\"elementor-section elementor-top-section elementor-element elementor-element-04cccfc elementor-section-full_width elementor-section-height-min-height elementor-section-stretched elementor-section-content-bottom elementor-section-height-default elementor-section-items-middle\" data-id=\"04cccfc\" data-element_type=\"section\" data-e-type=\"section\" data-settings=\"{&quot;stretch_section&quot;:&quot;section-stretched&quot;,&quot;background_background&quot;:&quot;classic&quot;}\">\n\t\t\t\t\t\t\t<div class=\"elementor-background-overlay\"><\/div>\n\t\t\t\t\t\t\t<div class=\"elementor-container elementor-column-gap-extended\">\n\t\t\t\t\t<div class=\"elementor-column elementor-col-100 elementor-top-column elementor-element elementor-element-1314038e\" data-id=\"1314038e\" data-element_type=\"column\" data-e-type=\"column\" data-settings=\"{&quot;background_background&quot;:&quot;slideshow&quot;,&quot;background_slideshow_gallery&quot;:[],&quot;background_slideshow_loop&quot;:&quot;yes&quot;,&quot;background_slideshow_slide_duration&quot;:5000,&quot;background_slideshow_slide_transition&quot;:&quot;fade&quot;,&quot;background_slideshow_transition_duration&quot;:500}\">\n\t\t\t<div class=\"elementor-widget-wrap\">\n\t\t\t\t\t\t\t<\/div>\n\t\t<\/div>\n\t\t\t\t\t<\/div>\n\t\t<\/section>\n\t\t\t\t<section class=\"elementor-section elementor-top-section elementor-element elementor-element-0e000de elementor-section-full_width elementor-section-height-min-height elementor-section-stretched elementor-section-content-bottom elementor-section-height-default elementor-section-items-middle\" data-id=\"0e000de\" data-element_type=\"section\" data-e-type=\"section\" data-settings=\"{&quot;stretch_section&quot;:&quot;section-stretched&quot;,&quot;background_background&quot;:&quot;classic&quot;}\">\n\t\t\t\t\t\t\t<div class=\"elementor-background-overlay\"><\/div>\n\t\t\t\t\t\t\t<div class=\"elementor-container elementor-column-gap-extended\">\n\t\t\t\t\t<div class=\"elementor-column elementor-col-100 elementor-top-column elementor-element elementor-element-1679475\" data-id=\"1679475\" data-element_type=\"column\" data-e-type=\"column\" data-settings=\"{&quot;background_background&quot;:&quot;slideshow&quot;,&quot;background_slideshow_gallery&quot;:[],&quot;background_slideshow_loop&quot;:&quot;yes&quot;,&quot;background_slideshow_slide_duration&quot;:5000,&quot;background_slideshow_slide_transition&quot;:&quot;fade&quot;,&quot;background_slideshow_transition_duration&quot;:500}\">\n\t\t\t<div class=\"elementor-widget-wrap elementor-element-populated\">\n\t\t\t\t\t\t<div class=\"elementor-element elementor-element-0af72a2 elementor-invisible elementor-widget elementor-widget-heading\" data-id=\"0af72a2\" data-element_type=\"widget\" data-e-type=\"widget\" data-settings=\"{&quot;_animation&quot;:&quot;fadeInDown&quot;,&quot;_animation_delay&quot;:400}\" data-widget_type=\"heading.default\">\n\t\t\t\t<div class=\"elementor-widget-container\">\n\t\t\t\t\t<h4 class=\"elementor-heading-title elementor-size-default\">Foires aux Questions<\/h4>\t\t\t\t<\/div>\n\t\t\t\t<\/div>\n\t\t\t\t\t<\/div>\n\t\t<\/div>\n\t\t\t\t\t<\/div>\n\t\t<\/section>\n\t\t\t\t<section class=\"elementor-section elementor-top-section elementor-element elementor-element-534897d elementor-section-full_width elementor-section-stretched elementor-section-content-middle elementor-section-height-default elementor-section-height-default\" data-id=\"534897d\" data-element_type=\"section\" data-e-type=\"section\" data-settings=\"{&quot;stretch_section&quot;:&quot;section-stretched&quot;}\">\n\t\t\t\t\t\t<div class=\"elementor-container elementor-column-gap-extended\">\n\t\t\t\t\t<div class=\"elementor-column elementor-col-100 elementor-top-column elementor-element elementor-element-8791d09\" data-id=\"8791d09\" data-element_type=\"column\" data-e-type=\"column\">\n\t\t\t<div class=\"elementor-widget-wrap elementor-element-populated\">\n\t\t\t\t\t\t<div class=\"elementor-element elementor-element-2bf85c5 elementor-widget elementor-widget-accordion\" data-id=\"2bf85c5\" data-element_type=\"widget\" data-e-type=\"widget\" data-widget_type=\"accordion.default\">\n\t\t\t\t<div class=\"elementor-widget-container\">\n\t\t\t\t\t\t\t<div class=\"elementor-accordion\">\n\t\t\t\t\t\t\t<div class=\"elementor-accordion-item\">\n\t\t\t\t\t<div id=\"elementor-tab-title-4611\" class=\"elementor-tab-title\" data-tab=\"1\" role=\"button\" aria-controls=\"elementor-tab-content-4611\" aria-expanded=\"false\">\n\t\t\t\t\t\t\t\t\t\t\t\t\t<span class=\"elementor-accordion-icon elementor-accordion-icon-right\" aria-hidden=\"true\">\n\t\t\t\t\t\t\t\t\t\t\t\t\t\t\t<span class=\"elementor-accordion-icon-closed\"><i class=\"fas fa-caret-down\"><\/i><\/span>\n\t\t\t\t\t\t\t\t<span class=\"elementor-accordion-icon-opened\"><i class=\"fas fa-minus\"><\/i><\/span>\n\t\t\t\t\t\t\t\t\t\t\t\t\t\t<\/span>\n\t\t\t\t\t\t\t\t\t\t\t\t<a class=\"elementor-accordion-title\" tabindex=\"0\">Acc\u00e8s au circuit<\/a>\n\t\t\t\t\t<\/div>\n\t\t\t\t\t<div id=\"elementor-tab-content-4611\" class=\"elementor-tab-content elementor-clearfix\" data-tab=\"1\" role=\"region\" aria-labelledby=\"elementor-tab-title-4611\"><p class=\"p1\"><span class=\"s1\">L\u2019acc\u00e8s au circuit est autoris\u00e9 \u00e0 toute personne ayant une entr\u00e9e valide et donne droit :<span class=\"Apple-converted-space\">\u00a0<\/span><\/span><\/p><p class=\"p1\"><span class=\"s1\">\u2022 \u00e0 l\u2019entr\u00e9e g\u00e9n\u00e9rale du circuit<\/span><\/p><p class=\"p1\"><span class=\"s1\">\u2022 aux tribunes<\/span><\/p><p class=\"p1\"><span class=\"s1\">\u2022 aux paddocks \u00e0 l\u2019int\u00e9rieur du circuit<\/span><\/p><\/div>\n\t\t\t\t<\/div>\n\t\t\t\t\t\t\t<div class=\"elementor-accordion-item\">\n\t\t\t\t\t<div id=\"elementor-tab-title-4612\" class=\"elementor-tab-title\" data-tab=\"2\" role=\"button\" aria-controls=\"elementor-tab-content-4612\" aria-expanded=\"false\">\n\t\t\t\t\t\t\t\t\t\t\t\t\t<span class=\"elementor-accordion-icon elementor-accordion-icon-right\" aria-hidden=\"true\">\n\t\t\t\t\t\t\t\t\t\t\t\t\t\t\t<span class=\"elementor-accordion-icon-closed\"><i class=\"fas fa-caret-down\"><\/i><\/span>\n\t\t\t\t\t\t\t\t<span class=\"elementor-accordion-icon-opened\"><i class=\"fas fa-minus\"><\/i><\/span>\n\t\t\t\t\t\t\t\t\t\t\t\t\t\t<\/span>\n\t\t\t\t\t\t\t\t\t\t\t\t<a class=\"elementor-accordion-title\" tabindex=\"0\">Objet permis et interdits<\/a>\n\t\t\t\t\t<\/div>\n\t\t\t\t\t<div id=\"elementor-tab-content-4612\" class=\"elementor-tab-content elementor-clearfix\" data-tab=\"2\" role=\"region\" aria-labelledby=\"elementor-tab-title-4612\"><p style=\"font-weight: 400;\">Il est interdit de fumer dans les b\u00e2timents et espaces VIP, ainsi que dans la pitlane et les garages. A l&rsquo;ext\u00e9rieur, des zones fumeurs sont pr\u00e9vues \u00e0 cet effet.<\/p><p>Objets\u00a0<strong>permis<\/strong>\u00a0sur l\u2019ensemble du circuit :<\/p><ul><li>Cam\u00e9ras et appareils photo (images pour usage personnel seulement) ;<\/li><li>Nourriture (pour votre consommation personnelle seulement) ;<\/li><li>Chaises pliantes ;<\/li><li>Poussettes, d\u00e9ambulateurs et fauteuils roulants.<\/li><\/ul><p>\u00a0<\/p><p>Objets\u00a0<strong>interdits<\/strong>\u00a0sur l\u2019ensemble du circuit :<\/p><ul><li>\u00c9chelles\/escabeaux ;<\/li><li>Articles en verre ;<\/li><li>Armes \u00e0 feu, armes blanches et tout autre objet de nature dangereuse ;<\/li><li>Parasols et autres structures pouvant obstruer la vue des spectateurs et\/ou nuire \u00e0 leur s\u00e9curit\u00e9 ;<\/li><li>Vente de produits sans autorisation ;<\/li><li>Toute publicit\u00e9 non autoris\u00e9e.<\/li><\/ul><p>\u00a0<\/p><\/div>\n\t\t\t\t<\/div>\n\t\t\t\t\t\t\t<div class=\"elementor-accordion-item\">\n\t\t\t\t\t<div id=\"elementor-tab-title-4613\" class=\"elementor-tab-title\" data-tab=\"3\" role=\"button\" aria-controls=\"elementor-tab-content-4613\" aria-expanded=\"false\">\n\t\t\t\t\t\t\t\t\t\t\t\t\t<span class=\"elementor-accordion-icon elementor-accordion-icon-right\" aria-hidden=\"true\">\n\t\t\t\t\t\t\t\t\t\t\t\t\t\t\t<span class=\"elementor-accordion-icon-closed\"><i class=\"fas fa-caret-down\"><\/i><\/span>\n\t\t\t\t\t\t\t\t<span class=\"elementor-accordion-icon-opened\"><i class=\"fas fa-minus\"><\/i><\/span>\n\t\t\t\t\t\t\t\t\t\t\t\t\t\t<\/span>\n\t\t\t\t\t\t\t\t\t\t\t\t<a class=\"elementor-accordion-title\" tabindex=\"0\">Animaux de compagnie<\/a>\n\t\t\t\t\t<\/div>\n\t\t\t\t\t<div id=\"elementor-tab-content-4613\" class=\"elementor-tab-content elementor-clearfix\" data-tab=\"3\" role=\"region\" aria-labelledby=\"elementor-tab-title-4613\"><p class=\"p1\"><span class=\"s1\">Les chiens-guides et les chiens d\u2019accompagnement pour personnes handicap\u00e9es sont admis \u00e0 l\u2019int\u00e9rieur du site du circuit (paddock) et sont les bienvenus.<\/span><\/p><p class=\"p1\"><span class=\"s1\">Les animaux de compagnie sont tol\u00e9r\u00e9s, mais doivent \u00eatre tenus en laisse en permanence.<\/span><\/p><p class=\"p1\"><span class=\"s1\">Gardez \u00e0 l\u2019esprit que le circuit est bruyant, qu\u2019une agitation y r\u00e8gne en permanence et qu\u2019il y a sans cesse un va-et-vient de v\u00e9hicules. Toutes ces composantes ne sont pas particuli\u00e8rement recommand\u00e9es pour les animaux de compagnie.<\/span><\/p><\/div>\n\t\t\t\t<\/div>\n\t\t\t\t\t\t\t<div class=\"elementor-accordion-item\">\n\t\t\t\t\t<div id=\"elementor-tab-title-4614\" class=\"elementor-tab-title\" data-tab=\"4\" role=\"button\" aria-controls=\"elementor-tab-content-4614\" aria-expanded=\"false\">\n\t\t\t\t\t\t\t\t\t\t\t\t\t<span class=\"elementor-accordion-icon elementor-accordion-icon-right\" aria-hidden=\"true\">\n\t\t\t\t\t\t\t\t\t\t\t\t\t\t\t<span class=\"elementor-accordion-icon-closed\"><i class=\"fas fa-caret-down\"><\/i><\/span>\n\t\t\t\t\t\t\t\t<span class=\"elementor-accordion-icon-opened\"><i class=\"fas fa-minus\"><\/i><\/span>\n\t\t\t\t\t\t\t\t\t\t\t\t\t\t<\/span>\n\t\t\t\t\t\t\t\t\t\t\t\t<a class=\"elementor-accordion-title\" tabindex=\"0\">Pas de v\u00e9hicules motoris\u00e9s dans les paddocks pour les visiteurs<\/a>\n\t\t\t\t\t<\/div>\n\t\t\t\t\t<div id=\"elementor-tab-content-4614\" class=\"elementor-tab-content elementor-clearfix\" data-tab=\"4\" role=\"region\" aria-labelledby=\"elementor-tab-title-4614\"><p class=\"p1\">Pour les visiteurs, les scooters et cyclomoteurs (immatricul\u00e9s ou non)<span class=\"s1\">, les minimotos, les voiturettes de golf, ou tout autre v\u00e9hicule motoris\u00e9 similaire ne sont PAS autoris\u00e9s, ni dans les paddocks ni sur le site du circuit.<\/span><\/p><p class=\"p1\"><span class=\"s1\">Les v\u00e9los sont accept\u00e9s pour se d\u00e9placer \u00e0 l\u2019int\u00e9rieur des paddocks et sur le site. De mani\u00e8re prudente, \u00e0 allure r\u00e9duite et en tenant compte des pi\u00e9tons prioritaires et de toute l\u2019activit\u00e9 dans les paddocks. Le port du casque est obligatoire.<\/span><\/p><p class=\"p1\"><span class=\"s1\">Roadbook Organisation ne pourra \u00eatre tenu responsable en cas d\u2019incident. L\u2019utilisateur d\u2019un v\u00e9lo se d\u00e9place sous sa propre responsabilit\u00e9 et sous le couvert de sa propre assurance.<\/span><\/p><\/div>\n\t\t\t\t<\/div>\n\t\t\t\t\t\t\t<div class=\"elementor-accordion-item\">\n\t\t\t\t\t<div id=\"elementor-tab-title-4615\" class=\"elementor-tab-title\" data-tab=\"5\" role=\"button\" aria-controls=\"elementor-tab-content-4615\" aria-expanded=\"false\">\n\t\t\t\t\t\t\t\t\t\t\t\t\t<span class=\"elementor-accordion-icon elementor-accordion-icon-right\" aria-hidden=\"true\">\n\t\t\t\t\t\t\t\t\t\t\t\t\t\t\t<span class=\"elementor-accordion-icon-closed\"><i class=\"fas fa-caret-down\"><\/i><\/span>\n\t\t\t\t\t\t\t\t<span class=\"elementor-accordion-icon-opened\"><i class=\"fas fa-minus\"><\/i><\/span>\n\t\t\t\t\t\t\t\t\t\t\t\t\t\t<\/span>\n\t\t\t\t\t\t\t\t\t\t\t\t<a class=\"elementor-accordion-title\" tabindex=\"0\">V\u00e9hicules a\u00e9riens sans pilote et drones<\/a>\n\t\t\t\t\t<\/div>\n\t\t\t\t\t<div id=\"elementor-tab-content-4615\" class=\"elementor-tab-content elementor-clearfix\" data-tab=\"5\" role=\"region\" aria-labelledby=\"elementor-tab-title-4615\"><p>L\u2019usage des drones ou de tout autre v\u00e9hicule a\u00e9rien sans pilote \u00e0 bord ou t\u00e9l\u00e9guid\u00e9, sur tout l\u2019ensemble du site, pour quelque usage que ce soit, est strictement r\u00e8glement\u00e9 par le Circuit de Spa-Francorchamps.<\/p><p>Sans autorisation, les tournages et prises de vue au moyen de drones ou de tout autre v\u00e9hicule a\u00e9rien sans pilote \u00e0 bord ou t\u00e9l\u00e9guid\u00e9 sont STRICTEMENT INTERDITS.<\/p><p>Vous trouverez ci-apr\u00e8s le \u201cDRONE GUIDE\u201d \u00e9dit\u00e9 par le Circuit de Spa-Francorchamps.<\/p><p>Celui-ci vous fournit toutes les informations utiles, et notamment les r\u00e9f\u00e9rences \u00e0 la l\u00e9gislation belge relative \u00e0 cette mati\u00e8re.Roadbook ne tol\u00e8rera aucune exception aux r\u00e8gles du \u201cDRONE GUIDE\u201d et se r\u00e9serve le droit, le cas \u00e9ch\u00e9ant, d\u2019engager toute action judiciaire appropri\u00e9e envers les contrevenants, ind\u00e9pendamment des poursuites qui pourraient \u00eatre engag\u00e9es par le circuit.<\/p><p><a href=\"https:\/\/www.spasixhours.com\/wp-content\/uploads\/2023\/04\/202303-DEF-drone-Francorchamps_FR.pdf\" target=\"_blank\" rel=\"noopener\">T\u00e9l\u00e9charger le \u201cDRONE GUIDE\u201d.\u00a0<\/a><\/p><\/div>\n\t\t\t\t<\/div>\n\t\t\t\t\t\t\t<div class=\"elementor-accordion-item\">\n\t\t\t\t\t<div id=\"elementor-tab-title-4616\" class=\"elementor-tab-title\" data-tab=\"6\" role=\"button\" aria-controls=\"elementor-tab-content-4616\" aria-expanded=\"false\">\n\t\t\t\t\t\t\t\t\t\t\t\t\t<span class=\"elementor-accordion-icon elementor-accordion-icon-right\" aria-hidden=\"true\">\n\t\t\t\t\t\t\t\t\t\t\t\t\t\t\t<span class=\"elementor-accordion-icon-closed\"><i class=\"fas fa-caret-down\"><\/i><\/span>\n\t\t\t\t\t\t\t\t<span class=\"elementor-accordion-icon-opened\"><i class=\"fas fa-minus\"><\/i><\/span>\n\t\t\t\t\t\t\t\t\t\t\t\t\t\t<\/span>\n\t\t\t\t\t\t\t\t\t\t\t\t<a class=\"elementor-accordion-title\" tabindex=\"0\">Bonne conduite dans les tribunes du circuit<\/a>\n\t\t\t\t\t<\/div>\n\t\t\t\t\t<div id=\"elementor-tab-content-4616\" class=\"elementor-tab-content elementor-clearfix\" data-tab=\"6\" role=\"region\" aria-labelledby=\"elementor-tab-title-4616\"><p>Au sein des tribunes, merci de respecter les quelques points suivants :<\/p><ul><li>Il est interdit de s\u2019asseoir et\/ou d\u2019obstruer les escaliers des tribunes ;<\/li><li>Les banni\u00e8res, drapeaux et autres mat\u00e9riels promotionnels sont permis \u00e0 condition de ne pas obstruer la vue et\/ou d\u00e9ranger les autres spectateurs ;<\/li><li>Il est interdit de se mettre torse nu ;<\/li><li>Il est permis de prendre des photos \u00e0 condition de ne pas d\u00e9ranger les autres spectateurs ;<\/li><li>Nous vous prions de ne pas rester debout trop longtemps ;<\/li><li>Les emplacements r\u00e9serv\u00e9s aux PMR doivent \u00eatre respect\u00e9s.<br \/><br \/><\/li><\/ul><\/div>\n\t\t\t\t<\/div>\n\t\t\t\t\t\t\t\t<\/div>\n\t\t\t\t\t\t<\/div>\n\t\t\t\t<\/div>\n\t\t\t\t\t<\/div>\n\t\t<\/div>\n\t\t\t\t\t<\/div>\n\t\t<\/section>\n\t\t\t\t<\/div>\n\t\t","protected":false},"excerpt":{"rendered":"<p>Foires aux Questions Acc\u00e8s au circuit L\u2019acc\u00e8s au circuit est autoris\u00e9 \u00e0 toute personne ayant une entr\u00e9e valide et donne droit :\u00a0 \u2022 \u00e0 l\u2019entr\u00e9e g\u00e9n\u00e9rale du circuit \u2022 aux tribunes \u2022 aux paddocks \u00e0 l\u2019int\u00e9rieur du circuit Objet permis et interdits Il est interdit de fumer dans les b\u00e2timents et espaces VIP, ainsi que [&hellip;]<\/p>\n","protected":false},"author":3,"featured_media":0,"parent":0,"menu_order":0,"comment_status":"closed","ping_status":"closed","template":"","meta":{"footnotes":""},"class_list":["post-4217","page","type-page","status-publish","hentry"],"yoast_head":"<!-- This site is optimized with the Yoast SEO plugin v27.5 - https:\/\/yoast.com\/product\/yoast-seo-wordpress\/ -->\n<title>Foires aux Questions - Spa Six Hours<\/title>\n<meta name=\"robots\" content=\"index, follow, max-snippet:-1, max-image-preview:large, max-video-preview:-1\" \/>\n<link rel=\"canonical\" href=\"https:\/\/www.spasixhours.com\/fr\/foires-aux-questions\/\" \/>\n<meta property=\"og:locale\" content=\"fr_FR\" \/>\n<meta property=\"og:type\" content=\"article\" \/>\n<meta property=\"og:title\" content=\"Foires aux Questions - Spa Six Hours\" \/>\n<meta property=\"og:description\" content=\"Foires aux Questions Acc\u00e8s au circuit L\u2019acc\u00e8s au circuit est autoris\u00e9 \u00e0 toute personne ayant une entr\u00e9e valide et donne droit :\u00a0 \u2022 \u00e0 l\u2019entr\u00e9e g\u00e9n\u00e9rale du circuit \u2022 aux tribunes \u2022 aux paddocks \u00e0 l\u2019int\u00e9rieur du circuit Objet permis et interdits Il est interdit de fumer dans les b\u00e2timents et espaces VIP, ainsi que [&hellip;]\" \/>\n<meta property=\"og:url\" content=\"https:\/\/www.spasixhours.com\/fr\/foires-aux-questions\/\" \/>\n<meta property=\"og:site_name\" content=\"Spa Six Hours\" \/>\n<meta property=\"article:modified_time\" content=\"2025-04-09T22:16:38+00:00\" \/>\n<meta name=\"twitter:card\" content=\"summary_large_image\" \/>\n<meta name=\"twitter:label1\" content=\"Dur\u00e9e de lecture estim\u00e9e\" \/>\n\t<meta name=\"twitter:data1\" content=\"3 minutes\" \/>\n<script type=\"application\/ld+json\" class=\"yoast-schema-graph\">{\"@context\":\"https:\\\/\\\/schema.org\",\"@graph\":[{\"@type\":\"WebPage\",\"@id\":\"https:\\\/\\\/www.spasixhours.com\\\/foires-aux-questions\\\/\",\"url\":\"https:\\\/\\\/www.spasixhours.com\\\/foires-aux-questions\\\/\",\"name\":\"Foires aux Questions - Spa Six Hours\",\"isPartOf\":{\"@id\":\"https:\\\/\\\/www.spasixhours.com\\\/#website\"},\"datePublished\":\"2022-12-23T14:26:19+00:00\",\"dateModified\":\"2025-04-09T22:16:38+00:00\",\"breadcrumb\":{\"@id\":\"https:\\\/\\\/www.spasixhours.com\\\/foires-aux-questions\\\/#breadcrumb\"},\"inLanguage\":\"fr-FR\",\"potentialAction\":[{\"@type\":\"ReadAction\",\"target\":[\"https:\\\/\\\/www.spasixhours.com\\\/foires-aux-questions\\\/\"]}]},{\"@type\":\"BreadcrumbList\",\"@id\":\"https:\\\/\\\/www.spasixhours.com\\\/foires-aux-questions\\\/#breadcrumb\",\"itemListElement\":[{\"@type\":\"ListItem\",\"position\":1,\"name\":\"Accueil\",\"item\":\"https:\\\/\\\/www.spasixhours.com\\\/\"},{\"@type\":\"ListItem\",\"position\":2,\"name\":\"Foires aux Questions\"}]},{\"@type\":\"WebSite\",\"@id\":\"https:\\\/\\\/www.spasixhours.com\\\/#website\",\"url\":\"https:\\\/\\\/www.spasixhours.com\\\/\",\"name\":\"Spa Six Hours\",\"description\":\"The Sound of History\",\"publisher\":{\"@id\":\"https:\\\/\\\/www.spasixhours.com\\\/#organization\"},\"potentialAction\":[{\"@type\":\"SearchAction\",\"target\":{\"@type\":\"EntryPoint\",\"urlTemplate\":\"https:\\\/\\\/www.spasixhours.com\\\/?s={search_term_string}\"},\"query-input\":{\"@type\":\"PropertyValueSpecification\",\"valueRequired\":true,\"valueName\":\"search_term_string\"}}],\"inLanguage\":\"fr-FR\"},{\"@type\":\"Organization\",\"@id\":\"https:\\\/\\\/www.spasixhours.com\\\/#organization\",\"name\":\"Spa Six Hours\",\"url\":\"https:\\\/\\\/www.spasixhours.com\\\/\",\"logo\":{\"@type\":\"ImageObject\",\"inLanguage\":\"fr-FR\",\"@id\":\"https:\\\/\\\/www.spasixhours.com\\\/#\\\/schema\\\/logo\\\/image\\\/\",\"url\":\"https:\\\/\\\/www.spasixhours.com\\\/wp-content\\\/uploads\\\/2022\\\/03\\\/Logo_SpaSixHours-1.png\",\"contentUrl\":\"https:\\\/\\\/www.spasixhours.com\\\/wp-content\\\/uploads\\\/2022\\\/03\\\/Logo_SpaSixHours-1.png\",\"width\":333,\"height\":144,\"caption\":\"Spa Six Hours\"},\"image\":{\"@id\":\"https:\\\/\\\/www.spasixhours.com\\\/#\\\/schema\\\/logo\\\/image\\\/\"}}]}<\/script>\n<!-- \/ Yoast SEO plugin. -->","yoast_head_json":{"title":"Foires aux Questions - Spa Six Hours","robots":{"index":"index","follow":"follow","max-snippet":"max-snippet:-1","max-image-preview":"max-image-preview:large","max-video-preview":"max-video-preview:-1"},"canonical":"https:\/\/www.spasixhours.com\/fr\/foires-aux-questions\/","og_locale":"fr_FR","og_type":"article","og_title":"Foires aux Questions - Spa Six Hours","og_description":"Foires aux Questions Acc\u00e8s au circuit L\u2019acc\u00e8s au circuit est autoris\u00e9 \u00e0 toute personne ayant une entr\u00e9e valide et donne droit :\u00a0 \u2022 \u00e0 l\u2019entr\u00e9e g\u00e9n\u00e9rale du circuit \u2022 aux tribunes \u2022 aux paddocks \u00e0 l\u2019int\u00e9rieur du circuit Objet permis et interdits Il est interdit de fumer dans les b\u00e2timents et espaces VIP, ainsi que [&hellip;]","og_url":"https:\/\/www.spasixhours.com\/fr\/foires-aux-questions\/","og_site_name":"Spa Six Hours","article_modified_time":"2025-04-09T22:16:38+00:00","twitter_card":"summary_large_image","twitter_misc":{"Dur\u00e9e de lecture estim\u00e9e":"3 minutes"},"schema":{"@context":"https:\/\/schema.org","@graph":[{"@type":"WebPage","@id":"https:\/\/www.spasixhours.com\/foires-aux-questions\/","url":"https:\/\/www.spasixhours.com\/foires-aux-questions\/","name":"Foires aux Questions - Spa Six Hours","isPartOf":{"@id":"https:\/\/www.spasixhours.com\/#website"},"datePublished":"2022-12-23T14:26:19+00:00","dateModified":"2025-04-09T22:16:38+00:00","breadcrumb":{"@id":"https:\/\/www.spasixhours.com\/foires-aux-questions\/#breadcrumb"},"inLanguage":"fr-FR","potentialAction":[{"@type":"ReadAction","target":["https:\/\/www.spasixhours.com\/foires-aux-questions\/"]}]},{"@type":"BreadcrumbList","@id":"https:\/\/www.spasixhours.com\/foires-aux-questions\/#breadcrumb","itemListElement":[{"@type":"ListItem","position":1,"name":"Accueil","item":"https:\/\/www.spasixhours.com\/"},{"@type":"ListItem","position":2,"name":"Foires aux Questions"}]},{"@type":"WebSite","@id":"https:\/\/www.spasixhours.com\/#website","url":"https:\/\/www.spasixhours.com\/","name":"Spa Six Hours","description":"The Sound of History","publisher":{"@id":"https:\/\/www.spasixhours.com\/#organization"},"potentialAction":[{"@type":"SearchAction","target":{"@type":"EntryPoint","urlTemplate":"https:\/\/www.spasixhours.com\/?s={search_term_string}"},"query-input":{"@type":"PropertyValueSpecification","valueRequired":true,"valueName":"search_term_string"}}],"inLanguage":"fr-FR"},{"@type":"Organization","@id":"https:\/\/www.spasixhours.com\/#organization","name":"Spa Six Hours","url":"https:\/\/www.spasixhours.com\/","logo":{"@type":"ImageObject","inLanguage":"fr-FR","@id":"https:\/\/www.spasixhours.com\/#\/schema\/logo\/image\/","url":"https:\/\/www.spasixhours.com\/wp-content\/uploads\/2022\/03\/Logo_SpaSixHours-1.png","contentUrl":"https:\/\/www.spasixhours.com\/wp-content\/uploads\/2022\/03\/Logo_SpaSixHours-1.png","width":333,"height":144,"caption":"Spa Six Hours"},"image":{"@id":"https:\/\/www.spasixhours.com\/#\/schema\/logo\/image\/"}}]}},"_links":{"self":[{"href":"https:\/\/www.spasixhours.com\/fr\/wp-json\/wp\/v2\/pages\/4217","targetHints":{"allow":["GET"]}}],"collection":[{"href":"https:\/\/www.spasixhours.com\/fr\/wp-json\/wp\/v2\/pages"}],"about":[{"href":"https:\/\/www.spasixhours.com\/fr\/wp-json\/wp\/v2\/types\/page"}],"author":[{"embeddable":true,"href":"https:\/\/www.spasixhours.com\/fr\/wp-json\/wp\/v2\/users\/3"}],"replies":[{"embeddable":true,"href":"https:\/\/www.spasixhours.com\/fr\/wp-json\/wp\/v2\/comments?post=4217"}],"version-history":[{"count":98,"href":"https:\/\/www.spasixhours.com\/fr\/wp-json\/wp\/v2\/pages\/4217\/revisions"}],"predecessor-version":[{"id":8485,"href":"https:\/\/www.spasixhours.com\/fr\/wp-json\/wp\/v2\/pages\/4217\/revisions\/8485"}],"wp:attachment":[{"href":"https:\/\/www.spasixhours.com\/fr\/wp-json\/wp\/v2\/media?parent=4217"}],"curies":[{"name":"wp","href":"https:\/\/api.w.org\/{rel}","templated":true}]}}