{"id":7892,"date":"2025-02-18T18:10:52","date_gmt":"2025-02-18T17:10:52","guid":{"rendered":"https:\/\/www.spasixhours.com\/?page_id=7892"},"modified":"2026-03-11T18:24:10","modified_gmt":"2026-03-11T17:24:10","slug":"brake-club","status":"publish","type":"page","link":"https:\/\/www.spasixhours.com\/fr\/brake-club\/","title":{"rendered":"Brake Club"},"content":{"rendered":"\t\t<div data-elementor-type=\"wp-page\" data-elementor-id=\"7892\" class=\"elementor elementor-7892\" data-elementor-post-type=\"page\">\n\t\t\t\t\t\t<section class=\"elementor-section elementor-top-section elementor-element elementor-element-04cccfc elementor-section-full_width elementor-section-height-min-height elementor-section-stretched elementor-section-content-bottom elementor-section-height-default elementor-section-items-middle\" data-id=\"04cccfc\" data-element_type=\"section\" data-e-type=\"section\" data-settings=\"{&quot;stretch_section&quot;:&quot;section-stretched&quot;,&quot;background_background&quot;:&quot;classic&quot;}\">\n\t\t\t\t\t\t\t<div class=\"elementor-background-overlay\"><\/div>\n\t\t\t\t\t\t\t<div class=\"elementor-container elementor-column-gap-extended\">\n\t\t\t\t\t<div class=\"elementor-column elementor-col-100 elementor-top-column elementor-element elementor-element-1314038e\" data-id=\"1314038e\" data-element_type=\"column\" data-e-type=\"column\" data-settings=\"{&quot;background_background&quot;:&quot;slideshow&quot;,&quot;background_slideshow_gallery&quot;:[],&quot;background_slideshow_loop&quot;:&quot;yes&quot;,&quot;background_slideshow_slide_duration&quot;:5000,&quot;background_slideshow_slide_transition&quot;:&quot;fade&quot;,&quot;background_slideshow_transition_duration&quot;:500}\">\n\t\t\t<div class=\"elementor-widget-wrap\">\n\t\t\t\t\t\t\t<\/div>\n\t\t<\/div>\n\t\t\t\t\t<\/div>\n\t\t<\/section>\n\t\t\t\t<section class=\"elementor-section elementor-top-section elementor-element elementor-element-1f460b4 elementor-section-full_width elementor-section-stretched elementor-section-content-bottom elementor-section-height-default elementor-section-height-default\" data-id=\"1f460b4\" data-element_type=\"section\" data-e-type=\"section\" data-settings=\"{&quot;stretch_section&quot;:&quot;section-stretched&quot;,&quot;background_background&quot;:&quot;classic&quot;}\">\n\t\t\t\t\t\t\t<div class=\"elementor-background-overlay\"><\/div>\n\t\t\t\t\t\t\t<div class=\"elementor-container elementor-column-gap-extended\">\n\t\t\t\t\t<div class=\"elementor-column elementor-col-100 elementor-top-column elementor-element elementor-element-d27ef2d\" data-id=\"d27ef2d\" data-element_type=\"column\" data-e-type=\"column\" data-settings=\"{&quot;background_background&quot;:&quot;slideshow&quot;,&quot;background_slideshow_gallery&quot;:[],&quot;background_slideshow_loop&quot;:&quot;yes&quot;,&quot;background_slideshow_slide_duration&quot;:5000,&quot;background_slideshow_slide_transition&quot;:&quot;fade&quot;,&quot;background_slideshow_transition_duration&quot;:500}\">\n\t\t\t<div class=\"elementor-widget-wrap elementor-element-populated\">\n\t\t\t\t\t\t<div class=\"elementor-element elementor-element-38aa4ae elementor-invisible elementor-widget elementor-widget-heading\" data-id=\"38aa4ae\" data-element_type=\"widget\" data-e-type=\"widget\" data-settings=\"{&quot;_animation&quot;:&quot;fadeInDown&quot;,&quot;_animation_delay&quot;:400}\" data-widget_type=\"heading.default\">\n\t\t\t\t<div class=\"elementor-widget-container\">\n\t\t\t\t\t<h4 class=\"elementor-heading-title elementor-size-default\">BRAKE CLUB : Une Experience VIP<\/h4>\t\t\t\t<\/div>\n\t\t\t\t<\/div>\n\t\t\t\t\t<\/div>\n\t\t<\/div>\n\t\t\t\t\t<\/div>\n\t\t<\/section>\n\t\t\t\t<section class=\"elementor-section elementor-top-section elementor-element elementor-element-e6a3f2c elementor-section-full_width elementor-section-stretched elementor-section-content-middle elementor-section-height-default elementor-section-height-default\" data-id=\"e6a3f2c\" data-element_type=\"section\" data-e-type=\"section\" data-settings=\"{&quot;stretch_section&quot;:&quot;section-stretched&quot;}\">\n\t\t\t\t\t\t<div class=\"elementor-container elementor-column-gap-extended\">\n\t\t\t\t\t<div class=\"elementor-column elementor-col-50 elementor-top-column elementor-element elementor-element-354e2b5f\" data-id=\"354e2b5f\" data-element_type=\"column\" data-e-type=\"column\">\n\t\t\t<div class=\"elementor-widget-wrap elementor-element-populated\">\n\t\t\t\t\t\t<div class=\"elementor-element elementor-element-72b886fa elementor-widget elementor-widget-heading\" data-id=\"72b886fa\" data-element_type=\"widget\" data-e-type=\"widget\" data-widget_type=\"heading.default\">\n\t\t\t\t<div class=\"elementor-widget-container\">\n\t\t\t\t\t<h2 class=\"elementor-heading-title elementor-size-default\">Samedi 26 septembre<\/h2>\t\t\t\t<\/div>\n\t\t\t\t<\/div>\n\t\t\t\t<div class=\"elementor-element elementor-element-d784076 elementor-invisible elementor-widget elementor-widget-text-editor\" data-id=\"d784076\" data-element_type=\"widget\" data-e-type=\"widget\" data-settings=\"{&quot;_animation&quot;:&quot;fadeIn&quot;}\" data-widget_type=\"text-editor.default\">\n\t\t\t\t<div class=\"elementor-widget-container\">\n\t\t\t\t\t\t\t\t\t<p>Vivez les Spa Six Hours sous le signe du confort et de l\u2019exclusivit\u00e9 en rejoignant l\u2019espace Brake Club. Situ\u00e9 dans un cadre exceptionnel, au pied du mythique Raidillon, au sein de la Villa de l\u2019Eau Rouge, cet espace privatif vous offre une exp\u00e9rience gastronomique raffin\u00e9e et un confort optimal tout au long de la journ\u00e9e.<\/p>\t\t\t\t\t\t\t\t<\/div>\n\t\t\t\t<\/div>\n\t\t\t\t<div class=\"elementor-element elementor-element-ea66489 elementor-invisible elementor-widget elementor-widget-text-editor\" data-id=\"ea66489\" data-element_type=\"widget\" data-e-type=\"widget\" data-settings=\"{&quot;_animation&quot;:&quot;fadeIn&quot;}\" data-widget_type=\"text-editor.default\">\n\t\t\t\t<div class=\"elementor-widget-container\">\n\t\t\t\t\t\t\t\t\t<p><b>UNE EXP\u00c9RIENCE VIP<\/b><\/p><p>D\u00e8s votre arriv\u00e9e, profitez d\u2019un accueil petit d\u00e9jeuner, de champagne avant de savourer un d\u00e9jeuner sous forme\u00a0de buffet sal\u00e9 et sucr\u00e9, dans une ambiance \u00e9l\u00e9gante et conviviale. Une restauration assise est pr\u00e9vue, avec un service soign\u00e9.<\/p>\t\t\t\t\t\t\t\t<\/div>\n\t\t\t\t<\/div>\n\t\t\t\t\t<\/div>\n\t\t<\/div>\n\t\t\t\t<div class=\"elementor-column elementor-col-50 elementor-top-column elementor-element elementor-element-2088ee7c\" data-id=\"2088ee7c\" data-element_type=\"column\" data-e-type=\"column\" data-settings=\"{&quot;background_background&quot;:&quot;classic&quot;}\">\n\t\t\t<div class=\"elementor-widget-wrap elementor-element-populated\">\n\t\t\t\t\t\t<div class=\"elementor-element elementor-element-5e7e0cee elementor-widget elementor-widget-spacer\" data-id=\"5e7e0cee\" data-element_type=\"widget\" data-e-type=\"widget\" data-widget_type=\"spacer.default\">\n\t\t\t\t<div class=\"elementor-widget-container\">\n\t\t\t\t\t\t\t<div class=\"elementor-spacer\">\n\t\t\t<div class=\"elementor-spacer-inner\"><\/div>\n\t\t<\/div>\n\t\t\t\t\t\t<\/div>\n\t\t\t\t<\/div>\n\t\t\t\t\t<\/div>\n\t\t<\/div>\n\t\t\t\t\t<\/div>\n\t\t<\/section>\n\t\t\t\t<section class=\"elementor-section elementor-top-section elementor-element elementor-element-579e701 elementor-section-full_width elementor-section-stretched elementor-section-content-middle elementor-reverse-mobile elementor-section-height-default elementor-section-height-default\" data-id=\"579e701\" data-element_type=\"section\" data-e-type=\"section\" data-settings=\"{&quot;stretch_section&quot;:&quot;section-stretched&quot;}\">\n\t\t\t\t\t\t<div class=\"elementor-container elementor-column-gap-extended\">\n\t\t\t\t\t<div class=\"elementor-column elementor-col-50 elementor-top-column elementor-element elementor-element-e68eb97\" data-id=\"e68eb97\" data-element_type=\"column\" data-e-type=\"column\" data-settings=\"{&quot;background_background&quot;:&quot;classic&quot;}\">\n\t\t\t<div class=\"elementor-widget-wrap elementor-element-populated\">\n\t\t\t\t\t\t<div class=\"elementor-element elementor-element-18615b5 elementor-widget elementor-widget-spacer\" data-id=\"18615b5\" data-element_type=\"widget\" data-e-type=\"widget\" data-widget_type=\"spacer.default\">\n\t\t\t\t<div class=\"elementor-widget-container\">\n\t\t\t\t\t\t\t<div class=\"elementor-spacer\">\n\t\t\t<div class=\"elementor-spacer-inner\"><\/div>\n\t\t<\/div>\n\t\t\t\t\t\t<\/div>\n\t\t\t\t<\/div>\n\t\t\t\t\t<\/div>\n\t\t<\/div>\n\t\t\t\t<div class=\"elementor-column elementor-col-50 elementor-top-column elementor-element elementor-element-d1f59e5\" data-id=\"d1f59e5\" data-element_type=\"column\" data-e-type=\"column\">\n\t\t\t<div class=\"elementor-widget-wrap elementor-element-populated\">\n\t\t\t\t\t\t<div class=\"elementor-element elementor-element-48d0e70 elementor-widget elementor-widget-heading\" data-id=\"48d0e70\" data-element_type=\"widget\" data-e-type=\"widget\" data-widget_type=\"heading.default\">\n\t\t\t\t<div class=\"elementor-widget-container\">\n\t\t\t\t\t<h2 class=\"elementor-heading-title elementor-size-default\">VOTRE FORMULE BRAKE CLUB COMPREND:<\/h2>\t\t\t\t<\/div>\n\t\t\t\t<\/div>\n\t\t\t\t<div class=\"elementor-element elementor-element-7b3b052 elementor-invisible elementor-widget elementor-widget-text-editor\" data-id=\"7b3b052\" data-element_type=\"widget\" data-e-type=\"widget\" data-settings=\"{&quot;_animation&quot;:&quot;fadeIn&quot;}\" data-widget_type=\"text-editor.default\">\n\t\t\t\t<div class=\"elementor-widget-container\">\n\t\t\t\t\t\t\t\t\t<p>Samedi 26 septembre uniquement<\/p><p>Ajoutez luxe et prestige \u00e0 votre visite aux Spa Six Hours avec un Lunch Buffet dans l\u2019espace Brake Club.<\/p><p>Vous serez accueillis dans l\u2019espace privatif du Brake Club, id\u00e9alement situ\u00e9 au pied du c\u00e9l\u00e8bre Raidillon au sein de la Villa de l&rsquo;Eau Rouge. Un Lunch vous sera propos\u00e9 dans une ambiance conviviale, restauration assise, sous forme de buffet. Vestiaire disponible.<\/p><p>Le Ticket Brake Club comprend :<\/p><ul><li>D\u00e8s 09h30 : ouverture de l&rsquo;espace et accueil, caf\u00e9 \/th\u00e9 &amp; viennoiseries<\/li><li>D\u00e8s 12h : ap\u00e9ritif au champagne<br \/>Lunch sous forme de buffet sal\u00e9 et sucr\u00e9<br \/>Table ronde de 8 personnes avec 3 bouteilles de vins, bi\u00e8res, soft et caf\u00e9 servis \u00e0 discr\u00e9tion<\/li><li>De 11h \u00e0 19h : tout au long de la journ\u00e9e, acc\u00e8s \u00e0 votre Exclusive Hospitality Suite<\/li><li>Open bar : bi\u00e8res, soft et caf\u00e9<\/li><\/ul><p>\u00a0<\/p><p>Le Ticket Brake Club comprend le Ticket d\u2019entr\u00e9e au meeting pour le samedi 26 ainsi qu&rsquo;un parking VIP \u00e0 proximit\u00e9 de l&rsquo;Eau Rouge.<\/p><p>Achat uniquement <a href=\"https:\/\/www.spasixhours.com\/billetterie\/\"><strong>via notre plateforme de ticketing en ligne<\/strong><\/a>.<\/p>\t\t\t\t\t\t\t\t<\/div>\n\t\t\t\t<\/div>\n\t\t\t\t\t<\/div>\n\t\t<\/div>\n\t\t\t\t\t<\/div>\n\t\t<\/section>\n\t\t\t\t<\/div>\n\t\t","protected":false},"excerpt":{"rendered":"<p>Vivez les Spa Six Hours sous le signe du confort et de l\u2019exclusivit\u00e9 en rejoignant l\u2019espace Brake Club. Situ\u00e9 dans un cadre exceptionnel, au pied du mythique Raidillon, au sein de la Villa de l\u2019Eau Rouge, cet espace privatif vous offre une exp\u00e9rience gastronomique raffin\u00e9e et un confort optimal tout au long de la journ\u00e9e.<\/p>\n","protected":false},"author":2,"featured_media":7894,"parent":0,"menu_order":0,"comment_status":"closed","ping_status":"closed","template":"","meta":{"footnotes":""},"class_list":["post-7892","page","type-page","status-publish","has-post-thumbnail","hentry"],"yoast_head":"<!-- This site is optimized with the Yoast SEO plugin v27.5 - https:\/\/yoast.com\/product\/yoast-seo-wordpress\/ -->\n<title>Brake Club - Spa Six Hours<\/title>\n<meta name=\"robots\" content=\"index, follow, max-snippet:-1, max-image-preview:large, max-video-preview:-1\" \/>\n<link rel=\"canonical\" href=\"https:\/\/www.spasixhours.com\/fr\/brake-club\/\" \/>\n<meta property=\"og:locale\" content=\"fr_FR\" \/>\n<meta property=\"og:type\" content=\"article\" \/>\n<meta property=\"og:title\" content=\"Brake Club - Spa Six Hours\" \/>\n<meta property=\"og:description\" content=\"Vivez les Spa Six Hours sous le signe du confort et de l\u2019exclusivit\u00e9 en rejoignant l\u2019espace Brake Club. Situ\u00e9 dans un cadre exceptionnel, au pied du mythique Raidillon, au sein de la Villa de l\u2019Eau Rouge, cet espace privatif vous offre une exp\u00e9rience gastronomique raffin\u00e9e et un confort optimal tout au long de la journ\u00e9e.\" \/>\n<meta property=\"og:url\" content=\"https:\/\/www.spasixhours.com\/fr\/brake-club\/\" \/>\n<meta property=\"og:site_name\" content=\"Spa Six Hours\" \/>\n<meta property=\"article:modified_time\" content=\"2026-03-11T17:24:10+00:00\" \/>\n<meta property=\"og:image\" content=\"https:\/\/www.spasixhours.com\/wp-content\/uploads\/2025\/02\/Brake-club-1.webp\" \/>\n\t<meta property=\"og:image:width\" content=\"1620\" \/>\n\t<meta property=\"og:image:height\" content=\"1080\" \/>\n\t<meta property=\"og:image:type\" content=\"image\/webp\" \/>\n<meta name=\"twitter:card\" content=\"summary_large_image\" \/>\n<meta name=\"twitter:label1\" content=\"Dur\u00e9e de lecture estim\u00e9e\" \/>\n\t<meta name=\"twitter:data1\" content=\"2 minutes\" \/>\n<script type=\"application\/ld+json\" class=\"yoast-schema-graph\">{\"@context\":\"https:\\\/\\\/schema.org\",\"@graph\":[{\"@type\":\"WebPage\",\"@id\":\"https:\\\/\\\/www.spasixhours.com\\\/fr\\\/brake-club\\\/\",\"url\":\"https:\\\/\\\/www.spasixhours.com\\\/fr\\\/brake-club\\\/\",\"name\":\"Brake Club - Spa Six Hours\",\"isPartOf\":{\"@id\":\"https:\\\/\\\/www.spasixhours.com\\\/#website\"},\"primaryImageOfPage\":{\"@id\":\"https:\\\/\\\/www.spasixhours.com\\\/fr\\\/brake-club\\\/#primaryimage\"},\"image\":{\"@id\":\"https:\\\/\\\/www.spasixhours.com\\\/fr\\\/brake-club\\\/#primaryimage\"},\"thumbnailUrl\":\"https:\\\/\\\/www.spasixhours.com\\\/wp-content\\\/uploads\\\/2025\\\/02\\\/Brake-club-1.webp\",\"datePublished\":\"2025-02-18T17:10:52+00:00\",\"dateModified\":\"2026-03-11T17:24:10+00:00\",\"breadcrumb\":{\"@id\":\"https:\\\/\\\/www.spasixhours.com\\\/fr\\\/brake-club\\\/#breadcrumb\"},\"inLanguage\":\"fr-FR\",\"potentialAction\":[{\"@type\":\"ReadAction\",\"target\":[\"https:\\\/\\\/www.spasixhours.com\\\/fr\\\/brake-club\\\/\"]}]},{\"@type\":\"ImageObject\",\"inLanguage\":\"fr-FR\",\"@id\":\"https:\\\/\\\/www.spasixhours.com\\\/fr\\\/brake-club\\\/#primaryimage\",\"url\":\"https:\\\/\\\/www.spasixhours.com\\\/wp-content\\\/uploads\\\/2025\\\/02\\\/Brake-club-1.webp\",\"contentUrl\":\"https:\\\/\\\/www.spasixhours.com\\\/wp-content\\\/uploads\\\/2025\\\/02\\\/Brake-club-1.webp\",\"width\":1620,\"height\":1080},{\"@type\":\"BreadcrumbList\",\"@id\":\"https:\\\/\\\/www.spasixhours.com\\\/fr\\\/brake-club\\\/#breadcrumb\",\"itemListElement\":[{\"@type\":\"ListItem\",\"position\":1,\"name\":\"Accueil\",\"item\":\"https:\\\/\\\/www.spasixhours.com\\\/\"},{\"@type\":\"ListItem\",\"position\":2,\"name\":\"Brake Club\"}]},{\"@type\":\"WebSite\",\"@id\":\"https:\\\/\\\/www.spasixhours.com\\\/#website\",\"url\":\"https:\\\/\\\/www.spasixhours.com\\\/\",\"name\":\"Spa Six Hours\",\"description\":\"The Sound of History\",\"publisher\":{\"@id\":\"https:\\\/\\\/www.spasixhours.com\\\/#organization\"},\"potentialAction\":[{\"@type\":\"SearchAction\",\"target\":{\"@type\":\"EntryPoint\",\"urlTemplate\":\"https:\\\/\\\/www.spasixhours.com\\\/?s={search_term_string}\"},\"query-input\":{\"@type\":\"PropertyValueSpecification\",\"valueRequired\":true,\"valueName\":\"search_term_string\"}}],\"inLanguage\":\"fr-FR\"},{\"@type\":\"Organization\",\"@id\":\"https:\\\/\\\/www.spasixhours.com\\\/#organization\",\"name\":\"Spa Six Hours\",\"url\":\"https:\\\/\\\/www.spasixhours.com\\\/\",\"logo\":{\"@type\":\"ImageObject\",\"inLanguage\":\"fr-FR\",\"@id\":\"https:\\\/\\\/www.spasixhours.com\\\/#\\\/schema\\\/logo\\\/image\\\/\",\"url\":\"https:\\\/\\\/www.spasixhours.com\\\/wp-content\\\/uploads\\\/2022\\\/03\\\/Logo_SpaSixHours-1.png\",\"contentUrl\":\"https:\\\/\\\/www.spasixhours.com\\\/wp-content\\\/uploads\\\/2022\\\/03\\\/Logo_SpaSixHours-1.png\",\"width\":333,\"height\":144,\"caption\":\"Spa Six Hours\"},\"image\":{\"@id\":\"https:\\\/\\\/www.spasixhours.com\\\/#\\\/schema\\\/logo\\\/image\\\/\"}}]}<\/script>\n<!-- \/ Yoast SEO plugin. -->","yoast_head_json":{"title":"Brake Club - Spa Six Hours","robots":{"index":"index","follow":"follow","max-snippet":"max-snippet:-1","max-image-preview":"max-image-preview:large","max-video-preview":"max-video-preview:-1"},"canonical":"https:\/\/www.spasixhours.com\/fr\/brake-club\/","og_locale":"fr_FR","og_type":"article","og_title":"Brake Club - Spa Six Hours","og_description":"Vivez les Spa Six Hours sous le signe du confort et de l\u2019exclusivit\u00e9 en rejoignant l\u2019espace Brake Club. Situ\u00e9 dans un cadre exceptionnel, au pied du mythique Raidillon, au sein de la Villa de l\u2019Eau Rouge, cet espace privatif vous offre une exp\u00e9rience gastronomique raffin\u00e9e et un confort optimal tout au long de la journ\u00e9e.","og_url":"https:\/\/www.spasixhours.com\/fr\/brake-club\/","og_site_name":"Spa Six Hours","article_modified_time":"2026-03-11T17:24:10+00:00","og_image":[{"width":1620,"height":1080,"url":"https:\/\/www.spasixhours.com\/wp-content\/uploads\/2025\/02\/Brake-club-1.webp","type":"image\/webp"}],"twitter_card":"summary_large_image","twitter_misc":{"Dur\u00e9e de lecture estim\u00e9e":"2 minutes"},"schema":{"@context":"https:\/\/schema.org","@graph":[{"@type":"WebPage","@id":"https:\/\/www.spasixhours.com\/fr\/brake-club\/","url":"https:\/\/www.spasixhours.com\/fr\/brake-club\/","name":"Brake Club - Spa Six Hours","isPartOf":{"@id":"https:\/\/www.spasixhours.com\/#website"},"primaryImageOfPage":{"@id":"https:\/\/www.spasixhours.com\/fr\/brake-club\/#primaryimage"},"image":{"@id":"https:\/\/www.spasixhours.com\/fr\/brake-club\/#primaryimage"},"thumbnailUrl":"https:\/\/www.spasixhours.com\/wp-content\/uploads\/2025\/02\/Brake-club-1.webp","datePublished":"2025-02-18T17:10:52+00:00","dateModified":"2026-03-11T17:24:10+00:00","breadcrumb":{"@id":"https:\/\/www.spasixhours.com\/fr\/brake-club\/#breadcrumb"},"inLanguage":"fr-FR","potentialAction":[{"@type":"ReadAction","target":["https:\/\/www.spasixhours.com\/fr\/brake-club\/"]}]},{"@type":"ImageObject","inLanguage":"fr-FR","@id":"https:\/\/www.spasixhours.com\/fr\/brake-club\/#primaryimage","url":"https:\/\/www.spasixhours.com\/wp-content\/uploads\/2025\/02\/Brake-club-1.webp","contentUrl":"https:\/\/www.spasixhours.com\/wp-content\/uploads\/2025\/02\/Brake-club-1.webp","width":1620,"height":1080},{"@type":"BreadcrumbList","@id":"https:\/\/www.spasixhours.com\/fr\/brake-club\/#breadcrumb","itemListElement":[{"@type":"ListItem","position":1,"name":"Accueil","item":"https:\/\/www.spasixhours.com\/"},{"@type":"ListItem","position":2,"name":"Brake Club"}]},{"@type":"WebSite","@id":"https:\/\/www.spasixhours.com\/#website","url":"https:\/\/www.spasixhours.com\/","name":"Spa Six Hours","description":"The Sound of History","publisher":{"@id":"https:\/\/www.spasixhours.com\/#organization"},"potentialAction":[{"@type":"SearchAction","target":{"@type":"EntryPoint","urlTemplate":"https:\/\/www.spasixhours.com\/?s={search_term_string}"},"query-input":{"@type":"PropertyValueSpecification","valueRequired":true,"valueName":"search_term_string"}}],"inLanguage":"fr-FR"},{"@type":"Organization","@id":"https:\/\/www.spasixhours.com\/#organization","name":"Spa Six Hours","url":"https:\/\/www.spasixhours.com\/","logo":{"@type":"ImageObject","inLanguage":"fr-FR","@id":"https:\/\/www.spasixhours.com\/#\/schema\/logo\/image\/","url":"https:\/\/www.spasixhours.com\/wp-content\/uploads\/2022\/03\/Logo_SpaSixHours-1.png","contentUrl":"https:\/\/www.spasixhours.com\/wp-content\/uploads\/2022\/03\/Logo_SpaSixHours-1.png","width":333,"height":144,"caption":"Spa Six Hours"},"image":{"@id":"https:\/\/www.spasixhours.com\/#\/schema\/logo\/image\/"}}]}},"_links":{"self":[{"href":"https:\/\/www.spasixhours.com\/fr\/wp-json\/wp\/v2\/pages\/7892","targetHints":{"allow":["GET"]}}],"collection":[{"href":"https:\/\/www.spasixhours.com\/fr\/wp-json\/wp\/v2\/pages"}],"about":[{"href":"https:\/\/www.spasixhours.com\/fr\/wp-json\/wp\/v2\/types\/page"}],"author":[{"embeddable":true,"href":"https:\/\/www.spasixhours.com\/fr\/wp-json\/wp\/v2\/users\/2"}],"replies":[{"embeddable":true,"href":"https:\/\/www.spasixhours.com\/fr\/wp-json\/wp\/v2\/comments?post=7892"}],"version-history":[{"count":61,"href":"https:\/\/www.spasixhours.com\/fr\/wp-json\/wp\/v2\/pages\/7892\/revisions"}],"predecessor-version":[{"id":9161,"href":"https:\/\/www.spasixhours.com\/fr\/wp-json\/wp\/v2\/pages\/7892\/revisions\/9161"}],"wp:featuredmedia":[{"embeddable":true,"href":"https:\/\/www.spasixhours.com\/fr\/wp-json\/wp\/v2\/media\/7894"}],"wp:attachment":[{"href":"https:\/\/www.spasixhours.com\/fr\/wp-json\/wp\/v2\/media?parent=7892"}],"curies":[{"name":"wp","href":"https:\/\/api.w.org\/{rel}","templated":true}]}}