{"id":8554,"date":"2025-07-02T13:00:01","date_gmt":"2025-07-02T11:00:01","guid":{"rendered":"https:\/\/www.spasixhours.com\/?page_id=8554"},"modified":"2026-03-11T16:37:43","modified_gmt":"2026-03-11T15:37:43","slug":"est-ce-que-cest-bientot-les-spa-six-hours","status":"publish","type":"page","link":"https:\/\/www.spasixhours.com\/fr\/est-ce-que-cest-bientot-les-spa-six-hours\/","title":{"rendered":"Est-ce que c&rsquo;est bient\u00f4t les Spa Six Hours?"},"content":{"rendered":"\t\t<div data-elementor-type=\"wp-page\" data-elementor-id=\"8554\" class=\"elementor elementor-8554\" data-elementor-post-type=\"page\">\n\t\t\t\t\t\t<section class=\"elementor-section elementor-top-section elementor-element elementor-element-4d63a2c elementor-section-stretched elementor-section-height-min-height elementor-section-boxed elementor-section-height-default elementor-section-items-middle\" data-id=\"4d63a2c\" data-element_type=\"section\" data-e-type=\"section\" data-settings=\"{&quot;stretch_section&quot;:&quot;section-stretched&quot;,&quot;background_background&quot;:&quot;classic&quot;}\">\n\t\t\t\t\t\t<div class=\"elementor-container elementor-column-gap-extended\">\n\t\t\t\t\t<div class=\"elementor-column elementor-col-100 elementor-top-column elementor-element elementor-element-96f3d53\" data-id=\"96f3d53\" data-element_type=\"column\" data-e-type=\"column\">\n\t\t\t<div class=\"elementor-widget-wrap elementor-element-populated\">\n\t\t\t\t\t\t<div class=\"elementor-element elementor-element-c895c3b elementor-widget elementor-widget-heading\" data-id=\"c895c3b\" data-element_type=\"widget\" data-e-type=\"widget\" data-widget_type=\"heading.default\">\n\t\t\t\t<div class=\"elementor-widget-container\">\n\t\t\t\t\t<h2 class=\"elementor-heading-title elementor-size-default\">NOT JUST YET\u2026<\/h2>\t\t\t\t<\/div>\n\t\t\t\t<\/div>\n\t\t\t\t<div class=\"elementor-element elementor-element-7a30059 elementor-widget elementor-widget-heading\" data-id=\"7a30059\" data-element_type=\"widget\" data-e-type=\"widget\" data-widget_type=\"heading.default\">\n\t\t\t\t<div class=\"elementor-widget-container\">\n\t\t\t\t\t<h2 class=\"elementor-heading-title elementor-size-default\">BUT IT\u2019S WORTH THE WAIT.<\/h2>\t\t\t\t<\/div>\n\t\t\t\t<\/div>\n\t\t\t\t<div class=\"elementor-element elementor-element-e87bac7 elementor-countdown--label-block elementor-widget elementor-widget-countdown\" data-id=\"e87bac7\" data-element_type=\"widget\" data-e-type=\"widget\" data-widget_type=\"countdown.default\">\n\t\t\t\t<div class=\"elementor-widget-container\">\n\t\t\t\t\t\t\t<div class=\"elementor-countdown-wrapper\" data-date=\"1790319600\">\n\t\t\t<div class=\"elementor-countdown-item\"><span class=\"elementor-countdown-digits elementor-countdown-days\"><\/span> <span class=\"elementor-countdown-label\">Days<\/span><\/div><div class=\"elementor-countdown-item\"><span class=\"elementor-countdown-digits elementor-countdown-hours\"><\/span> <span class=\"elementor-countdown-label\">hours<\/span><\/div><div class=\"elementor-countdown-item\"><span class=\"elementor-countdown-digits elementor-countdown-minutes\"><\/span> <span class=\"elementor-countdown-label\">Minutes<\/span><\/div><div class=\"elementor-countdown-item\"><span class=\"elementor-countdown-digits elementor-countdown-seconds\"><\/span> <span class=\"elementor-countdown-label\">Seconds<\/span><\/div>\t\t<\/div>\n\t\t\t\t\t\t<\/div>\n\t\t\t\t<\/div>\n\t\t\t\t<div class=\"elementor-element elementor-element-4b53a76 elementor-align-center elementor-widget elementor-widget-button\" data-id=\"4b53a76\" data-element_type=\"widget\" data-e-type=\"widget\" data-widget_type=\"button.default\">\n\t\t\t\t<div class=\"elementor-widget-container\">\n\t\t\t\t\t\t\t\t\t<div class=\"elementor-button-wrapper\">\n\t\t\t\t\t<a class=\"elementor-button elementor-button-link elementor-size-sm\" href=\"https:\/\/www.spasixhours.com\/billetterie\/\">\n\t\t\t\t\t\t<span class=\"elementor-button-content-wrapper\">\n\t\t\t\t\t\t\t\t\t<span class=\"elementor-button-text\">Grab your tickets<\/span>\n\t\t\t\t\t<\/span>\n\t\t\t\t\t<\/a>\n\t\t\t\t<\/div>\n\t\t\t\t\t\t\t\t<\/div>\n\t\t\t\t<\/div>\n\t\t\t\t<div class=\"elementor-element elementor-element-b48283f elementor-widget elementor-widget-image\" data-id=\"b48283f\" data-element_type=\"widget\" data-e-type=\"widget\" data-widget_type=\"image.default\">\n\t\t\t\t<div class=\"elementor-widget-container\">\n\t\t\t\t\t\t\t\t\t\t\t\t\t\t\t<img fetchpriority=\"high\" decoding=\"async\" width=\"800\" height=\"800\" src=\"https:\/\/www.spasixhours.com\/wp-content\/uploads\/2025\/07\/SpaSixHours-Logo7-1024x1024.png\" class=\"attachment-large size-large wp-image-8593\" alt=\"\" srcset=\"https:\/\/www.spasixhours.com\/wp-content\/uploads\/2025\/07\/SpaSixHours-Logo7-1024x1024.png 1024w, https:\/\/www.spasixhours.com\/wp-content\/uploads\/2025\/07\/SpaSixHours-Logo7-300x300.png 300w, https:\/\/www.spasixhours.com\/wp-content\/uploads\/2025\/07\/SpaSixHours-Logo7-150x150.png 150w, https:\/\/www.spasixhours.com\/wp-content\/uploads\/2025\/07\/SpaSixHours-Logo7-768x768.png 768w, https:\/\/www.spasixhours.com\/wp-content\/uploads\/2025\/07\/SpaSixHours-Logo7-12x12.png 12w, https:\/\/www.spasixhours.com\/wp-content\/uploads\/2025\/07\/SpaSixHours-Logo7.png 1200w\" sizes=\"(max-width: 800px) 100vw, 800px\" \/>\t\t\t\t\t\t\t\t\t\t\t\t\t\t\t<\/div>\n\t\t\t\t<\/div>\n\t\t\t\t\t<\/div>\n\t\t<\/div>\n\t\t\t\t\t<\/div>\n\t\t<\/section>\n\t\t\t\t<\/div>\n\t\t","protected":false},"excerpt":{"rendered":"<p>Est-ce que c&rsquo;est bient\u00f4t les Spa Six Hours?<\/p>\n","protected":false},"author":2,"featured_media":8567,"parent":0,"menu_order":0,"comment_status":"closed","ping_status":"closed","template":"","meta":{"footnotes":""},"class_list":["post-8554","page","type-page","status-publish","has-post-thumbnail","hentry"],"yoast_head":"<!-- This site is optimized with the Yoast SEO plugin v27.5 - https:\/\/yoast.com\/product\/yoast-seo-wordpress\/ -->\n<title>Est-ce que c&#039;est bient\u00f4t les Spa Six Hours? - Spa Six Hours<\/title>\n<meta name=\"description\" content=\"Vivez une exp\u00e9rience de course automobile inoubliable lors des Spa Six Hours ! Assistez \u00e0 l&#039;\u00e9v\u00e9nement phare de la saison avec les meilleurs pilotes et \u00e9quipes du monde entier. R\u00e9servez vos billets d\u00e8s maintenant et rejoignez-nous pour une journ\u00e9e d&#039;adr\u00e9naline sur le circuit de Spa-Francorchamps en Belgique.\" \/>\n<meta name=\"robots\" content=\"index, follow, max-snippet:-1, max-image-preview:large, max-video-preview:-1\" \/>\n<link rel=\"canonical\" href=\"https:\/\/www.spasixhours.com\/fr\/est-ce-que-cest-bientot-les-spa-six-hours\/\" \/>\n<meta property=\"og:locale\" content=\"fr_FR\" \/>\n<meta property=\"og:type\" content=\"article\" \/>\n<meta property=\"og:title\" content=\"Est-ce que c&#039;est bient\u00f4t les Spa Six Hours? - Spa Six Hours\" \/>\n<meta property=\"og:description\" content=\"Vivez une exp\u00e9rience de course automobile inoubliable lors des Spa Six Hours ! Assistez \u00e0 l&#039;\u00e9v\u00e9nement phare de la saison avec les meilleurs pilotes et \u00e9quipes du monde entier. R\u00e9servez vos billets d\u00e8s maintenant et rejoignez-nous pour une journ\u00e9e d&#039;adr\u00e9naline sur le circuit de Spa-Francorchamps en Belgique.\" \/>\n<meta property=\"og:url\" content=\"https:\/\/www.spasixhours.com\/fr\/est-ce-que-cest-bientot-les-spa-six-hours\/\" \/>\n<meta property=\"og:site_name\" content=\"Spa Six Hours\" \/>\n<meta property=\"article:modified_time\" content=\"2026-03-11T15:37:43+00:00\" \/>\n<meta property=\"og:image\" content=\"https:\/\/www.spasixhours.com\/wp-content\/uploads\/2025\/07\/isit.webp\" \/>\n\t<meta property=\"og:image:width\" content=\"1067\" \/>\n\t<meta property=\"og:image:height\" content=\"800\" \/>\n\t<meta property=\"og:image:type\" content=\"image\/webp\" \/>\n<meta name=\"twitter:card\" content=\"summary_large_image\" \/>\n<meta name=\"twitter:label1\" content=\"Dur\u00e9e de lecture estim\u00e9e\" \/>\n\t<meta name=\"twitter:data1\" content=\"1 minute\" \/>\n<script type=\"application\/ld+json\" class=\"yoast-schema-graph\">{\"@context\":\"https:\\\/\\\/schema.org\",\"@graph\":[{\"@type\":\"WebPage\",\"@id\":\"https:\\\/\\\/www.spasixhours.com\\\/fr\\\/est-ce-que-cest-bientot-les-spa-six-hours\\\/\",\"url\":\"https:\\\/\\\/www.spasixhours.com\\\/fr\\\/est-ce-que-cest-bientot-les-spa-six-hours\\\/\",\"name\":\"Est-ce que c'est bient\u00f4t les Spa Six Hours? - Spa Six Hours\",\"isPartOf\":{\"@id\":\"https:\\\/\\\/www.spasixhours.com\\\/#website\"},\"primaryImageOfPage\":{\"@id\":\"https:\\\/\\\/www.spasixhours.com\\\/fr\\\/est-ce-que-cest-bientot-les-spa-six-hours\\\/#primaryimage\"},\"image\":{\"@id\":\"https:\\\/\\\/www.spasixhours.com\\\/fr\\\/est-ce-que-cest-bientot-les-spa-six-hours\\\/#primaryimage\"},\"thumbnailUrl\":\"https:\\\/\\\/www.spasixhours.com\\\/wp-content\\\/uploads\\\/2025\\\/07\\\/isit.webp\",\"datePublished\":\"2025-07-02T11:00:01+00:00\",\"dateModified\":\"2026-03-11T15:37:43+00:00\",\"description\":\"Vivez une exp\u00e9rience de course automobile inoubliable lors des Spa Six Hours ! Assistez \u00e0 l'\u00e9v\u00e9nement phare de la saison avec les meilleurs pilotes et \u00e9quipes du monde entier. R\u00e9servez vos billets d\u00e8s maintenant et rejoignez-nous pour une journ\u00e9e d'adr\u00e9naline sur le circuit de Spa-Francorchamps en Belgique.\",\"breadcrumb\":{\"@id\":\"https:\\\/\\\/www.spasixhours.com\\\/fr\\\/est-ce-que-cest-bientot-les-spa-six-hours\\\/#breadcrumb\"},\"inLanguage\":\"fr-FR\",\"potentialAction\":[{\"@type\":\"ReadAction\",\"target\":[\"https:\\\/\\\/www.spasixhours.com\\\/fr\\\/est-ce-que-cest-bientot-les-spa-six-hours\\\/\"]}]},{\"@type\":\"ImageObject\",\"inLanguage\":\"fr-FR\",\"@id\":\"https:\\\/\\\/www.spasixhours.com\\\/fr\\\/est-ce-que-cest-bientot-les-spa-six-hours\\\/#primaryimage\",\"url\":\"https:\\\/\\\/www.spasixhours.com\\\/wp-content\\\/uploads\\\/2025\\\/07\\\/isit.webp\",\"contentUrl\":\"https:\\\/\\\/www.spasixhours.com\\\/wp-content\\\/uploads\\\/2025\\\/07\\\/isit.webp\",\"width\":1067,\"height\":800},{\"@type\":\"BreadcrumbList\",\"@id\":\"https:\\\/\\\/www.spasixhours.com\\\/fr\\\/est-ce-que-cest-bientot-les-spa-six-hours\\\/#breadcrumb\",\"itemListElement\":[{\"@type\":\"ListItem\",\"position\":1,\"name\":\"Accueil\",\"item\":\"https:\\\/\\\/www.spasixhours.com\\\/\"},{\"@type\":\"ListItem\",\"position\":2,\"name\":\"Est-ce que c&rsquo;est bient\u00f4t les Spa Six Hours?\"}]},{\"@type\":\"WebSite\",\"@id\":\"https:\\\/\\\/www.spasixhours.com\\\/#website\",\"url\":\"https:\\\/\\\/www.spasixhours.com\\\/\",\"name\":\"Spa Six Hours\",\"description\":\"The Sound of History\",\"publisher\":{\"@id\":\"https:\\\/\\\/www.spasixhours.com\\\/#organization\"},\"potentialAction\":[{\"@type\":\"SearchAction\",\"target\":{\"@type\":\"EntryPoint\",\"urlTemplate\":\"https:\\\/\\\/www.spasixhours.com\\\/?s={search_term_string}\"},\"query-input\":{\"@type\":\"PropertyValueSpecification\",\"valueRequired\":true,\"valueName\":\"search_term_string\"}}],\"inLanguage\":\"fr-FR\"},{\"@type\":\"Organization\",\"@id\":\"https:\\\/\\\/www.spasixhours.com\\\/#organization\",\"name\":\"Spa Six Hours\",\"url\":\"https:\\\/\\\/www.spasixhours.com\\\/\",\"logo\":{\"@type\":\"ImageObject\",\"inLanguage\":\"fr-FR\",\"@id\":\"https:\\\/\\\/www.spasixhours.com\\\/#\\\/schema\\\/logo\\\/image\\\/\",\"url\":\"https:\\\/\\\/www.spasixhours.com\\\/wp-content\\\/uploads\\\/2022\\\/03\\\/Logo_SpaSixHours-1.png\",\"contentUrl\":\"https:\\\/\\\/www.spasixhours.com\\\/wp-content\\\/uploads\\\/2022\\\/03\\\/Logo_SpaSixHours-1.png\",\"width\":333,\"height\":144,\"caption\":\"Spa Six Hours\"},\"image\":{\"@id\":\"https:\\\/\\\/www.spasixhours.com\\\/#\\\/schema\\\/logo\\\/image\\\/\"}}]}<\/script>\n<!-- \/ Yoast SEO plugin. -->","yoast_head_json":{"title":"Est-ce que c'est bient\u00f4t les Spa Six Hours? - Spa Six Hours","description":"Vivez une exp\u00e9rience de course automobile inoubliable lors des Spa Six Hours ! Assistez \u00e0 l'\u00e9v\u00e9nement phare de la saison avec les meilleurs pilotes et \u00e9quipes du monde entier. R\u00e9servez vos billets d\u00e8s maintenant et rejoignez-nous pour une journ\u00e9e d'adr\u00e9naline sur le circuit de Spa-Francorchamps en Belgique.","robots":{"index":"index","follow":"follow","max-snippet":"max-snippet:-1","max-image-preview":"max-image-preview:large","max-video-preview":"max-video-preview:-1"},"canonical":"https:\/\/www.spasixhours.com\/fr\/est-ce-que-cest-bientot-les-spa-six-hours\/","og_locale":"fr_FR","og_type":"article","og_title":"Est-ce que c'est bient\u00f4t les Spa Six Hours? - Spa Six Hours","og_description":"Vivez une exp\u00e9rience de course automobile inoubliable lors des Spa Six Hours ! Assistez \u00e0 l'\u00e9v\u00e9nement phare de la saison avec les meilleurs pilotes et \u00e9quipes du monde entier. R\u00e9servez vos billets d\u00e8s maintenant et rejoignez-nous pour une journ\u00e9e d'adr\u00e9naline sur le circuit de Spa-Francorchamps en Belgique.","og_url":"https:\/\/www.spasixhours.com\/fr\/est-ce-que-cest-bientot-les-spa-six-hours\/","og_site_name":"Spa Six Hours","article_modified_time":"2026-03-11T15:37:43+00:00","og_image":[{"width":1067,"height":800,"url":"https:\/\/www.spasixhours.com\/wp-content\/uploads\/2025\/07\/isit.webp","type":"image\/webp"}],"twitter_card":"summary_large_image","twitter_misc":{"Dur\u00e9e de lecture estim\u00e9e":"1 minute"},"schema":{"@context":"https:\/\/schema.org","@graph":[{"@type":"WebPage","@id":"https:\/\/www.spasixhours.com\/fr\/est-ce-que-cest-bientot-les-spa-six-hours\/","url":"https:\/\/www.spasixhours.com\/fr\/est-ce-que-cest-bientot-les-spa-six-hours\/","name":"Est-ce que c'est bient\u00f4t les Spa Six Hours? - Spa Six Hours","isPartOf":{"@id":"https:\/\/www.spasixhours.com\/#website"},"primaryImageOfPage":{"@id":"https:\/\/www.spasixhours.com\/fr\/est-ce-que-cest-bientot-les-spa-six-hours\/#primaryimage"},"image":{"@id":"https:\/\/www.spasixhours.com\/fr\/est-ce-que-cest-bientot-les-spa-six-hours\/#primaryimage"},"thumbnailUrl":"https:\/\/www.spasixhours.com\/wp-content\/uploads\/2025\/07\/isit.webp","datePublished":"2025-07-02T11:00:01+00:00","dateModified":"2026-03-11T15:37:43+00:00","description":"Vivez une exp\u00e9rience de course automobile inoubliable lors des Spa Six Hours ! Assistez \u00e0 l'\u00e9v\u00e9nement phare de la saison avec les meilleurs pilotes et \u00e9quipes du monde entier. R\u00e9servez vos billets d\u00e8s maintenant et rejoignez-nous pour une journ\u00e9e d'adr\u00e9naline sur le circuit de Spa-Francorchamps en Belgique.","breadcrumb":{"@id":"https:\/\/www.spasixhours.com\/fr\/est-ce-que-cest-bientot-les-spa-six-hours\/#breadcrumb"},"inLanguage":"fr-FR","potentialAction":[{"@type":"ReadAction","target":["https:\/\/www.spasixhours.com\/fr\/est-ce-que-cest-bientot-les-spa-six-hours\/"]}]},{"@type":"ImageObject","inLanguage":"fr-FR","@id":"https:\/\/www.spasixhours.com\/fr\/est-ce-que-cest-bientot-les-spa-six-hours\/#primaryimage","url":"https:\/\/www.spasixhours.com\/wp-content\/uploads\/2025\/07\/isit.webp","contentUrl":"https:\/\/www.spasixhours.com\/wp-content\/uploads\/2025\/07\/isit.webp","width":1067,"height":800},{"@type":"BreadcrumbList","@id":"https:\/\/www.spasixhours.com\/fr\/est-ce-que-cest-bientot-les-spa-six-hours\/#breadcrumb","itemListElement":[{"@type":"ListItem","position":1,"name":"Accueil","item":"https:\/\/www.spasixhours.com\/"},{"@type":"ListItem","position":2,"name":"Est-ce que c&rsquo;est bient\u00f4t les Spa Six Hours?"}]},{"@type":"WebSite","@id":"https:\/\/www.spasixhours.com\/#website","url":"https:\/\/www.spasixhours.com\/","name":"Spa Six Hours","description":"The Sound of History","publisher":{"@id":"https:\/\/www.spasixhours.com\/#organization"},"potentialAction":[{"@type":"SearchAction","target":{"@type":"EntryPoint","urlTemplate":"https:\/\/www.spasixhours.com\/?s={search_term_string}"},"query-input":{"@type":"PropertyValueSpecification","valueRequired":true,"valueName":"search_term_string"}}],"inLanguage":"fr-FR"},{"@type":"Organization","@id":"https:\/\/www.spasixhours.com\/#organization","name":"Spa Six Hours","url":"https:\/\/www.spasixhours.com\/","logo":{"@type":"ImageObject","inLanguage":"fr-FR","@id":"https:\/\/www.spasixhours.com\/#\/schema\/logo\/image\/","url":"https:\/\/www.spasixhours.com\/wp-content\/uploads\/2022\/03\/Logo_SpaSixHours-1.png","contentUrl":"https:\/\/www.spasixhours.com\/wp-content\/uploads\/2022\/03\/Logo_SpaSixHours-1.png","width":333,"height":144,"caption":"Spa Six Hours"},"image":{"@id":"https:\/\/www.spasixhours.com\/#\/schema\/logo\/image\/"}}]}},"_links":{"self":[{"href":"https:\/\/www.spasixhours.com\/fr\/wp-json\/wp\/v2\/pages\/8554","targetHints":{"allow":["GET"]}}],"collection":[{"href":"https:\/\/www.spasixhours.com\/fr\/wp-json\/wp\/v2\/pages"}],"about":[{"href":"https:\/\/www.spasixhours.com\/fr\/wp-json\/wp\/v2\/types\/page"}],"author":[{"embeddable":true,"href":"https:\/\/www.spasixhours.com\/fr\/wp-json\/wp\/v2\/users\/2"}],"replies":[{"embeddable":true,"href":"https:\/\/www.spasixhours.com\/fr\/wp-json\/wp\/v2\/comments?post=8554"}],"version-history":[{"count":50,"href":"https:\/\/www.spasixhours.com\/fr\/wp-json\/wp\/v2\/pages\/8554\/revisions"}],"predecessor-version":[{"id":9135,"href":"https:\/\/www.spasixhours.com\/fr\/wp-json\/wp\/v2\/pages\/8554\/revisions\/9135"}],"wp:featuredmedia":[{"embeddable":true,"href":"https:\/\/www.spasixhours.com\/fr\/wp-json\/wp\/v2\/media\/8567"}],"wp:attachment":[{"href":"https:\/\/www.spasixhours.com\/fr\/wp-json\/wp\/v2\/media?parent=8554"}],"curies":[{"name":"wp","href":"https:\/\/api.w.org\/{rel}","templated":true}]}}